{"id":2502,"date":"2024-12-19T15:32:00","date_gmt":"2024-12-19T13:32:00","guid":{"rendered":"https:\/\/cosmoflag.com\/?post_type=product&#038;p=2502"},"modified":"2025-08-12T21:20:31","modified_gmt":"2025-08-12T19:20:31","slug":"tennessee-flagg","status":"publish","type":"product","link":"https:\/\/cosmoflag.com\/nb\/produkt\/tennessee-flagg\/","title":{"rendered":"Tennessees flagg"},"content":{"rendered":"<h3><strong>Tennessee Flag Features<\/strong><\/h3>\n<p>Tennessee-flagget v\u00e5rt er laget av f\u00f8rsteklasses polyester, noe som sikrer utmerket holdbarhet for b\u00e5de innend\u00f8rs og utend\u00f8rs bruk. Det har metallgjennomf\u00f8ringer for enkel montering og sikkert feste, selv under utfordrende v\u00e6rforhold. Med m\u00e5lene 90 x 150 cm gir dette flagget enest\u00e5ende synlighet p\u00e5 stolper, vegger eller under offentlige feiringer.<\/p>\n<h3><strong>Et symbol p\u00e5 arv og samhold<\/strong><\/h3>\n<p>Tennessees delstatsflagg, som ble offisielt vedtatt i 1905, har et sl\u00e5ende r\u00f8dt felt med en bl\u00e5 bjelke i den \u00f8vre enden. I midten omslutter en bl\u00e5 sirkel tre hvite stjerner, som representerer delstatens tre distinkte geografiske regioner - \u00d8st-, Midt- og Vest-Tennessee - forent som \u00e9n. Flagget er designet av oberst LeRoy Reeves, og symboliserer Tennessees rike historie, kultur og samhold.<\/p>\n<h3><strong>Allsidig bruk<\/strong><\/h3>\n<p>Tennessee-flagget er perfekt for delstatsfeiringer, kulturelle arrangementer, utdanningsform\u00e5l eller som en del av en personlig samling, og det er en meningsfull representasjon av delstatens identitet og stolthet. De blekningsbestandige fargene og den robuste designen s\u00f8rger for at flagget forblir levende og virkningsfullt over tid.<\/p>","protected":false},"excerpt":{"rendered":"<p>150 x 90 cm stort flagg med 2 solide metallgjennomf\u00f8ringer for sikker opphengning.<\/p>","protected":false},"featured_media":1709,"comment_status":"open","ping_status":"closed","template":"","meta":{"_gspb_post_css":"","iawp_total_views":5},"product_brand":[],"product_cat":[72,70],"product_tag":[],"class_list":{"0":"post-2502","1":"product","2":"type-product","3":"status-publish","4":"has-post-thumbnail","6":"product_cat-american-state-flags","7":"product_cat-regional-flags","9":"first","10":"instock","11":"sale","12":"shipping-taxable","13":"purchasable","14":"product-type-simple"},"_links":{"self":[{"href":"https:\/\/cosmoflag.com\/nb\/wp-json\/wp\/v2\/product\/2502","targetHints":{"allow":["GET"]}}],"collection":[{"href":"https:\/\/cosmoflag.com\/nb\/wp-json\/wp\/v2\/product"}],"about":[{"href":"https:\/\/cosmoflag.com\/nb\/wp-json\/wp\/v2\/types\/product"}],"replies":[{"embeddable":true,"href":"https:\/\/cosmoflag.com\/nb\/wp-json\/wp\/v2\/comments?post=2502"}],"wp:featuredmedia":[{"embeddable":true,"href":"https:\/\/cosmoflag.com\/nb\/wp-json\/wp\/v2\/media\/1709"}],"wp:attachment":[{"href":"https:\/\/cosmoflag.com\/nb\/wp-json\/wp\/v2\/media?parent=2502"}],"wp:term":[{"taxonomy":"product_brand","embeddable":true,"href":"https:\/\/cosmoflag.com\/nb\/wp-json\/wp\/v2\/product_brand?post=2502"},{"taxonomy":"product_cat","embeddable":true,"href":"https:\/\/cosmoflag.com\/nb\/wp-json\/wp\/v2\/product_cat?post=2502"},{"taxonomy":"product_tag","embeddable":true,"href":"https:\/\/cosmoflag.com\/nb\/wp-json\/wp\/v2\/product_tag?post=2502"}],"curies":[{"name":"wp","href":"https:\/\/api.w.org\/{rel}","templated":true}]}}