{"id":2499,"date":"2024-12-19T14:48:00","date_gmt":"2024-12-19T12:48:00","guid":{"rendered":"https:\/\/cosmoflag.com\/?post_type=product&#038;p=2499"},"modified":"2025-08-12T21:20:35","modified_gmt":"2025-08-12T19:20:35","slug":"turkmenistans-flagg","status":"publish","type":"product","link":"https:\/\/cosmoflag.com\/nb\/produkt\/turkmenistans-flagg\/","title":{"rendered":"Turkmenistans flagg"},"content":{"rendered":"<h3><strong>Turkmenistans flagg funksjoner<\/strong><\/h3>\n<p>V\u00e5rt Turkmenistan-flagg er laget av f\u00f8rsteklasses polyester, noe som sikrer utmerket holdbarhet for langvarig bruk innend\u00f8rs og utend\u00f8rs. Det har metallgjennomf\u00f8ringer for enkel montering og sikkert feste, selv under utfordrende v\u00e6rforhold. Med m\u00e5lene 90 x 150 cm er dette flagget sv\u00e6rt synlig og kan brukes p\u00e5 stolper, vegger eller under nasjonale arrangementer.<\/p>\n<h3><strong>Et unikt symbol p\u00e5 kultur og identitet<\/strong><\/h3>\n<p>Turkmenistans flagg, som ble offisielt vedtatt i 1992, er et av de mest intrikate nasjonalflaggene i verden. Det gr\u00f8nne feltet representerer islam og nasjonens arv, mens den vertikale r\u00f8de stripen n\u00e6r flaggheisen inneholder fem tradisjonelle teppem\u00f8nstre som symboliserer de fem hovedstammene i Turkmenistan. Halvm\u00e5nen og de fem hvite stjernene representerer h\u00e5p og samholdet mellom regionene. Sammen gjenspeiler disse elementene Turkmenistans rike historie og kulturelle stolthet.<\/p>\n<h3><strong>Allsidig bruk<\/strong><\/h3>\n<p>Turkmenistans flagg er perfekt til nasjonale feiringer, kulturelle arrangementer, utdanningsform\u00e5l eller som en del av en personlig samling, og det er en meningsfull representasjon av landets identitet. Den robuste designen og de blekningsresistente fargene s\u00f8rger for at det forblir levende og effektfullt over tid.<\/p>","protected":false},"excerpt":{"rendered":"<p>150 x 90 cm stort flagg med 2 solide metallgjennomf\u00f8ringer for sikker opphengning.<\/p>","protected":false},"featured_media":1742,"comment_status":"open","ping_status":"closed","template":"","meta":{"_gspb_post_css":"","iawp_total_views":3},"product_brand":[],"product_cat":[64,58],"product_tag":[],"class_list":{"0":"post-2499","1":"product","2":"type-product","3":"status-publish","4":"has-post-thumbnail","6":"product_cat-asia-flags","7":"product_cat-country-flags","9":"first","10":"instock","11":"sale","12":"shipping-taxable","13":"purchasable","14":"product-type-simple"},"_links":{"self":[{"href":"https:\/\/cosmoflag.com\/nb\/wp-json\/wp\/v2\/product\/2499","targetHints":{"allow":["GET"]}}],"collection":[{"href":"https:\/\/cosmoflag.com\/nb\/wp-json\/wp\/v2\/product"}],"about":[{"href":"https:\/\/cosmoflag.com\/nb\/wp-json\/wp\/v2\/types\/product"}],"replies":[{"embeddable":true,"href":"https:\/\/cosmoflag.com\/nb\/wp-json\/wp\/v2\/comments?post=2499"}],"wp:featuredmedia":[{"embeddable":true,"href":"https:\/\/cosmoflag.com\/nb\/wp-json\/wp\/v2\/media\/1742"}],"wp:attachment":[{"href":"https:\/\/cosmoflag.com\/nb\/wp-json\/wp\/v2\/media?parent=2499"}],"wp:term":[{"taxonomy":"product_brand","embeddable":true,"href":"https:\/\/cosmoflag.com\/nb\/wp-json\/wp\/v2\/product_brand?post=2499"},{"taxonomy":"product_cat","embeddable":true,"href":"https:\/\/cosmoflag.com\/nb\/wp-json\/wp\/v2\/product_cat?post=2499"},{"taxonomy":"product_tag","embeddable":true,"href":"https:\/\/cosmoflag.com\/nb\/wp-json\/wp\/v2\/product_tag?post=2499"}],"curies":[{"name":"wp","href":"https:\/\/api.w.org\/{rel}","templated":true}]}}