{"id":2498,"date":"2024-12-19T14:45:00","date_gmt":"2024-12-19T12:45:00","guid":{"rendered":"https:\/\/cosmoflag.com\/?post_type=product&#038;p=2498"},"modified":"2025-08-12T21:20:36","modified_gmt":"2025-08-12T19:20:36","slug":"vatikanets-byflagg","status":"publish","type":"product","link":"https:\/\/cosmoflag.com\/nb\/produkt\/vatikanets-byflagg\/","title":{"rendered":"Vatikanstatens flagg"},"content":{"rendered":"<h3><strong>Vatikanstaten Flagg Egenskaper<\/strong><\/h3>\n<p>Vatikanstaten-flagget v\u00e5rt er laget av f\u00f8rsteklasses polyester, noe som sikrer holdbarhet for langvarig bruk b\u00e5de innend\u00f8rs og utend\u00f8rs. Det inkluderer metallgjennomf\u00f8ringer for enkel montering og sikkert feste, selv under ugunstige v\u00e6rforhold. Med m\u00e5lene 90 x 150 cm er dette flagget godt synlig p\u00e5 stolper, vegger eller ved religi\u00f8se feiringer.<\/p>\n<h3><strong>Et symbol p\u00e5 tro og suverenitet<\/strong><\/h3>\n<p>Vatikanstatens flagg, som ble offisielt vedtatt i 1929, har to vertikale b\u00e5nd i gult og hvitt. Den hvite siden inneholder Peters korslagte n\u00f8kler og den pavelige tiaraen, som symboliserer pavemaktens autoritet og den katolske kirken. Det gule symboliserer \u00e5ndelig kraft, mens det hvite symboliserer renhet og tro. Denne hellige designen gjenspeiler den unike identiteten til Vatikanet, verdens minste uavhengige stat.<\/p>\n<h3><strong>Allsidig bruk<\/strong><\/h3>\n<p>Vatikanstatens flagg er perfekt for religi\u00f8se arrangementer, kulturelle feiringer, utdanningsform\u00e5l eller som en del av en personlig samling, og det er en meningsfull representasjon av tro og tradisjon. Den robuste designen og de blekningsbestandige fargene s\u00f8rger for at flagget beholder sin symbolske betydning og visuelle effekt over tid.<\/p>","protected":false},"excerpt":{"rendered":"<p>150 x 90 cm stort flagg med 2 solide metallgjennomf\u00f8ringer for sikker opphengning.<\/p>","protected":false},"featured_media":1748,"comment_status":"open","ping_status":"closed","template":"","meta":{"_gspb_post_css":"","iawp_total_views":10},"product_brand":[],"product_cat":[65,58],"product_tag":[],"class_list":{"0":"post-2498","1":"product","2":"type-product","3":"status-publish","4":"has-post-thumbnail","6":"product_cat-europe-flags","7":"product_cat-country-flags","9":"first","10":"instock","11":"sale","12":"shipping-taxable","13":"purchasable","14":"product-type-simple"},"_links":{"self":[{"href":"https:\/\/cosmoflag.com\/nb\/wp-json\/wp\/v2\/product\/2498","targetHints":{"allow":["GET"]}}],"collection":[{"href":"https:\/\/cosmoflag.com\/nb\/wp-json\/wp\/v2\/product"}],"about":[{"href":"https:\/\/cosmoflag.com\/nb\/wp-json\/wp\/v2\/types\/product"}],"replies":[{"embeddable":true,"href":"https:\/\/cosmoflag.com\/nb\/wp-json\/wp\/v2\/comments?post=2498"}],"wp:featuredmedia":[{"embeddable":true,"href":"https:\/\/cosmoflag.com\/nb\/wp-json\/wp\/v2\/media\/1748"}],"wp:attachment":[{"href":"https:\/\/cosmoflag.com\/nb\/wp-json\/wp\/v2\/media?parent=2498"}],"wp:term":[{"taxonomy":"product_brand","embeddable":true,"href":"https:\/\/cosmoflag.com\/nb\/wp-json\/wp\/v2\/product_brand?post=2498"},{"taxonomy":"product_cat","embeddable":true,"href":"https:\/\/cosmoflag.com\/nb\/wp-json\/wp\/v2\/product_cat?post=2498"},{"taxonomy":"product_tag","embeddable":true,"href":"https:\/\/cosmoflag.com\/nb\/wp-json\/wp\/v2\/product_tag?post=2498"}],"curies":[{"name":"wp","href":"https:\/\/api.w.org\/{rel}","templated":true}]}}