{"id":2494,"date":"2024-12-19T14:31:00","date_gmt":"2024-12-19T12:31:00","guid":{"rendered":"https:\/\/cosmoflag.com\/?post_type=product&#038;p=2494"},"modified":"2025-08-12T21:20:37","modified_gmt":"2025-08-12T19:20:37","slug":"dykkerflagg","status":"publish","type":"product","link":"https:\/\/cosmoflag.com\/nb\/produkt\/dykkerflagg\/","title":{"rendered":"Dykkerflagg"},"content":{"rendered":"<h3><strong>Funksjoner for dykkerflagg<\/strong><\/h3>\n<p>V\u00e5rt dykkerflagg er laget av f\u00f8rsteklasses polyester, noe som sikrer utmerket holdbarhet for bruk b\u00e5de innend\u00f8rs og utend\u00f8rs. Det inkluderer metallgjennomf\u00f8ringer for enkel montering og sikkert feste p\u00e5 stolper eller b\u00e5ter. Flagget m\u00e5ler 90 x 150 cm og er sv\u00e6rt godt synlig, selv p\u00e5 lang avstand, noe som gj\u00f8r det til et viktig sikkerhetsverkt\u00f8y for dykkeraktiviteter.<\/p>\n<h3><strong>Et universelt symbol p\u00e5 sikkerhet<\/strong><\/h3>\n<p>Det r\u00f8de dykkerflagget med en diagonal hvit stripe er et globalt anerkjent symbol for dykking og snorkling. Det signaliserer tilstedev\u00e6relse av dykkere under overflaten og advarer b\u00e5ter og vannscootere i n\u00e6rheten om \u00e5 holde trygg avstand. Dette flagget er et viktig sikkerhetskrav for dykkere, og s\u00f8rger for sikker og respektfull interaksjon med det marine milj\u00f8et.<\/p>\n<h3><strong>Allsidig bruk<\/strong><\/h3>\n<p>Dykkerflagget er perfekt for dykkerb\u00e5ter, private fart\u00f8yer eller dykkeroppl\u00e6ringsprogrammer, og er et must for alle som deltar i undervannsaktiviteter. Den robuste designen og de blekningsbestandige fargene sikrer p\u00e5litelig ytelse og varig synlighet under utfordrende marine forhold.<\/p>","protected":false},"excerpt":{"rendered":"<p>150 x 90 cm stort flagg med 2 solide metallgjennomf\u00f8ringer for sikker opphengning.<\/p>","protected":false},"featured_media":1869,"comment_status":"open","ping_status":"closed","template":"","meta":{"_gspb_post_css":"","iawp_total_views":12},"product_brand":[],"product_cat":[68],"product_tag":[],"class_list":{"0":"post-2494","1":"product","2":"type-product","3":"status-publish","4":"has-post-thumbnail","6":"product_cat-official-flags","8":"first","9":"instock","10":"sale","11":"shipping-taxable","12":"purchasable","13":"product-type-simple"},"_links":{"self":[{"href":"https:\/\/cosmoflag.com\/nb\/wp-json\/wp\/v2\/product\/2494","targetHints":{"allow":["GET"]}}],"collection":[{"href":"https:\/\/cosmoflag.com\/nb\/wp-json\/wp\/v2\/product"}],"about":[{"href":"https:\/\/cosmoflag.com\/nb\/wp-json\/wp\/v2\/types\/product"}],"replies":[{"embeddable":true,"href":"https:\/\/cosmoflag.com\/nb\/wp-json\/wp\/v2\/comments?post=2494"}],"wp:featuredmedia":[{"embeddable":true,"href":"https:\/\/cosmoflag.com\/nb\/wp-json\/wp\/v2\/media\/1869"}],"wp:attachment":[{"href":"https:\/\/cosmoflag.com\/nb\/wp-json\/wp\/v2\/media?parent=2494"}],"wp:term":[{"taxonomy":"product_brand","embeddable":true,"href":"https:\/\/cosmoflag.com\/nb\/wp-json\/wp\/v2\/product_brand?post=2494"},{"taxonomy":"product_cat","embeddable":true,"href":"https:\/\/cosmoflag.com\/nb\/wp-json\/wp\/v2\/product_cat?post=2494"},{"taxonomy":"product_tag","embeddable":true,"href":"https:\/\/cosmoflag.com\/nb\/wp-json\/wp\/v2\/product_tag?post=2494"}],"curies":[{"name":"wp","href":"https:\/\/api.w.org\/{rel}","templated":true}]}}