{"id":2493,"date":"2024-12-19T14:24:00","date_gmt":"2024-12-19T12:24:00","guid":{"rendered":"https:\/\/cosmoflag.com\/?post_type=product&#038;p=2493"},"modified":"2025-08-12T21:20:38","modified_gmt":"2025-08-12T19:20:38","slug":"floridas-delstatsflagg","status":"publish","type":"product","link":"https:\/\/cosmoflag.com\/nb\/produkt\/floridas-delstatsflagg\/","title":{"rendered":"Florida State Flag"},"content":{"rendered":"<h3><strong>Florida State Flag Features<\/strong><\/h3>\n<p>V\u00e5rt Florida-flagg er laget av f\u00f8rsteklasses polyester, som gir utmerket holdbarhet for innend\u00f8rs og utend\u00f8rs bruk. Det inkluderer metallgjennomf\u00f8ringer for enkel montering og sikkert feste, selv under ugunstige v\u00e6rforhold. Med m\u00e5lene 90 x 150 cm sikrer dette flagget enest\u00e5ende synlighet p\u00e5 stolper, vegger eller offentlige feiringer.<\/p>\n<h3><strong>Et symbol p\u00e5 Floridas kulturarv<\/strong><\/h3>\n<p>Floridas delstatsflagg har et hvitt felt med et r\u00f8dt Andreaskors og delstatsseglet i midten. Seglet forestiller en seminolkvinne, en dampb\u00e5t og et frodig naturlandskap, som symboliserer Floridas rike historie, mangfoldige kultur og rike naturressurser. Flagget ble offisielt tatt i bruk i 1900, og det symboliserer solskinnsstatens unike identitet og motstandskraft.<\/p>\n<h3><strong>Allsidig bruk<\/strong><\/h3>\n<p>Floridas delstatsflagg er perfekt til statsfeiringer, kulturelle arrangementer, utdanningsform\u00e5l eller personlige samlinger, og er et meningsfylt tilskudd til ethvert milj\u00f8. De blekningsbestandige fargene og den robuste designen s\u00f8rger for at flagget beholder sin symbolske betydning og visuelle effekt over tid.<\/p>","protected":false},"excerpt":{"rendered":"<p>150 x 90 cm stort flagg med 2 solide metallgjennomf\u00f8ringer for sikker opphengning.<\/p>","protected":false},"featured_media":1918,"comment_status":"open","ping_status":"closed","template":"","meta":{"_gspb_post_css":"","iawp_total_views":0},"product_brand":[],"product_cat":[72,70],"product_tag":[],"class_list":{"0":"post-2493","1":"product","2":"type-product","3":"status-publish","4":"has-post-thumbnail","6":"product_cat-american-state-flags","7":"product_cat-regional-flags","9":"first","10":"instock","11":"sale","12":"shipping-taxable","13":"purchasable","14":"product-type-simple"},"_links":{"self":[{"href":"https:\/\/cosmoflag.com\/nb\/wp-json\/wp\/v2\/product\/2493","targetHints":{"allow":["GET"]}}],"collection":[{"href":"https:\/\/cosmoflag.com\/nb\/wp-json\/wp\/v2\/product"}],"about":[{"href":"https:\/\/cosmoflag.com\/nb\/wp-json\/wp\/v2\/types\/product"}],"replies":[{"embeddable":true,"href":"https:\/\/cosmoflag.com\/nb\/wp-json\/wp\/v2\/comments?post=2493"}],"wp:featuredmedia":[{"embeddable":true,"href":"https:\/\/cosmoflag.com\/nb\/wp-json\/wp\/v2\/media\/1918"}],"wp:attachment":[{"href":"https:\/\/cosmoflag.com\/nb\/wp-json\/wp\/v2\/media?parent=2493"}],"wp:term":[{"taxonomy":"product_brand","embeddable":true,"href":"https:\/\/cosmoflag.com\/nb\/wp-json\/wp\/v2\/product_brand?post=2493"},{"taxonomy":"product_cat","embeddable":true,"href":"https:\/\/cosmoflag.com\/nb\/wp-json\/wp\/v2\/product_cat?post=2493"},{"taxonomy":"product_tag","embeddable":true,"href":"https:\/\/cosmoflag.com\/nb\/wp-json\/wp\/v2\/product_tag?post=2493"}],"curies":[{"name":"wp","href":"https:\/\/api.w.org\/{rel}","templated":true}]}}