{"id":2491,"date":"2024-12-19T14:12:00","date_gmt":"2024-12-19T12:12:00","guid":{"rendered":"https:\/\/cosmoflag.com\/?post_type=product&#038;p=2491"},"modified":"2025-08-12T21:20:38","modified_gmt":"2025-08-12T19:20:38","slug":"franconia-flagg","status":"publish","type":"product","link":"https:\/\/cosmoflag.com\/nb\/produkt\/franconia-flagg\/","title":{"rendered":"Franconia Flag"},"content":{"rendered":"<h3><strong>Franconia Flag Features<\/strong><\/h3>\n<p>V\u00e5rt Franconia-flagg er laget av f\u00f8rsteklasses polyester, noe som sikrer holdbarhet og motstandskraft for b\u00e5de innend\u00f8rs og utend\u00f8rs bruk. Flagget er utstyrt med metallgjennomf\u00f8ringer for enkel montering, noe som gj\u00f8r at det st\u00e5r sikkert selv under ugunstige v\u00e6rforhold. Med m\u00e5lene 90 x 150 cm er dette flagget sv\u00e6rt godt synlig, noe som gj\u00f8r det egnet til bruk p\u00e5 stolper, vegger eller offentlige arrangementer.<\/p>\n<h3><strong>Et symbol p\u00e5 den frankiske arven<\/strong><\/h3>\n<p>Franken-flagget har to horisontale striper - r\u00f8d og hvit - med den ikoniske fr\u00e4nkiske riven (tre hvite pigger p\u00e5 r\u00f8d bakgrunn) p\u00e5 en fremtredende plass. Den frankiske riken er et historisk emblem for regionen, og symboliserer dens identitet, samhold og dype kulturarv. Dette flagget er en stolt representasjon av Franken, en region i S\u00f8r-Tyskland som er rik p\u00e5 tradisjon og historie.<\/p>\n<h3><strong>Allsidig bruk<\/strong><\/h3>\n<p>Franken-flagget er perfekt til regionale feiringer, kulturelle arrangementer, pedagogiske utstillinger eller som en del av en personlig samling, og det er en meningsfull representasjon av frankisk identitet og stolthet. De blekningsbestandige fargene og den robuste designen s\u00f8rger for at flagget forblir levende og virkningsfullt over tid.<\/p>","protected":false},"excerpt":{"rendered":"<p>150 x 90 cm stort flagg med 2 solide metallgjennomf\u00f8ringer for sikker opphengning.<\/p>","protected":false},"featured_media":1932,"comment_status":"open","ping_status":"closed","template":"","meta":{"_gspb_post_css":"","iawp_total_views":3},"product_brand":[],"product_cat":[77,70],"product_tag":[],"class_list":{"0":"post-2491","1":"product","2":"type-product","3":"status-publish","4":"has-post-thumbnail","6":"product_cat-german-state-flags","7":"product_cat-regional-flags","9":"first","10":"instock","11":"sale","12":"shipping-taxable","13":"purchasable","14":"product-type-simple"},"_links":{"self":[{"href":"https:\/\/cosmoflag.com\/nb\/wp-json\/wp\/v2\/product\/2491","targetHints":{"allow":["GET"]}}],"collection":[{"href":"https:\/\/cosmoflag.com\/nb\/wp-json\/wp\/v2\/product"}],"about":[{"href":"https:\/\/cosmoflag.com\/nb\/wp-json\/wp\/v2\/types\/product"}],"replies":[{"embeddable":true,"href":"https:\/\/cosmoflag.com\/nb\/wp-json\/wp\/v2\/comments?post=2491"}],"wp:featuredmedia":[{"embeddable":true,"href":"https:\/\/cosmoflag.com\/nb\/wp-json\/wp\/v2\/media\/1932"}],"wp:attachment":[{"href":"https:\/\/cosmoflag.com\/nb\/wp-json\/wp\/v2\/media?parent=2491"}],"wp:term":[{"taxonomy":"product_brand","embeddable":true,"href":"https:\/\/cosmoflag.com\/nb\/wp-json\/wp\/v2\/product_brand?post=2491"},{"taxonomy":"product_cat","embeddable":true,"href":"https:\/\/cosmoflag.com\/nb\/wp-json\/wp\/v2\/product_cat?post=2491"},{"taxonomy":"product_tag","embeddable":true,"href":"https:\/\/cosmoflag.com\/nb\/wp-json\/wp\/v2\/product_tag?post=2491"}],"curies":[{"name":"wp","href":"https:\/\/api.w.org\/{rel}","templated":true}]}}