{"id":2489,"date":"2024-12-19T14:09:00","date_gmt":"2024-12-19T12:09:00","guid":{"rendered":"https:\/\/cosmoflag.com\/?post_type=product&#038;p=2489"},"modified":"2025-08-12T21:20:38","modified_gmt":"2025-08-12T19:20:38","slug":"gabons-flagg","status":"publish","type":"product","link":"https:\/\/cosmoflag.com\/nb\/produkt\/gabons-flagg\/","title":{"rendered":"Gabons flagg"},"content":{"rendered":"<h3><strong>Gabons flagg funksjoner<\/strong><\/h3>\n<p>V\u00e5rt Gabon-flagg er laget av polyester av h\u00f8y kvalitet, noe som sikrer holdbarhet b\u00e5de innend\u00f8rs og utend\u00f8rs. Det inkluderer metallgjennomf\u00f8ringer for enkel montering og sikkert hold, selv under utfordrende v\u00e6rforhold. Med m\u00e5lene 90 x 150 cm er dette flagget sv\u00e6rt godt synlig, enten det henges opp p\u00e5 stolper, vegger eller under nasjonale arrangementer.<\/p>\n<h3><strong>Et symbol p\u00e5 enhet og natur<\/strong><\/h3>\n<p>Gabons flagg, som ble offisielt vedtatt i 1960, har tre horisontale striper i gr\u00f8nt, gult og bl\u00e5tt. Det gr\u00f8nne symboliserer Gabons frodige skoger og naturressurser, det gule representerer solen og ekvator, mens det bl\u00e5 symboliserer Atlanterhavet. Sammen fremhever disse fargene Gabons tilknytning til milj\u00f8et og landets fredelige ambisjoner.<\/p>\n<h3><strong>Allsidig bruk<\/strong><\/h3>\n<p>Det gabonesiske flagget er perfekt til nasjonale feiringer, kulturelle begivenheter, utstillinger eller personlige samlinger, og det er en meningsfull representasjon av landets identitet og arv. Den robuste designen og de falmebestandige fargene sikrer at det forblir visuelt imponerende over tid.<\/p>","protected":false},"excerpt":{"rendered":"<p>150 x 90 cm stort flagg med 2 solide metallgjennomf\u00f8ringer for sikker opphengning.<\/p>","protected":false},"featured_media":1934,"comment_status":"open","ping_status":"closed","template":"","meta":{"_gspb_post_css":"","iawp_total_views":9},"product_brand":[],"product_cat":[60,58],"product_tag":[],"class_list":{"0":"post-2489","1":"product","2":"type-product","3":"status-publish","4":"has-post-thumbnail","6":"product_cat-africa-flags","7":"product_cat-country-flags","9":"first","10":"instock","11":"sale","12":"shipping-taxable","13":"purchasable","14":"product-type-simple"},"_links":{"self":[{"href":"https:\/\/cosmoflag.com\/nb\/wp-json\/wp\/v2\/product\/2489","targetHints":{"allow":["GET"]}}],"collection":[{"href":"https:\/\/cosmoflag.com\/nb\/wp-json\/wp\/v2\/product"}],"about":[{"href":"https:\/\/cosmoflag.com\/nb\/wp-json\/wp\/v2\/types\/product"}],"replies":[{"embeddable":true,"href":"https:\/\/cosmoflag.com\/nb\/wp-json\/wp\/v2\/comments?post=2489"}],"wp:featuredmedia":[{"embeddable":true,"href":"https:\/\/cosmoflag.com\/nb\/wp-json\/wp\/v2\/media\/1934"}],"wp:attachment":[{"href":"https:\/\/cosmoflag.com\/nb\/wp-json\/wp\/v2\/media?parent=2489"}],"wp:term":[{"taxonomy":"product_brand","embeddable":true,"href":"https:\/\/cosmoflag.com\/nb\/wp-json\/wp\/v2\/product_brand?post=2489"},{"taxonomy":"product_cat","embeddable":true,"href":"https:\/\/cosmoflag.com\/nb\/wp-json\/wp\/v2\/product_cat?post=2489"},{"taxonomy":"product_tag","embeddable":true,"href":"https:\/\/cosmoflag.com\/nb\/wp-json\/wp\/v2\/product_tag?post=2489"}],"curies":[{"name":"wp","href":"https:\/\/api.w.org\/{rel}","templated":true}]}}