{"id":2487,"date":"2024-12-19T14:03:00","date_gmt":"2024-12-19T12:03:00","guid":{"rendered":"https:\/\/cosmoflag.com\/?post_type=product&#038;p=2487"},"modified":"2025-08-12T21:20:39","modified_gmt":"2025-08-12T19:20:39","slug":"haitis-flagg","status":"publish","type":"product","link":"https:\/\/cosmoflag.com\/nb\/produkt\/haitis-flagg\/","title":{"rendered":"Haitis flagg"},"content":{"rendered":"<h3><strong>Haiti Flagg Egenskaper<\/strong><\/h3>\n<p>Haiti-flagget v\u00e5rt er laget av f\u00f8rsteklasses polyester, noe som gj\u00f8r det holdbart b\u00e5de innend\u00f8rs og utend\u00f8rs. Det har metallgjennomf\u00f8ringer for enkel montering og sikkert feste, selv under utfordrende v\u00e6rforhold. Med m\u00e5lene 90 x 150 cm gir dette flagget utmerket synlighet, enten det vises p\u00e5 en stang, vegg eller under nasjonale feiringer.<\/p>\n<h3><strong>Et symbol p\u00e5 stolthet og frihet<\/strong><\/h3>\n<p>Haitis flagg, som ble offisielt vedtatt i 1986, har to horisontale b\u00e5nd i bl\u00e5tt og r\u00f8dt, som symboliserer samhold og styrke. I midten ligger landets v\u00e5penskjold p\u00e5 et hvitt panel, som viser det ber\u00f8mte palmetreet toppet med den frygiske hetten, som symboliserer frihet. Kanoner, flagg og andre uavhengighetssymboler omkranser treet, til minne om Haitis kamp for frihet som den f\u00f8rste uavhengige svarte republikken.<\/p>\n<h3><strong>Allsidig bruk<\/strong><\/h3>\n<p>Haiti-flagget er perfekt til nasjonale feiringer, kulturelle arrangementer, utdanningsform\u00e5l eller som en del av en personlig samling, og det er en meningsfull representasjon av landets historie og identitet. Den robuste designen og de blekningsbestandige fargene s\u00f8rger for at flagget beholder sin symbolske betydning og visuelle effekt over tid.<\/p>","protected":false},"excerpt":{"rendered":"<p>150 x 90 cm stort flagg med 2 solide metallgjennomf\u00f8ringer for sikker opphengning.<\/p>","protected":false},"featured_media":1963,"comment_status":"open","ping_status":"closed","template":"","meta":{"_gspb_post_css":"","iawp_total_views":11},"product_brand":[],"product_cat":[62,58],"product_tag":[],"class_list":{"0":"post-2487","1":"product","2":"type-product","3":"status-publish","4":"has-post-thumbnail","6":"product_cat-north-america-flags","7":"product_cat-country-flags","9":"first","10":"instock","11":"sale","12":"shipping-taxable","13":"purchasable","14":"product-type-simple"},"_links":{"self":[{"href":"https:\/\/cosmoflag.com\/nb\/wp-json\/wp\/v2\/product\/2487","targetHints":{"allow":["GET"]}}],"collection":[{"href":"https:\/\/cosmoflag.com\/nb\/wp-json\/wp\/v2\/product"}],"about":[{"href":"https:\/\/cosmoflag.com\/nb\/wp-json\/wp\/v2\/types\/product"}],"replies":[{"embeddable":true,"href":"https:\/\/cosmoflag.com\/nb\/wp-json\/wp\/v2\/comments?post=2487"}],"wp:featuredmedia":[{"embeddable":true,"href":"https:\/\/cosmoflag.com\/nb\/wp-json\/wp\/v2\/media\/1963"}],"wp:attachment":[{"href":"https:\/\/cosmoflag.com\/nb\/wp-json\/wp\/v2\/media?parent=2487"}],"wp:term":[{"taxonomy":"product_brand","embeddable":true,"href":"https:\/\/cosmoflag.com\/nb\/wp-json\/wp\/v2\/product_brand?post=2487"},{"taxonomy":"product_cat","embeddable":true,"href":"https:\/\/cosmoflag.com\/nb\/wp-json\/wp\/v2\/product_cat?post=2487"},{"taxonomy":"product_tag","embeddable":true,"href":"https:\/\/cosmoflag.com\/nb\/wp-json\/wp\/v2\/product_tag?post=2487"}],"curies":[{"name":"wp","href":"https:\/\/api.w.org\/{rel}","templated":true}]}}