{"id":2485,"date":"2024-12-19T13:56:00","date_gmt":"2024-12-19T11:56:00","guid":{"rendered":"https:\/\/cosmoflag.com\/?post_type=product&#038;p=2485"},"modified":"2025-08-12T21:20:40","modified_gmt":"2025-08-12T19:20:40","slug":"hviterusslands-historiske-flagg","status":"publish","type":"product","link":"https:\/\/cosmoflag.com\/nb\/produkt\/hviterusslands-historiske-flagg\/","title":{"rendered":"Hviterusslands historiske flagg"},"content":{"rendered":"<h3><strong>Hviterusslands historiske flagg Funksjoner<\/strong><\/h3>\n<p>V\u00e5rt historiske hviterussiske flagg er laget av f\u00f8rsteklasses polyester, noe som gj\u00f8r det holdbart b\u00e5de innend\u00f8rs og utend\u00f8rs. Det inkluderer metallgjennomf\u00f8ringer for enkel montering og sikkert hold, selv under utfordrende v\u00e6rforhold. Med m\u00e5lene 90 x 150 cm er dette flagget sv\u00e6rt godt synlig, enten det er p\u00e5 en stang, en vegg eller under kulturelle arrangementer.<\/p>\n<h3><strong>Et symbol p\u00e5 arv og uavhengighet<\/strong><\/h3>\n<p>Hviterusslands historiske flagg, med en r\u00f8d horisontal stripe omkranset av hvitt og et ridderemblem, er et viktig symbol p\u00e5 landets kamp for uavhengighet og dets historiske identitet. Emblemet er kjent som \"Pahonia\" og representerer tapperhet og beskyttelse, mens flaggets r\u00f8de og hvite design symboliserer Hviterusslands kulturelle og historiske tradisjoner.<\/p>\n<h3><strong>Allsidig bruk<\/strong><\/h3>\n<p>Det historiske hviterussiske flagget er perfekt for kulturelle feiringer, historiske rekonstruksjoner, pedagogiske utstillinger eller personlige samlinger, og er et meningsfylt tilskudd til ethvert milj\u00f8. De blekningsbestandige fargene og den robuste designen sikrer en varig visuell og symbolsk effekt.<\/p>","protected":false},"excerpt":{"rendered":"<p>150 x 90 cm stort flagg med 2 solide metallgjennomf\u00f8ringer for sikker opphengning.<\/p>","protected":false},"featured_media":1978,"comment_status":"open","ping_status":"closed","template":"","meta":{"_gspb_post_css":"","iawp_total_views":14},"product_brand":[],"product_cat":[65,58],"product_tag":[],"class_list":{"0":"post-2485","1":"product","2":"type-product","3":"status-publish","4":"has-post-thumbnail","6":"product_cat-europe-flags","7":"product_cat-country-flags","9":"first","10":"instock","11":"sale","12":"shipping-taxable","13":"purchasable","14":"product-type-simple"},"_links":{"self":[{"href":"https:\/\/cosmoflag.com\/nb\/wp-json\/wp\/v2\/product\/2485","targetHints":{"allow":["GET"]}}],"collection":[{"href":"https:\/\/cosmoflag.com\/nb\/wp-json\/wp\/v2\/product"}],"about":[{"href":"https:\/\/cosmoflag.com\/nb\/wp-json\/wp\/v2\/types\/product"}],"replies":[{"embeddable":true,"href":"https:\/\/cosmoflag.com\/nb\/wp-json\/wp\/v2\/comments?post=2485"}],"wp:featuredmedia":[{"embeddable":true,"href":"https:\/\/cosmoflag.com\/nb\/wp-json\/wp\/v2\/media\/1978"}],"wp:attachment":[{"href":"https:\/\/cosmoflag.com\/nb\/wp-json\/wp\/v2\/media?parent=2485"}],"wp:term":[{"taxonomy":"product_brand","embeddable":true,"href":"https:\/\/cosmoflag.com\/nb\/wp-json\/wp\/v2\/product_brand?post=2485"},{"taxonomy":"product_cat","embeddable":true,"href":"https:\/\/cosmoflag.com\/nb\/wp-json\/wp\/v2\/product_cat?post=2485"},{"taxonomy":"product_tag","embeddable":true,"href":"https:\/\/cosmoflag.com\/nb\/wp-json\/wp\/v2\/product_tag?post=2485"}],"curies":[{"name":"wp","href":"https:\/\/api.w.org\/{rel}","templated":true}]}}