{"id":2483,"date":"2024-12-19T13:48:00","date_gmt":"2024-12-19T11:48:00","guid":{"rendered":"https:\/\/cosmoflag.com\/?post_type=product&#038;p=2483"},"modified":"2025-08-12T21:20:40","modified_gmt":"2025-08-12T19:20:40","slug":"kurdistans-flagg","status":"publish","type":"product","link":"https:\/\/cosmoflag.com\/nb\/produkt\/kurdistans-flagg\/","title":{"rendered":"Kurdistans flagg"},"content":{"rendered":"<h3><strong>Kurdistan flagg funksjoner<\/strong><\/h3>\n<p>V\u00e5rt Kurdistan-flagg er laget av polyester av h\u00f8y kvalitet, noe som gir utmerket holdbarhet for b\u00e5de innend\u00f8rs og utend\u00f8rs bruk. Det har metallgjennomf\u00f8ringer for enkel montering og sikkert feste, selv under utfordrende v\u00e6rforhold. Med m\u00e5lene 90 x 150 cm sikrer dette flagget maksimal synlighet, enten det henges p\u00e5 en stang, vegg eller under kulturelle sammenkomster.<\/p>\n<h3><strong>Et symbol p\u00e5 identitet og frihet<\/strong><\/h3>\n<p>Kurdistans flagg, ogs\u00e5 kjent som \"Ala Reng\u00een\", ble offisielt vedtatt i 1927. De r\u00f8de, hvite og gr\u00f8nne horisontale stripene representerer henholdsvis det kurdiske folkets ofre, fred og landets fruktbarhet. I midten ligger den str\u00e5lende gylne solen med 21 str\u00e5ler, som symboliserer lys, frihet og liv. Dette flagget st\u00e5r som et kraftfullt symbol p\u00e5 kurdisk identitet, samhold og frihetstrang.<\/p>\n<h3><strong>Allsidig bruk<\/strong><\/h3>\n<p>Kurdistans flagg er perfekt for kulturelle feiringer, nasjonale arrangementer, utdanningsform\u00e5l eller personlige samlinger, og det er en meningsfull representasjon av arv og h\u00e5p. Det robuste designet og de blekningsbestandige fargene sikrer at det beholder sin visuelle og symbolske virkning over tid.<\/p>","protected":false},"excerpt":{"rendered":"<p>150 x 90 cm stort flagg med 2 solide metallgjennomf\u00f8ringer for sikker opphengning.<\/p>","protected":false},"featured_media":2034,"comment_status":"open","ping_status":"closed","template":"","meta":{"_gspb_post_css":"","iawp_total_views":159},"product_brand":[],"product_cat":[58,66],"product_tag":[],"class_list":{"0":"post-2483","1":"product","2":"type-product","3":"status-publish","4":"has-post-thumbnail","6":"product_cat-country-flags","7":"product_cat-middle-east-flags","9":"first","10":"instock","11":"sale","12":"shipping-taxable","13":"purchasable","14":"product-type-simple"},"_links":{"self":[{"href":"https:\/\/cosmoflag.com\/nb\/wp-json\/wp\/v2\/product\/2483","targetHints":{"allow":["GET"]}}],"collection":[{"href":"https:\/\/cosmoflag.com\/nb\/wp-json\/wp\/v2\/product"}],"about":[{"href":"https:\/\/cosmoflag.com\/nb\/wp-json\/wp\/v2\/types\/product"}],"replies":[{"embeddable":true,"href":"https:\/\/cosmoflag.com\/nb\/wp-json\/wp\/v2\/comments?post=2483"}],"wp:featuredmedia":[{"embeddable":true,"href":"https:\/\/cosmoflag.com\/nb\/wp-json\/wp\/v2\/media\/2034"}],"wp:attachment":[{"href":"https:\/\/cosmoflag.com\/nb\/wp-json\/wp\/v2\/media?parent=2483"}],"wp:term":[{"taxonomy":"product_brand","embeddable":true,"href":"https:\/\/cosmoflag.com\/nb\/wp-json\/wp\/v2\/product_brand?post=2483"},{"taxonomy":"product_cat","embeddable":true,"href":"https:\/\/cosmoflag.com\/nb\/wp-json\/wp\/v2\/product_cat?post=2483"},{"taxonomy":"product_tag","embeddable":true,"href":"https:\/\/cosmoflag.com\/nb\/wp-json\/wp\/v2\/product_tag?post=2483"}],"curies":[{"name":"wp","href":"https:\/\/api.w.org\/{rel}","templated":true}]}}