{"id":2481,"date":"2024-12-19T13:41:00","date_gmt":"2024-12-19T11:41:00","guid":{"rendered":"https:\/\/cosmoflag.com\/?post_type=product&#038;p=2481"},"modified":"2025-08-12T21:20:41","modified_gmt":"2025-08-12T19:20:41","slug":"nepals-flagg","status":"publish","type":"product","link":"https:\/\/cosmoflag.com\/nb\/produkt\/nepals-flagg\/","title":{"rendered":"Nepals flagg"},"content":{"rendered":"<h3><strong>Nepal Flagg Egenskaper<\/strong><\/h3>\n<p>Nepal-flagget v\u00e5rt er laget av f\u00f8rsteklasses polyester, noe som sikrer holdbarhet og motstandskraft for innend\u00f8rs og utend\u00f8rs bruk. Det er utstyrt med metallgjennomf\u00f8ringer som gj\u00f8r det enkelt \u00e5 montere og holder seg godt p\u00e5 plass, selv i utfordrende v\u00e6r. Med m\u00e5lene 90 x 150 cm er dette flagget sv\u00e6rt godt synlig, noe som gj\u00f8r det perfekt til bruk p\u00e5 stolper, vegger eller offentlige arrangementer.<\/p>\n<h3><strong>Et virkelig unikt nasjonalt symbol<\/strong><\/h3>\n<p>Nepals flagg, som ble tatt i bruk i 1962, er det eneste ikke-rektangul\u00e6re nasjonalflagget i verden, og best\u00e5r av to stablede trekanter. Den \u00f8vre trekanten har en hvit m\u00e5ne, mens den nedre viser en hvit sol, som representerer fred og harmoni. Den r\u00f8de fargen symboliserer tapperhet, og den bl\u00e5 kanten st\u00e5r for fred. Dette s\u00e6regne designet gjenspeiler Nepals rike kulturarv og landets tilknytning til Himalaya.<\/p>\n<h3><strong>Allsidig bruk<\/strong><\/h3>\n<p>Nepal-flagget er et kraftfullt symbol p\u00e5 identitet og stolthet, og er ideelt for kulturelle arrangementer, nasjonale feiringer, pedagogiske utstillinger eller personlige samlinger. De blekningsbestandige fargene og den robuste designen sikrer varig visuell effekt og betydning.<\/p>","protected":false},"excerpt":{"rendered":"<p>150 x 90 cm stort flagg med 2 solide metallgjennomf\u00f8ringer for sikker opphengning.<\/p>","protected":false},"featured_media":2076,"comment_status":"open","ping_status":"closed","template":"","meta":{"_gspb_post_css":"","iawp_total_views":22},"product_brand":[],"product_cat":[64,58],"product_tag":[],"class_list":{"0":"post-2481","1":"product","2":"type-product","3":"status-publish","4":"has-post-thumbnail","6":"product_cat-asia-flags","7":"product_cat-country-flags","9":"first","10":"instock","11":"sale","12":"shipping-taxable","13":"purchasable","14":"product-type-simple"},"_links":{"self":[{"href":"https:\/\/cosmoflag.com\/nb\/wp-json\/wp\/v2\/product\/2481","targetHints":{"allow":["GET"]}}],"collection":[{"href":"https:\/\/cosmoflag.com\/nb\/wp-json\/wp\/v2\/product"}],"about":[{"href":"https:\/\/cosmoflag.com\/nb\/wp-json\/wp\/v2\/types\/product"}],"replies":[{"embeddable":true,"href":"https:\/\/cosmoflag.com\/nb\/wp-json\/wp\/v2\/comments?post=2481"}],"wp:featuredmedia":[{"embeddable":true,"href":"https:\/\/cosmoflag.com\/nb\/wp-json\/wp\/v2\/media\/2076"}],"wp:attachment":[{"href":"https:\/\/cosmoflag.com\/nb\/wp-json\/wp\/v2\/media?parent=2481"}],"wp:term":[{"taxonomy":"product_brand","embeddable":true,"href":"https:\/\/cosmoflag.com\/nb\/wp-json\/wp\/v2\/product_brand?post=2481"},{"taxonomy":"product_cat","embeddable":true,"href":"https:\/\/cosmoflag.com\/nb\/wp-json\/wp\/v2\/product_cat?post=2481"},{"taxonomy":"product_tag","embeddable":true,"href":"https:\/\/cosmoflag.com\/nb\/wp-json\/wp\/v2\/product_tag?post=2481"}],"curies":[{"name":"wp","href":"https:\/\/api.w.org\/{rel}","templated":true}]}}