{"id":2479,"date":"2024-12-19T13:39:00","date_gmt":"2024-12-19T11:39:00","guid":{"rendered":"https:\/\/cosmoflag.com\/?post_type=product&#038;p=2479"},"modified":"2025-08-12T21:20:41","modified_gmt":"2025-08-12T19:20:41","slug":"paraguays-flagg","status":"publish","type":"product","link":"https:\/\/cosmoflag.com\/nb\/produkt\/paraguays-flagg\/","title":{"rendered":"Paraguays flagg"},"content":{"rendered":"<h3><strong>Paraguay flagg funksjoner<\/strong><\/h3>\n<p>Paraguay-flagget v\u00e5rt er laget av f\u00f8rsteklasses polyester, noe som sikrer holdbarhet for langvarig bruk b\u00e5de innend\u00f8rs og utend\u00f8rs. Det er utstyrt med metallgjennomf\u00f8ringer for enkel montering og sikkert hold, selv under ugunstige v\u00e6rforhold. Med m\u00e5lene 90 x 150 cm gir dette flagget utmerket synlighet for visning p\u00e5 stolper, vegger eller under nasjonale arrangementer.<\/p>\n<h3><strong>Et unikt nasjonalt symbol<\/strong><\/h3>\n<p>Paraguays flagg, som ble offisielt vedtatt i 1842, er et av de f\u00e5 flaggene i verden som har et unikt design p\u00e5 hver side. Forsiden har det nasjonale v\u00e5penskjoldet, som symboliserer fred og rettferdighet, mens baksiden viser finansforseglingen, som representerer velstand. De tre horisontale stripene i r\u00f8dt, hvitt og bl\u00e5tt st\u00e5r for mot, fred og frihet, noe som gj\u00f8r flagget til et s\u00e6regent emblem for landets verdier og arv.<\/p>\n<h3><strong>Allsidig bruk<\/strong><\/h3>\n<p>Paraguay-flagget er perfekt til nasjonale feiringer, kulturelle begivenheter, utdanningsform\u00e5l eller som samleobjekt, og er et allsidig og meningsfylt tillegg. Det robuste designet og de blekningsbestandige fargene s\u00f8rger for at det beholder sin visuelle effekt og symbolske betydning over tid.<\/p>","protected":false},"excerpt":{"rendered":"<p>150 x 90 cm stort flagg med 2 solide metallgjennomf\u00f8ringer for sikker opphengning.<\/p>","protected":false},"featured_media":2132,"comment_status":"open","ping_status":"closed","template":"","meta":{"_gspb_post_css":"","iawp_total_views":2},"product_brand":[],"product_cat":[58,63],"product_tag":[],"class_list":{"0":"post-2479","1":"product","2":"type-product","3":"status-publish","4":"has-post-thumbnail","6":"product_cat-country-flags","7":"product_cat-south-america-flag","9":"first","10":"instock","11":"sale","12":"shipping-taxable","13":"purchasable","14":"product-type-simple"},"_links":{"self":[{"href":"https:\/\/cosmoflag.com\/nb\/wp-json\/wp\/v2\/product\/2479","targetHints":{"allow":["GET"]}}],"collection":[{"href":"https:\/\/cosmoflag.com\/nb\/wp-json\/wp\/v2\/product"}],"about":[{"href":"https:\/\/cosmoflag.com\/nb\/wp-json\/wp\/v2\/types\/product"}],"replies":[{"embeddable":true,"href":"https:\/\/cosmoflag.com\/nb\/wp-json\/wp\/v2\/comments?post=2479"}],"wp:featuredmedia":[{"embeddable":true,"href":"https:\/\/cosmoflag.com\/nb\/wp-json\/wp\/v2\/media\/2132"}],"wp:attachment":[{"href":"https:\/\/cosmoflag.com\/nb\/wp-json\/wp\/v2\/media?parent=2479"}],"wp:term":[{"taxonomy":"product_brand","embeddable":true,"href":"https:\/\/cosmoflag.com\/nb\/wp-json\/wp\/v2\/product_brand?post=2479"},{"taxonomy":"product_cat","embeddable":true,"href":"https:\/\/cosmoflag.com\/nb\/wp-json\/wp\/v2\/product_cat?post=2479"},{"taxonomy":"product_tag","embeddable":true,"href":"https:\/\/cosmoflag.com\/nb\/wp-json\/wp\/v2\/product_tag?post=2479"}],"curies":[{"name":"wp","href":"https:\/\/api.w.org\/{rel}","templated":true}]}}