{"id":2478,"date":"2024-12-19T13:35:00","date_gmt":"2024-12-19T11:35:00","guid":{"rendered":"https:\/\/cosmoflag.com\/?post_type=product&#038;p=2478"},"modified":"2025-08-12T21:20:41","modified_gmt":"2025-08-12T19:20:41","slug":"ugandas-flagg","status":"publish","type":"product","link":"https:\/\/cosmoflag.com\/nb\/produkt\/ugandas-flagg\/","title":{"rendered":"Ugandas flagg"},"content":{"rendered":"<h3><strong>Uganda Flagg Egenskaper<\/strong><\/h3>\n<p>Uganda-flagget v\u00e5rt er laget av polyester av h\u00f8y kvalitet, noe som sikrer holdbarhet for langvarig bruk b\u00e5de innend\u00f8rs og utend\u00f8rs. Det har metallgjennomf\u00f8ringer for enkel montering og sikkert feste, selv under utfordrende v\u00e6rforhold. Med m\u00e5lene 90 x 150 cm er dette flagget godt synlig og kan brukes p\u00e5 stolper, vegger eller under offentlige arrangementer.<\/p>\n<h3><strong>Et symbol p\u00e5 samhold og stolthet<\/strong><\/h3>\n<p>Ugandas flagg, som ble offisielt tatt i bruk i 1962, representerer landets livlige identitet og verdier. Det har seks horisontale striper i svart, gult og r\u00f8dt, som symboliserer henholdsvis det afrikanske folket, solen og brorskap. I midten av flagget er den ikoniske gr\u00e5kronede tranen, som st\u00e5r p\u00e5 ett ben som et symbol p\u00e5 fremskritt og er utsmykket med et l\u00f8ftet ben for \u00e5 signalisere Ugandas marsj inn i fremtiden.<\/p>\n<h3><strong>Allsidig bruk<\/strong><\/h3>\n<p>Uganda-flagget er perfekt til nasjonale feiringer, kulturelle arrangementer, utdanningsform\u00e5l eller som et symbol p\u00e5 stolthet, og det er et allsidig tillegg til ethvert milj\u00f8. Den robuste designen og de blekningsbestandige fargene sikrer varig effekt og betydning over tid.<\/p>","protected":false},"excerpt":{"rendered":"<p>150 x 90 cm stort flagg med 2 solide metallgjennomf\u00f8ringer for sikker opphengning.<\/p>","protected":false},"featured_media":2213,"comment_status":"open","ping_status":"closed","template":"","meta":{"_gspb_post_css":"","iawp_total_views":5},"product_brand":[],"product_cat":[60,58],"product_tag":[],"class_list":{"0":"post-2478","1":"product","2":"type-product","3":"status-publish","4":"has-post-thumbnail","6":"product_cat-africa-flags","7":"product_cat-country-flags","9":"first","10":"instock","11":"sale","12":"shipping-taxable","13":"purchasable","14":"product-type-simple"},"_links":{"self":[{"href":"https:\/\/cosmoflag.com\/nb\/wp-json\/wp\/v2\/product\/2478","targetHints":{"allow":["GET"]}}],"collection":[{"href":"https:\/\/cosmoflag.com\/nb\/wp-json\/wp\/v2\/product"}],"about":[{"href":"https:\/\/cosmoflag.com\/nb\/wp-json\/wp\/v2\/types\/product"}],"replies":[{"embeddable":true,"href":"https:\/\/cosmoflag.com\/nb\/wp-json\/wp\/v2\/comments?post=2478"}],"wp:featuredmedia":[{"embeddable":true,"href":"https:\/\/cosmoflag.com\/nb\/wp-json\/wp\/v2\/media\/2213"}],"wp:attachment":[{"href":"https:\/\/cosmoflag.com\/nb\/wp-json\/wp\/v2\/media?parent=2478"}],"wp:term":[{"taxonomy":"product_brand","embeddable":true,"href":"https:\/\/cosmoflag.com\/nb\/wp-json\/wp\/v2\/product_brand?post=2478"},{"taxonomy":"product_cat","embeddable":true,"href":"https:\/\/cosmoflag.com\/nb\/wp-json\/wp\/v2\/product_cat?post=2478"},{"taxonomy":"product_tag","embeddable":true,"href":"https:\/\/cosmoflag.com\/nb\/wp-json\/wp\/v2\/product_tag?post=2478"}],"curies":[{"name":"wp","href":"https:\/\/api.w.org\/{rel}","templated":true}]}}