{"id":2476,"date":"2024-12-17T14:45:00","date_gmt":"2024-12-17T12:45:00","guid":{"rendered":"https:\/\/cosmoflag.com\/?post_type=product&#038;p=2476"},"modified":"2025-08-12T21:20:42","modified_gmt":"2025-08-12T19:20:42","slug":"omans-flagg","status":"publish","type":"product","link":"https:\/\/cosmoflag.com\/nb\/produkt\/omans-flagg\/","title":{"rendered":"Omans flagg"},"content":{"rendered":"<h3><strong>Oman flagg funksjoner<\/strong><\/h3>\n<p>V\u00e5rt Oman-flagg er laget av polyester av h\u00f8y kvalitet, noe som sikrer holdbarhet og motstandskraft for b\u00e5de innend\u00f8rs og utend\u00f8rs bruk. Det har metallgjennomf\u00f8ringer for enkel montering og sikkert feste, selv under ugunstige v\u00e6rforhold. Med m\u00e5lene 90 x 150 cm gir dette flagget utmerket synlighet, enten det henger p\u00e5 flaggstangen, veggen eller under nasjonale feiringer.<\/p>\n<h3><strong>Et symbol p\u00e5 tradisjon og arv<\/strong><\/h3>\n<p>Omans flagg, som ble offisielt vedtatt i 1970, representerer landets rike arv og identitet. Flagget har tre horisontale striper: hvitt symboliserer fred og velstand, r\u00f8dt symboliserer utkjempede slag, og gr\u00f8nt symboliserer det fruktbare landet. P\u00e5 den heiste siden er det nasjonale emblemet - en hvit khanjar-dolk over to kryssede sverd - som symboliserer styrke, mot og monarkiets rolle i omansk kultur.<\/p>\n<h3><strong>Allsidig bruk<\/strong><\/h3>\n<p>Oman-flagget er et kraftfullt symbol p\u00e5 stolthet og samhold, og egner seg perfekt til nasjonale arrangementer, kulturelle feiringer, pedagogiske utstillinger eller personlige samlinger. De blekningsbestandige fargene og den robuste designen s\u00f8rger for at flagget beholder sitt livlige utseende og sin betydning i mange \u00e5r fremover.<\/p>","protected":false},"excerpt":{"rendered":"<p>150 x 90 cm stort flagg med 2 solide metallgjennomf\u00f8ringer for sikker opphengning.<\/p>","protected":false},"featured_media":2097,"comment_status":"open","ping_status":"closed","template":"","meta":{"_gspb_post_css":"","iawp_total_views":8},"product_brand":[],"product_cat":[66,58],"product_tag":[],"class_list":{"0":"post-2476","1":"product","2":"type-product","3":"status-publish","4":"has-post-thumbnail","6":"product_cat-middle-east-flags","7":"product_cat-country-flags","9":"first","10":"instock","11":"sale","12":"shipping-taxable","13":"purchasable","14":"product-type-simple"},"_links":{"self":[{"href":"https:\/\/cosmoflag.com\/nb\/wp-json\/wp\/v2\/product\/2476","targetHints":{"allow":["GET"]}}],"collection":[{"href":"https:\/\/cosmoflag.com\/nb\/wp-json\/wp\/v2\/product"}],"about":[{"href":"https:\/\/cosmoflag.com\/nb\/wp-json\/wp\/v2\/types\/product"}],"replies":[{"embeddable":true,"href":"https:\/\/cosmoflag.com\/nb\/wp-json\/wp\/v2\/comments?post=2476"}],"wp:featuredmedia":[{"embeddable":true,"href":"https:\/\/cosmoflag.com\/nb\/wp-json\/wp\/v2\/media\/2097"}],"wp:attachment":[{"href":"https:\/\/cosmoflag.com\/nb\/wp-json\/wp\/v2\/media?parent=2476"}],"wp:term":[{"taxonomy":"product_brand","embeddable":true,"href":"https:\/\/cosmoflag.com\/nb\/wp-json\/wp\/v2\/product_brand?post=2476"},{"taxonomy":"product_cat","embeddable":true,"href":"https:\/\/cosmoflag.com\/nb\/wp-json\/wp\/v2\/product_cat?post=2476"},{"taxonomy":"product_tag","embeddable":true,"href":"https:\/\/cosmoflag.com\/nb\/wp-json\/wp\/v2\/product_tag?post=2476"}],"curies":[{"name":"wp","href":"https:\/\/api.w.org\/{rel}","templated":true}]}}