{"id":2475,"date":"2024-12-17T14:39:00","date_gmt":"2024-12-17T12:39:00","guid":{"rendered":"https:\/\/cosmoflag.com\/?post_type=product&#038;p=2475"},"modified":"2025-08-12T21:20:42","modified_gmt":"2025-08-12T19:20:42","slug":"delstaten-new-yorks-flagg","status":"publish","type":"product","link":"https:\/\/cosmoflag.com\/nb\/produkt\/delstaten-new-yorks-flagg\/","title":{"rendered":"Delstaten New Yorks flagg"},"content":{"rendered":"<h3><strong>New York State Flag Features<\/strong><\/h3>\n<p>V\u00e5rt New York State-flagg er laget av polyester av h\u00f8y kvalitet, noe som sikrer holdbarhet for b\u00e5de innend\u00f8rs og utend\u00f8rs bruk. Flagget er utstyrt med metallgjennomf\u00f8ringer som gj\u00f8r det enkelt \u00e5 montere og sikkert \u00e5 holde fast, selv under ugunstige v\u00e6rforhold. Med m\u00e5lene 90 x 150 cm gir det maksimal synlighet, enten det henger p\u00e5 en flaggstang, en vegg eller under arrangementer.<\/p>\n<h3><strong>Et symbol p\u00e5 arv og rettferdighet<\/strong><\/h3>\n<p>Delstaten New Yorks flagg har en dypbl\u00e5 bakgrunn med delstatsv\u00e5penet stolt plassert i midten. V\u00e5penskjoldet viser Frihetsgudinnen og Justitia, symboler p\u00e5 frihet og rettferdighet. Mellom dem viser skjoldet et rolig landskap med Hudson-elven, fjell og den oppg\u00e5ende solen, som representerer New Yorks naturlige skj\u00f8nnhet og velstand. Over flagget troner hav\u00f8rnen p\u00e5 en jordklode, som symboliserer New Yorks plass i verden. Flagget ble vedtatt i 1901 og representerer delstatens \u00e5nd, historie og verdier.<\/p>\n<h3><strong>Allsidig bruk<\/strong><\/h3>\n<p>New York-flagget er et allsidig og meningsfylt flagg, enten det skal brukes til offentlige seremonier, utdanningsform\u00e5l, patriotiske arrangementer eller personlige utstillinger. Den robuste designen og de blekningsbestandige fargene s\u00f8rger for at det forblir levende og effektfullt i mange \u00e5r fremover.<\/p>","protected":false},"excerpt":{"rendered":"<p>150 x 90 cm stort flagg med 2 solide metallgjennomf\u00f8ringer for sikker opphengning.<\/p>","protected":false},"featured_media":2083,"comment_status":"open","ping_status":"closed","template":"","meta":{"_gspb_post_css":"","iawp_total_views":1},"product_brand":[],"product_cat":[72,70],"product_tag":[],"class_list":{"0":"post-2475","1":"product","2":"type-product","3":"status-publish","4":"has-post-thumbnail","6":"product_cat-american-state-flags","7":"product_cat-regional-flags","9":"first","10":"instock","11":"sale","12":"shipping-taxable","13":"purchasable","14":"product-type-simple"},"_links":{"self":[{"href":"https:\/\/cosmoflag.com\/nb\/wp-json\/wp\/v2\/product\/2475","targetHints":{"allow":["GET"]}}],"collection":[{"href":"https:\/\/cosmoflag.com\/nb\/wp-json\/wp\/v2\/product"}],"about":[{"href":"https:\/\/cosmoflag.com\/nb\/wp-json\/wp\/v2\/types\/product"}],"replies":[{"embeddable":true,"href":"https:\/\/cosmoflag.com\/nb\/wp-json\/wp\/v2\/comments?post=2475"}],"wp:featuredmedia":[{"embeddable":true,"href":"https:\/\/cosmoflag.com\/nb\/wp-json\/wp\/v2\/media\/2083"}],"wp:attachment":[{"href":"https:\/\/cosmoflag.com\/nb\/wp-json\/wp\/v2\/media?parent=2475"}],"wp:term":[{"taxonomy":"product_brand","embeddable":true,"href":"https:\/\/cosmoflag.com\/nb\/wp-json\/wp\/v2\/product_brand?post=2475"},{"taxonomy":"product_cat","embeddable":true,"href":"https:\/\/cosmoflag.com\/nb\/wp-json\/wp\/v2\/product_cat?post=2475"},{"taxonomy":"product_tag","embeddable":true,"href":"https:\/\/cosmoflag.com\/nb\/wp-json\/wp\/v2\/product_tag?post=2475"}],"curies":[{"name":"wp","href":"https:\/\/api.w.org\/{rel}","templated":true}]}}