{"id":2474,"date":"2024-12-17T14:36:00","date_gmt":"2024-12-17T12:36:00","guid":{"rendered":"https:\/\/cosmoflag.com\/?post_type=product&#038;p=2474"},"modified":"2025-08-12T21:20:45","modified_gmt":"2025-08-12T19:20:45","slug":"sigoynerflagg","status":"publish","type":"product","link":"https:\/\/cosmoflag.com\/nb\/produkt\/sigoynerflagg\/","title":{"rendered":"Sig\u00f8ynerflagg"},"content":{"rendered":"<h3><strong>Sig\u00f8ynerflaggets funksjoner<\/strong><\/h3>\n<p>Gypsy-flagget v\u00e5rt er laget av f\u00f8rsteklasses polyester, noe som gj\u00f8r det slitesterkt og holdbart b\u00e5de innend\u00f8rs og utend\u00f8rs. Det inkluderer metallgjennomf\u00f8ringer for enkel montering og p\u00e5litelig feste, selv under utfordrende v\u00e6rforhold. Med en st\u00f8rrelse p\u00e5 90 x 150 cm sikrer dette flagget maksimal synlighet, enten det vises p\u00e5 en stang, vegg eller under kulturelle arrangementer.<\/p>\n<h3><strong>Et symbol p\u00e5 romanifolkets stolthet<\/strong><\/h3>\n<p>Sig\u00f8ynerflagget, som ble offisielt vedtatt i 1971, har en sl\u00e5ende bl\u00e5 og gr\u00f8nn bakgrunn som er delt horisontalt og symboliserer himmel og jord. I midten ligger det r\u00f8de chakraet (hjulet), som representerer nomade\u00e5nden og romanifolkets historiske reise. Flagget er mer enn bare et flagg, det er et symbol p\u00e5 samhold, motstandskraft og kulturell stolthet.<\/p>\n<h3><strong>Allsidig bruk<\/strong><\/h3>\n<p>Gypsy-flagget er perfekt til kulturelle feiringer, festivaler, utdanningsform\u00e5l eller som et uttrykk for kulturarv, og det gir historie og mening til ethvert milj\u00f8. De blekningsbestandige fargene og den robuste designen s\u00f8rger for at flagget beholder sitt livlige utseende og symbolske betydning over tid.<\/p>","protected":false},"excerpt":{"rendered":"<p>150 x 90 cm stort flagg med 2 solide metallgjennomf\u00f8ringer for sikker opphengning.<\/p>","protected":false},"featured_media":1956,"comment_status":"open","ping_status":"closed","template":"","meta":{"_gspb_post_css":"","iawp_total_views":37},"product_brand":[],"product_cat":[69],"product_tag":[],"class_list":{"0":"post-2474","1":"product","2":"type-product","3":"status-publish","4":"has-post-thumbnail","6":"product_cat-historical-flags","8":"first","9":"instock","10":"sale","11":"shipping-taxable","12":"purchasable","13":"product-type-simple"},"_links":{"self":[{"href":"https:\/\/cosmoflag.com\/nb\/wp-json\/wp\/v2\/product\/2474","targetHints":{"allow":["GET"]}}],"collection":[{"href":"https:\/\/cosmoflag.com\/nb\/wp-json\/wp\/v2\/product"}],"about":[{"href":"https:\/\/cosmoflag.com\/nb\/wp-json\/wp\/v2\/types\/product"}],"replies":[{"embeddable":true,"href":"https:\/\/cosmoflag.com\/nb\/wp-json\/wp\/v2\/comments?post=2474"}],"wp:featuredmedia":[{"embeddable":true,"href":"https:\/\/cosmoflag.com\/nb\/wp-json\/wp\/v2\/media\/1956"}],"wp:attachment":[{"href":"https:\/\/cosmoflag.com\/nb\/wp-json\/wp\/v2\/media?parent=2474"}],"wp:term":[{"taxonomy":"product_brand","embeddable":true,"href":"https:\/\/cosmoflag.com\/nb\/wp-json\/wp\/v2\/product_brand?post=2474"},{"taxonomy":"product_cat","embeddable":true,"href":"https:\/\/cosmoflag.com\/nb\/wp-json\/wp\/v2\/product_cat?post=2474"},{"taxonomy":"product_tag","embeddable":true,"href":"https:\/\/cosmoflag.com\/nb\/wp-json\/wp\/v2\/product_tag?post=2474"}],"curies":[{"name":"wp","href":"https:\/\/api.w.org\/{rel}","templated":true}]}}