{"id":2459,"date":"2024-12-16T14:49:00","date_gmt":"2024-12-16T12:49:00","guid":{"rendered":"https:\/\/cosmoflag.com\/?post_type=product&#038;p=2459"},"modified":"2025-08-12T21:20:48","modified_gmt":"2025-08-12T19:20:48","slug":"ussr-flagg","status":"publish","type":"product","link":"https:\/\/cosmoflag.com\/nb\/produkt\/ussr-flagg\/","title":{"rendered":"Sovjetunionens flagg"},"content":{"rendered":"<h3><strong>Sovjetunionens flaggfunksjoner<\/strong><\/h3>\n<p>Flagget v\u00e5rt fra Unionen av sosialistiske sovjetrepublikker er laget av polyester av h\u00f8y kvalitet, noe som gj\u00f8r det ideelt for langvarig bruk, b\u00e5de innend\u00f8rs og utend\u00f8rs. Det har metallgjennomf\u00f8ringer for enkel montering og garantert hold, selv under ugunstige v\u00e6rforhold. Flagget v\u00e5rt er tilgjengelig i en st\u00f8rrelse p\u00e5 90 x 150 cm for maksimal synlighet, og oppfyller en rekke ulike behov, enten du vil vise det p\u00e5 en stang eller en vegg.<\/p>\n<h3><strong>Et symbol p\u00e5 den historiske arven<\/strong><\/h3>\n<p>De sosialistiske sovjetrepublikkenes unionsflagg, med sin ikoniske r\u00f8de bakgrunn og gylne hammer og sigd-emblem toppet av en stjerne, er et mektig symbol p\u00e5 Sovjetunionen. Flagget ble offisielt vedtatt i 1923, og det symboliserer arbeidernes og b\u00f8ndenes enhet og sosialismens idealer. Den r\u00f8de fargen symboliserer revolusjonen, mens hammeren og sigden symboliserer industri og jordbruk, som danner grunnlaget for det sovjetiske samfunnet.<\/p>\n<h3><strong>Allsidig bruk<\/strong><\/h3>\n<p>Enten det gjelder historiske rekonstruksjoner, temaarrangementer, pedagogiske utstillinger eller personlige samlinger, fungerer USSR-flagget som et meningsfylt stykke historie. Den robuste designen og de blekningsbestandige fargene s\u00f8rger for at flagget beholder sin symbolske betydning og visuelle effekt over tid.<\/p>","protected":false},"excerpt":{"rendered":"<p>150 x 90 cm stort flagg med 2 solide metallgjennomf\u00f8ringer for sikker opphengning.<\/p>","protected":false},"featured_media":2460,"comment_status":"open","ping_status":"closed","template":"","meta":{"_gspb_post_css":"","iawp_total_views":69},"product_brand":[],"product_cat":[69],"product_tag":[],"class_list":{"0":"post-2459","1":"product","2":"type-product","3":"status-publish","4":"has-post-thumbnail","6":"product_cat-historical-flags","8":"first","9":"instock","10":"sale","11":"shipping-taxable","12":"purchasable","13":"product-type-simple"},"_links":{"self":[{"href":"https:\/\/cosmoflag.com\/nb\/wp-json\/wp\/v2\/product\/2459","targetHints":{"allow":["GET"]}}],"collection":[{"href":"https:\/\/cosmoflag.com\/nb\/wp-json\/wp\/v2\/product"}],"about":[{"href":"https:\/\/cosmoflag.com\/nb\/wp-json\/wp\/v2\/types\/product"}],"replies":[{"embeddable":true,"href":"https:\/\/cosmoflag.com\/nb\/wp-json\/wp\/v2\/comments?post=2459"}],"wp:featuredmedia":[{"embeddable":true,"href":"https:\/\/cosmoflag.com\/nb\/wp-json\/wp\/v2\/media\/2460"}],"wp:attachment":[{"href":"https:\/\/cosmoflag.com\/nb\/wp-json\/wp\/v2\/media?parent=2459"}],"wp:term":[{"taxonomy":"product_brand","embeddable":true,"href":"https:\/\/cosmoflag.com\/nb\/wp-json\/wp\/v2\/product_brand?post=2459"},{"taxonomy":"product_cat","embeddable":true,"href":"https:\/\/cosmoflag.com\/nb\/wp-json\/wp\/v2\/product_cat?post=2459"},{"taxonomy":"product_tag","embeddable":true,"href":"https:\/\/cosmoflag.com\/nb\/wp-json\/wp\/v2\/product_tag?post=2459"}],"curies":[{"name":"wp","href":"https:\/\/api.w.org\/{rel}","templated":true}]}}