{"id":2457,"date":"2024-12-16T14:46:00","date_gmt":"2024-12-16T12:46:00","guid":{"rendered":"https:\/\/cosmoflag.com\/?post_type=product&#038;p=2457"},"modified":"2025-08-12T21:20:49","modified_gmt":"2025-08-12T19:20:49","slug":"kommunistisk-flagg","status":"publish","type":"product","link":"https:\/\/cosmoflag.com\/nb\/produkt\/kommunistisk-flagg\/","title":{"rendered":"Kommunistisk flagg"},"content":{"rendered":"<h3><strong>Kommunistiske flaggfunksjoner<\/strong><\/h3>\n<p>Kommunistflagget v\u00e5rt er laget av polyester av h\u00f8y kvalitet, noe som sikrer holdbarhet og motstandskraft for b\u00e5de innend\u00f8rs og utend\u00f8rs bruk. Det inkluderer metallgjennomf\u00f8ringer for enkel montering og p\u00e5litelig feste, selv under utfordrende v\u00e6rforhold. Med en st\u00f8rrelse p\u00e5 90 x 150 cm er dette flagget godt synlig, uansett om det henges p\u00e5 en stang, vegg eller under offentlige sammenkomster.<\/p>\n<h3><strong>Et symbol p\u00e5 revolusjon og samhold<\/strong><\/h3>\n<p>Det kommunistiske flagget, med sin kraftige r\u00f8de bakgrunn og gylne hammer og sigd, representerer arbeidernes og b\u00f8ndenes enhet. Med r\u00f8tter i revolusjon\u00e6r historie symboliserer den r\u00f8de fargen ofringene som er gjort for frihet og likhet, mens hammeren og sigden symboliserer samarbeidet mellom industri og jordbruk. Dette flagget har st\u00e5tt som et kraftfullt emblem for sosiale og politiske bevegelser over hele verden.<\/p>\n<h3><strong>Allsidig bruk<\/strong><\/h3>\n<p>Kommunistflagget er perfekt til demonstrasjoner, historiske begivenheter, undervisningsform\u00e5l eller som en del av en personlig samling, og det er en meningsfull representasjon av kollektive idealer. Det robuste designet og de blekningsbestandige fargene sikrer at det forblir visuelt virkningsfullt og symbolsk relevant over tid.<\/p>","protected":false},"excerpt":{"rendered":"<p>150 x 90 cm stort flagg med 2 solide metallgjennomf\u00f8ringer for sikker opphengning.<\/p>","protected":false},"featured_media":2458,"comment_status":"open","ping_status":"closed","template":"","meta":{"_gspb_post_css":"","iawp_total_views":162},"product_brand":[],"product_cat":[69],"product_tag":[],"class_list":{"0":"post-2457","1":"product","2":"type-product","3":"status-publish","4":"has-post-thumbnail","6":"product_cat-historical-flags","8":"first","9":"instock","10":"sale","11":"shipping-taxable","12":"purchasable","13":"product-type-simple"},"_links":{"self":[{"href":"https:\/\/cosmoflag.com\/nb\/wp-json\/wp\/v2\/product\/2457","targetHints":{"allow":["GET"]}}],"collection":[{"href":"https:\/\/cosmoflag.com\/nb\/wp-json\/wp\/v2\/product"}],"about":[{"href":"https:\/\/cosmoflag.com\/nb\/wp-json\/wp\/v2\/types\/product"}],"replies":[{"embeddable":true,"href":"https:\/\/cosmoflag.com\/nb\/wp-json\/wp\/v2\/comments?post=2457"}],"wp:featuredmedia":[{"embeddable":true,"href":"https:\/\/cosmoflag.com\/nb\/wp-json\/wp\/v2\/media\/2458"}],"wp:attachment":[{"href":"https:\/\/cosmoflag.com\/nb\/wp-json\/wp\/v2\/media?parent=2457"}],"wp:term":[{"taxonomy":"product_brand","embeddable":true,"href":"https:\/\/cosmoflag.com\/nb\/wp-json\/wp\/v2\/product_brand?post=2457"},{"taxonomy":"product_cat","embeddable":true,"href":"https:\/\/cosmoflag.com\/nb\/wp-json\/wp\/v2\/product_cat?post=2457"},{"taxonomy":"product_tag","embeddable":true,"href":"https:\/\/cosmoflag.com\/nb\/wp-json\/wp\/v2\/product_tag?post=2457"}],"curies":[{"name":"wp","href":"https:\/\/api.w.org\/{rel}","templated":true}]}}