{"id":2455,"date":"2024-12-16T14:30:00","date_gmt":"2024-12-16T12:30:00","guid":{"rendered":"https:\/\/cosmoflag.com\/?post_type=product&#038;p=2455"},"modified":"2025-08-12T21:20:49","modified_gmt":"2025-08-12T19:20:49","slug":"russisk-flagg-med-tohodet-orn","status":"publish","type":"product","link":"https:\/\/cosmoflag.com\/nb\/produkt\/russisk-flagg-med-tohodet-orn\/","title":{"rendered":"Russisk flagg med tohodet \u00f8rn"},"content":{"rendered":"<h3>Trekk ved det russiske flagget med tohodet \u00f8rn<\/h3>\n<p>V\u00e5rt russiske flagg med tohodet \u00f8rn er laget av polyester av h\u00f8y kvalitet, noe som gj\u00f8r det ideelt for varig bruk, b\u00e5de innend\u00f8rs og utend\u00f8rs. Det har metallgjennomf\u00f8ringer for enkel montering og sikkert feste, selv under ugunstige v\u00e6rforhold. Flagget v\u00e5rt er tilgjengelig i 90 x 150 cm for maksimal synlighet, og oppfyller en rekke ulike behov, enten du \u00f8nsker \u00e5 vise det p\u00e5 en stang eller en vegg.<\/p>\n<h3>Et nasjonalt symbol gjennomsyret av historie<\/h3>\n<p>Det russiske flagget med den svarte dobbelthodede \u00f8rnen p\u00e5 gul bakgrunn er mye mer enn bare et nasjonalt banner. Den dobbelthodede \u00f8rnen, en arv fra den bysantinske perioden, er et mektig symbol p\u00e5 russisk imperium og autoritet, som f\u00f8rst ble tatt i bruk av Ivan III etter at han giftet seg med den bysantinske prinsessen Sophie Palaiologina. Den gule (gullfargede) bakgrunnen symboliserer den russiske statens rikdom, prakt og majestet. Flagget er ikke bare et dekorativt element, det legemliggj\u00f8r Russlands komplekse historie og keiserlige autoritet.<\/p>\n<h3>Allsidig bruk<\/h3>\n<p>Det russiske flagget med den dobbelthodede \u00f8rnen passer til alle anledninger, enten det er til nasjonale feiringer, historiske utstillinger eller utdanningsform\u00e5l. Det robuste designet og de blekningsbestandige fargene sikrer at flagget beholder sin betydning og visuelle effekt over tid.<\/p>","protected":false},"excerpt":{"rendered":"<p>150 x 90 cm stort flagg med 2 solide metallgjennomf\u00f8ringer for sikker opphengning.<\/p>","protected":false},"featured_media":2163,"comment_status":"open","ping_status":"closed","template":"","meta":{"_gspb_post_css":"","iawp_total_views":30},"product_brand":[],"product_cat":[65,58],"product_tag":[],"class_list":{"0":"post-2455","1":"product","2":"type-product","3":"status-publish","4":"has-post-thumbnail","6":"product_cat-europe-flags","7":"product_cat-country-flags","9":"first","10":"instock","11":"sale","12":"shipping-taxable","13":"purchasable","14":"product-type-simple"},"_links":{"self":[{"href":"https:\/\/cosmoflag.com\/nb\/wp-json\/wp\/v2\/product\/2455","targetHints":{"allow":["GET"]}}],"collection":[{"href":"https:\/\/cosmoflag.com\/nb\/wp-json\/wp\/v2\/product"}],"about":[{"href":"https:\/\/cosmoflag.com\/nb\/wp-json\/wp\/v2\/types\/product"}],"replies":[{"embeddable":true,"href":"https:\/\/cosmoflag.com\/nb\/wp-json\/wp\/v2\/comments?post=2455"}],"wp:featuredmedia":[{"embeddable":true,"href":"https:\/\/cosmoflag.com\/nb\/wp-json\/wp\/v2\/media\/2163"}],"wp:attachment":[{"href":"https:\/\/cosmoflag.com\/nb\/wp-json\/wp\/v2\/media?parent=2455"}],"wp:term":[{"taxonomy":"product_brand","embeddable":true,"href":"https:\/\/cosmoflag.com\/nb\/wp-json\/wp\/v2\/product_brand?post=2455"},{"taxonomy":"product_cat","embeddable":true,"href":"https:\/\/cosmoflag.com\/nb\/wp-json\/wp\/v2\/product_cat?post=2455"},{"taxonomy":"product_tag","embeddable":true,"href":"https:\/\/cosmoflag.com\/nb\/wp-json\/wp\/v2\/product_tag?post=2455"}],"curies":[{"name":"wp","href":"https:\/\/api.w.org\/{rel}","templated":true}]}}