{"id":2453,"date":"2024-12-16T14:25:00","date_gmt":"2024-12-16T12:25:00","guid":{"rendered":"https:\/\/cosmoflag.com\/?post_type=product&#038;p=2453"},"modified":"2025-08-12T21:20:50","modified_gmt":"2025-08-12T19:20:50","slug":"tunisias-flagg","status":"publish","type":"product","link":"https:\/\/cosmoflag.com\/nb\/produkt\/tunisias-flagg\/","title":{"rendered":"Tunisias flagg"},"content":{"rendered":"<h3>Kjennetegn ved Tunisias flagg<\/h3>\n<p>V\u00e5rt Tunisia-flagg er laget av polyester av h\u00f8y kvalitet, noe som gj\u00f8r det ideelt for slitesterk innend\u00f8rs og utend\u00f8rs bruk. Det har metallgjennomf\u00f8ringer for enkel montering og garantert hold, selv under ugunstige v\u00e6rforhold. Flagget v\u00e5rt er tilgjengelig i 90 x 150 cm for maksimal synlighet, og oppfyller en rekke ulike behov, enten du vil vise det p\u00e5 en stang eller en vegg.<\/p>\n<h3>Et nasjonalt symbol gjennomsyret av historie<\/h3>\n<p>Tunisias flagg, med sin r\u00f8de bakgrunn og den sentrale hvite sirkelen med den r\u00f8de halvm\u00e5nen og den femtakkede r\u00f8de stjernen, er mye mer enn bare et nasjonalt banner. Det ble vedtatt i 1831 og er dypt forankret i landets historie. Det r\u00f8de symboliserer blodet som ble utgytt for uavhengigheten, mens det hvite representerer fred. Halvm\u00e5nen og stjernen, som er sterke symboler p\u00e5 islam, gir ogs\u00e5 assosiasjoner til frihet og lys. Dette flagget er ikke bare et dekorativt element, det legemliggj\u00f8r det tunisiske folkets historie, kultur og ambisjoner.<\/p>\n<h3>Allsidig bruk<\/h3>\n<p>Det tunisiske flagget passer til alle anledninger, enten det er til nasjonale feiringer, sportsbegivenheter eller utdanningsform\u00e5l. Det robuste designet og de blekningsbestandige fargene sikrer at flagget beholder sin betydning og visuelle effekt over tid.<\/p>","protected":false},"excerpt":{"rendered":"<p>150 x 90 cm stort flagg med 2 solide metallgjennomf\u00f8ringer for sikker opphengning.<\/p>","protected":false},"featured_media":2208,"comment_status":"open","ping_status":"closed","template":"","meta":{"_gspb_post_css":"","iawp_total_views":9},"product_brand":[],"product_cat":[60,58],"product_tag":[],"class_list":{"0":"post-2453","1":"product","2":"type-product","3":"status-publish","4":"has-post-thumbnail","6":"product_cat-africa-flags","7":"product_cat-country-flags","9":"first","10":"instock","11":"sale","12":"shipping-taxable","13":"purchasable","14":"product-type-simple"},"_links":{"self":[{"href":"https:\/\/cosmoflag.com\/nb\/wp-json\/wp\/v2\/product\/2453","targetHints":{"allow":["GET"]}}],"collection":[{"href":"https:\/\/cosmoflag.com\/nb\/wp-json\/wp\/v2\/product"}],"about":[{"href":"https:\/\/cosmoflag.com\/nb\/wp-json\/wp\/v2\/types\/product"}],"replies":[{"embeddable":true,"href":"https:\/\/cosmoflag.com\/nb\/wp-json\/wp\/v2\/comments?post=2453"}],"wp:featuredmedia":[{"embeddable":true,"href":"https:\/\/cosmoflag.com\/nb\/wp-json\/wp\/v2\/media\/2208"}],"wp:attachment":[{"href":"https:\/\/cosmoflag.com\/nb\/wp-json\/wp\/v2\/media?parent=2453"}],"wp:term":[{"taxonomy":"product_brand","embeddable":true,"href":"https:\/\/cosmoflag.com\/nb\/wp-json\/wp\/v2\/product_brand?post=2453"},{"taxonomy":"product_cat","embeddable":true,"href":"https:\/\/cosmoflag.com\/nb\/wp-json\/wp\/v2\/product_cat?post=2453"},{"taxonomy":"product_tag","embeddable":true,"href":"https:\/\/cosmoflag.com\/nb\/wp-json\/wp\/v2\/product_tag?post=2453"}],"curies":[{"name":"wp","href":"https:\/\/api.w.org\/{rel}","templated":true}]}}