{"id":2452,"date":"2024-12-16T14:21:00","date_gmt":"2024-12-16T12:21:00","guid":{"rendered":"https:\/\/cosmoflag.com\/?post_type=product&#038;p=2452"},"modified":"2025-08-12T21:20:50","modified_gmt":"2025-08-12T19:20:50","slug":"slovakias-flagg","status":"publish","type":"product","link":"https:\/\/cosmoflag.com\/nb\/produkt\/slovakias-flagg\/","title":{"rendered":"Slovakias flagg"},"content":{"rendered":"<h3>Slovakiske flaggfunksjoner<\/h3>\n<p>V\u00e5rt Slovakia-flagg er laget av polyester av h\u00f8y kvalitet, noe som gj\u00f8r det ideelt for slitesterk innend\u00f8rs og utend\u00f8rs bruk. Det har metallgjennomf\u00f8ringer for enkel montering og garantert hold, selv under ugunstige v\u00e6rforhold. Flagget v\u00e5rt er tilgjengelig i 90 x 150 cm for maksimal synlighet, og oppfyller en rekke behov, enten du \u00f8nsker \u00e5 vise det p\u00e5 en stang eller en vegg.<\/p>\n<h3>Et nasjonalt symbol gjennomsyret av historie<\/h3>\n<p>Slovakias flagg, med sine horisontale striper i hvitt, bl\u00e5tt og r\u00f8dt og riksv\u00e5penet p\u00e5 den hvite stripen, er mye mer enn bare et nasjonalt banner. Flagget ble tatt i bruk i 1993 etter oppl\u00f8sningen av Tsjekkoslovakia, og er basert p\u00e5 de tradisjonelle panslaviske fargene. V\u00e5penskjoldet, som viser et dobbeltkors p\u00e5 et fjell med tre h\u00f8yder, symboliserer b\u00e5de den kristne troen og Slovakias fjellrike landskap. Flagget er ikke bare et dekorativt element, det symboliserer ogs\u00e5 det slovakiske folkets historie, suverenitet og kulturelle verdier.<\/p>\n<h3>Allsidig bruk<\/h3>\n<p>Det slovakiske flagget passer til alle anledninger, enten det er til nasjonale feiringer, sportsbegivenheter eller utdanningsform\u00e5l. Det robuste designet og de blekningsbestandige fargene s\u00f8rger for at flagget beholder sin betydning og visuelle effekt over tid.<\/p>","protected":false},"excerpt":{"rendered":"<p>150 x 90 cm stort flagg med 2 solide metallgjennomf\u00f8ringer for sikker opphengning.<\/p>","protected":false},"featured_media":2170,"comment_status":"open","ping_status":"closed","template":"","meta":{"_gspb_post_css":"","iawp_total_views":7},"product_brand":[],"product_cat":[65,58],"product_tag":[],"class_list":{"0":"post-2452","1":"product","2":"type-product","3":"status-publish","4":"has-post-thumbnail","6":"product_cat-europe-flags","7":"product_cat-country-flags","9":"first","10":"instock","11":"sale","12":"shipping-taxable","13":"purchasable","14":"product-type-simple"},"_links":{"self":[{"href":"https:\/\/cosmoflag.com\/nb\/wp-json\/wp\/v2\/product\/2452","targetHints":{"allow":["GET"]}}],"collection":[{"href":"https:\/\/cosmoflag.com\/nb\/wp-json\/wp\/v2\/product"}],"about":[{"href":"https:\/\/cosmoflag.com\/nb\/wp-json\/wp\/v2\/types\/product"}],"replies":[{"embeddable":true,"href":"https:\/\/cosmoflag.com\/nb\/wp-json\/wp\/v2\/comments?post=2452"}],"wp:featuredmedia":[{"embeddable":true,"href":"https:\/\/cosmoflag.com\/nb\/wp-json\/wp\/v2\/media\/2170"}],"wp:attachment":[{"href":"https:\/\/cosmoflag.com\/nb\/wp-json\/wp\/v2\/media?parent=2452"}],"wp:term":[{"taxonomy":"product_brand","embeddable":true,"href":"https:\/\/cosmoflag.com\/nb\/wp-json\/wp\/v2\/product_brand?post=2452"},{"taxonomy":"product_cat","embeddable":true,"href":"https:\/\/cosmoflag.com\/nb\/wp-json\/wp\/v2\/product_cat?post=2452"},{"taxonomy":"product_tag","embeddable":true,"href":"https:\/\/cosmoflag.com\/nb\/wp-json\/wp\/v2\/product_tag?post=2452"}],"curies":[{"name":"wp","href":"https:\/\/api.w.org\/{rel}","templated":true}]}}