{"id":2445,"date":"2024-12-16T13:56:00","date_gmt":"2024-12-16T11:56:00","guid":{"rendered":"https:\/\/cosmoflag.com\/?post_type=product&#038;p=2445"},"modified":"2025-08-12T21:20:54","modified_gmt":"2025-08-12T19:20:54","slug":"libanons-flagg","status":"publish","type":"product","link":"https:\/\/cosmoflag.com\/nb\/produkt\/libanons-flagg\/","title":{"rendered":"Libanons flagg"},"content":{"rendered":"<h3>Libanon flagg funksjoner<\/h3>\n<p>Libanon-flagget v\u00e5rt er laget av polyester av h\u00f8y kvalitet, noe som gj\u00f8r det ideelt for langvarig bruk, b\u00e5de innend\u00f8rs og utend\u00f8rs. Det har metallgjennomf\u00f8ringer for enkel montering og sikkert feste, selv under ugunstige v\u00e6rforhold. Flagget v\u00e5rt er tilgjengelig i 90 x 150 cm for maksimal synlighet, og oppfyller en rekke ulike behov, enten du \u00f8nsker \u00e5 vise det p\u00e5 en stang eller en vegg.<\/p>\n<h3>Et nasjonalt symbol gjennomsyret av historie<\/h3>\n<p>Libanons flagg, med sine to horisontale r\u00f8de striper som rammer inn en hvit midtstripe med et gr\u00f8nt sedertre i midten, er mye mer enn et enkelt nasjonalt banner. Det r\u00f8de symboliserer blodet som ble utgytt for uavhengigheten, det hvite representerer freden og renheten i landets sn\u00f8kledde fjell, og det gr\u00f8nne sedertreet er et symbol p\u00e5 hellighet, fred og evighet, dypt forankret i libanesisk historie og kultur. Dette flagget er ikke bare et dekorativt element; det legemliggj\u00f8r det libanesiske folkets historie, mangfold og ambisjoner.<\/p>\n<h3>Allsidig bruk<\/h3>\n<p>Det libanesiske flagget passer til alle anledninger, enten det er til nasjonale feiringer, kulturelle arrangementer eller utdanningsform\u00e5l. Det robuste designet og de blekningsbestandige fargene s\u00f8rger for at flagget beholder sin betydning og visuelle effekt over tid.<\/p>","protected":false},"excerpt":{"rendered":"<p>150 x 90 cm stort flagg med 2 solide metallgjennomf\u00f8ringer for sikker opphengning.<\/p>","protected":false},"featured_media":2047,"comment_status":"open","ping_status":"closed","template":"","meta":{"_gspb_post_css":"","iawp_total_views":32},"product_brand":[],"product_cat":[66,58],"product_tag":[],"class_list":{"0":"post-2445","1":"product","2":"type-product","3":"status-publish","4":"has-post-thumbnail","6":"product_cat-middle-east-flags","7":"product_cat-country-flags","9":"first","10":"instock","11":"sale","12":"shipping-taxable","13":"purchasable","14":"product-type-simple"},"_links":{"self":[{"href":"https:\/\/cosmoflag.com\/nb\/wp-json\/wp\/v2\/product\/2445","targetHints":{"allow":["GET"]}}],"collection":[{"href":"https:\/\/cosmoflag.com\/nb\/wp-json\/wp\/v2\/product"}],"about":[{"href":"https:\/\/cosmoflag.com\/nb\/wp-json\/wp\/v2\/types\/product"}],"replies":[{"embeddable":true,"href":"https:\/\/cosmoflag.com\/nb\/wp-json\/wp\/v2\/comments?post=2445"}],"wp:featuredmedia":[{"embeddable":true,"href":"https:\/\/cosmoflag.com\/nb\/wp-json\/wp\/v2\/media\/2047"}],"wp:attachment":[{"href":"https:\/\/cosmoflag.com\/nb\/wp-json\/wp\/v2\/media?parent=2445"}],"wp:term":[{"taxonomy":"product_brand","embeddable":true,"href":"https:\/\/cosmoflag.com\/nb\/wp-json\/wp\/v2\/product_brand?post=2445"},{"taxonomy":"product_cat","embeddable":true,"href":"https:\/\/cosmoflag.com\/nb\/wp-json\/wp\/v2\/product_cat?post=2445"},{"taxonomy":"product_tag","embeddable":true,"href":"https:\/\/cosmoflag.com\/nb\/wp-json\/wp\/v2\/product_tag?post=2445"}],"curies":[{"name":"wp","href":"https:\/\/api.w.org\/{rel}","templated":true}]}}