{"id":2435,"date":"2024-12-15T22:31:00","date_gmt":"2024-12-15T20:31:00","guid":{"rendered":"https:\/\/cosmoflag.com\/?post_type=product&#038;p=2435"},"modified":"2025-08-12T21:20:57","modified_gmt":"2025-08-12T19:20:57","slug":"kazakhstans-flagg","status":"publish","type":"product","link":"https:\/\/cosmoflag.com\/nb\/produkt\/kazakhstans-flagg\/","title":{"rendered":"Kasakhstans flagg"},"content":{"rendered":"<h3>Kasakhstan Flagg funksjoner<\/h3>\n<p>V\u00e5rt Kasakhstan-flagg er laget av polyester av h\u00f8y kvalitet, noe som gj\u00f8r det ideelt for langvarig bruk, b\u00e5de innend\u00f8rs og utend\u00f8rs. Det har metallgjennomf\u00f8ringer for enkel montering og garantert hold, selv under ugunstige v\u00e6rforhold. Flagget v\u00e5rt er tilgjengelig i 90 x 150 cm for maksimal synlighet, og oppfyller en rekke behov, enten du \u00f8nsker \u00e5 vise det p\u00e5 en stang eller en vegg.<\/p>\n<h3>Et nasjonalt symbol gjennomsyret av historie<\/h3>\n<p>Kasakhstans flagg, som ble tatt i bruk i 1992 etter landets uavhengighet fra Sovjetunionen, har en himmelbl\u00e5 bakgrunn med en sol og en \u00f8rn i flukt i midten, og et vertikalt ornamentalt motiv ved flaggstangen. Den himmelbl\u00e5 fargen symboliserer fred og ro, samt Kasakhstans kulturelle og etniske enhet. Solen representerer kilden til liv og energi, \u00f8rnen er et symbol p\u00e5 frihet og h\u00f8ye ambisjoner, og det ornamentale motivet minner om tradisjonell nomadisk kunst og kultur.<\/p>\n<h3>Allsidig bruk<\/h3>\n<p>Det kasakhiske flagget passer til alle anledninger, enten det gjelder nasjonale feiringer, kulturelle begivenheter, sport eller utdanningsform\u00e5l. Det robuste designet og de blekningsbestandige fargene sikrer at flagget beholder sin betydning og visuelle effekt over tid.<\/p>","protected":false},"excerpt":{"rendered":"<p>150 x 90 cm stort flagg med 2 solide metallgjennomf\u00f8ringer for sikker opphengning.<\/p>","protected":false},"featured_media":2019,"comment_status":"open","ping_status":"closed","template":"","meta":{"_gspb_post_css":"","iawp_total_views":5},"product_brand":[],"product_cat":[64,58],"product_tag":[],"class_list":{"0":"post-2435","1":"product","2":"type-product","3":"status-publish","4":"has-post-thumbnail","6":"product_cat-asia-flags","7":"product_cat-country-flags","9":"first","10":"instock","11":"sale","12":"shipping-taxable","13":"purchasable","14":"product-type-simple"},"_links":{"self":[{"href":"https:\/\/cosmoflag.com\/nb\/wp-json\/wp\/v2\/product\/2435","targetHints":{"allow":["GET"]}}],"collection":[{"href":"https:\/\/cosmoflag.com\/nb\/wp-json\/wp\/v2\/product"}],"about":[{"href":"https:\/\/cosmoflag.com\/nb\/wp-json\/wp\/v2\/types\/product"}],"replies":[{"embeddable":true,"href":"https:\/\/cosmoflag.com\/nb\/wp-json\/wp\/v2\/comments?post=2435"}],"wp:featuredmedia":[{"embeddable":true,"href":"https:\/\/cosmoflag.com\/nb\/wp-json\/wp\/v2\/media\/2019"}],"wp:attachment":[{"href":"https:\/\/cosmoflag.com\/nb\/wp-json\/wp\/v2\/media?parent=2435"}],"wp:term":[{"taxonomy":"product_brand","embeddable":true,"href":"https:\/\/cosmoflag.com\/nb\/wp-json\/wp\/v2\/product_brand?post=2435"},{"taxonomy":"product_cat","embeddable":true,"href":"https:\/\/cosmoflag.com\/nb\/wp-json\/wp\/v2\/product_cat?post=2435"},{"taxonomy":"product_tag","embeddable":true,"href":"https:\/\/cosmoflag.com\/nb\/wp-json\/wp\/v2\/product_tag?post=2435"}],"curies":[{"name":"wp","href":"https:\/\/api.w.org\/{rel}","templated":true}]}}