{"id":2429,"date":"2024-12-15T22:11:00","date_gmt":"2024-12-15T20:11:00","guid":{"rendered":"https:\/\/cosmoflag.com\/?post_type=product&#038;p=2429"},"modified":"2025-08-12T21:20:59","modified_gmt":"2025-08-12T19:20:59","slug":"tysklands-flagg","status":"publish","type":"product","link":"https:\/\/cosmoflag.com\/nb\/produkt\/tysklands-flagg\/","title":{"rendered":"Tysklands flagg"},"content":{"rendered":"<h3>Kjennetegn ved Tysklands flagg<\/h3>\n<p>Tyskland-flagget v\u00e5rt er laget av polyester av h\u00f8y kvalitet, noe som gj\u00f8r det ideelt for slitesterk innend\u00f8rs og utend\u00f8rs bruk. Det har metallgjennomf\u00f8ringer for enkel montering og garantert hold, selv under ugunstige v\u00e6rforhold. Flagget v\u00e5rt er tilgjengelig i 90 x 150 cm for maksimal synlighet, og oppfyller en rekke ulike behov, enten du \u00f8nsker \u00e5 vise det p\u00e5 en stang eller en vegg.<\/p>\n<h3>Et nasjonalt symbol gjennomsyret av historie<\/h3>\n<p>Det tyske flagget, som best\u00e5r av tre horisontale striper i svart, r\u00f8dt og gull, er mye mer enn bare et nasjonalt banner. Disse fargene ble tatt opp igjen i 1919, etter f\u00f8rste verdenskrig, og symboliserte Weimarrepublikken og ble senere adoptert av Forbundsrepublikken Tyskland. Svart representerer besluttsomhet, r\u00f8dt tapperhet og oppofrelse, og gull frihet og adel. Dette flagget er ikke bare et dekorativt element; det legemliggj\u00f8r det tyske folkets historie, motstandskraft og verdier.<\/p>\n<h3>Allsidig bruk<\/h3>\n<p>Det tyske flagget passer til alle anledninger, enten det er til nasjonale feiringer, sportsbegivenheter eller utdanningsform\u00e5l. Det robuste designet og de blekningsbestandige fargene s\u00f8rger for at flagget beholder sin betydning og visuelle effekt over tid.<\/p>","protected":false},"excerpt":{"rendered":"<p>150 x 90 cm stort flagg med 2 solide metallgjennomf\u00f8ringer for sikker opphengning.<\/p>","protected":false},"featured_media":1939,"comment_status":"open","ping_status":"closed","template":"","meta":{"_gspb_post_css":"","iawp_total_views":29},"product_brand":[],"product_cat":[65,58],"product_tag":[],"class_list":{"0":"post-2429","1":"product","2":"type-product","3":"status-publish","4":"has-post-thumbnail","6":"product_cat-europe-flags","7":"product_cat-country-flags","9":"first","10":"instock","11":"sale","12":"shipping-taxable","13":"purchasable","14":"product-type-simple"},"_links":{"self":[{"href":"https:\/\/cosmoflag.com\/nb\/wp-json\/wp\/v2\/product\/2429","targetHints":{"allow":["GET"]}}],"collection":[{"href":"https:\/\/cosmoflag.com\/nb\/wp-json\/wp\/v2\/product"}],"about":[{"href":"https:\/\/cosmoflag.com\/nb\/wp-json\/wp\/v2\/types\/product"}],"replies":[{"embeddable":true,"href":"https:\/\/cosmoflag.com\/nb\/wp-json\/wp\/v2\/comments?post=2429"}],"wp:featuredmedia":[{"embeddable":true,"href":"https:\/\/cosmoflag.com\/nb\/wp-json\/wp\/v2\/media\/1939"}],"wp:attachment":[{"href":"https:\/\/cosmoflag.com\/nb\/wp-json\/wp\/v2\/media?parent=2429"}],"wp:term":[{"taxonomy":"product_brand","embeddable":true,"href":"https:\/\/cosmoflag.com\/nb\/wp-json\/wp\/v2\/product_brand?post=2429"},{"taxonomy":"product_cat","embeddable":true,"href":"https:\/\/cosmoflag.com\/nb\/wp-json\/wp\/v2\/product_cat?post=2429"},{"taxonomy":"product_tag","embeddable":true,"href":"https:\/\/cosmoflag.com\/nb\/wp-json\/wp\/v2\/product_tag?post=2429"}],"curies":[{"name":"wp","href":"https:\/\/api.w.org\/{rel}","templated":true}]}}