{"id":2428,"date":"2024-12-15T22:08:00","date_gmt":"2024-12-15T20:08:00","guid":{"rendered":"https:\/\/cosmoflag.com\/?post_type=product&#038;p=2428"},"modified":"2025-08-12T21:21:00","modified_gmt":"2025-08-12T19:21:00","slug":"afghanistans-flagg","status":"publish","type":"product","link":"https:\/\/cosmoflag.com\/nb\/produkt\/afghanistans-flagg\/","title":{"rendered":"Afghanistans flagg"},"content":{"rendered":"<h3>Afghanistan flagg funksjoner<\/h3>\n<p>Afghanistan-flagget v\u00e5rt er laget av polyester av h\u00f8y kvalitet, noe som gj\u00f8r det ideelt for slitesterk innend\u00f8rs og utend\u00f8rs bruk. Det har metallgjennomf\u00f8ringer for enkel montering og garantert hold, selv under ugunstige v\u00e6rforhold. Flagget v\u00e5rt er tilgjengelig i st\u00f8rrelser p\u00e5 opptil 90 x 150 cm for maksimal synlighet, og det oppfyller en rekke behov, enten du \u00f8nsker \u00e5 henge det p\u00e5 en stang eller en vegg.<\/p>\n<h3>Et nasjonalt symbol gjennomsyret av historie<\/h3>\n<p>Afghanistans flagg, som ble tatt i bruk i 2021, har tre vertikale striper i svart, r\u00f8dt og gr\u00f8nt. Dette flagget, kjent som \"Tricolor\", har utviklet seg gjennom en rekke versjoner siden 1900-tallet. Svart representerer landets m\u00f8rke fortid, r\u00f8dt symboliserer blodet som ble utgytt for uavhengigheten, og gr\u00f8nt fremkaller h\u00e5p og velstand for fremtiden. I midten av flagget er det nasjonale emblemet, som best\u00e5r av en mosk\u00e9 med en mihrab vendt mot Mekka og hveteaks.<\/p>\n<h3>Allsidig bruk<\/h3>\n<p>Det afghanske flagget passer til alle anledninger, enten det dreier seg om nasjonale feiringer, sportsarrangementer, politiske demonstrasjoner eller utdanningsform\u00e5l. Det robuste designet og de blekningsbestandige fargene sikrer at flagget beholder sin betydning og visuelle effekt over tid.<\/p>","protected":false},"excerpt":{"rendered":"<p>150 x 90 cm stort flagg med 2 solide metallgjennomf\u00f8ringer for sikker opphengning.<\/p>","protected":false},"featured_media":1449,"comment_status":"open","ping_status":"closed","template":"","meta":{"_gspb_post_css":"","iawp_total_views":32},"product_brand":[],"product_cat":[64,58],"product_tag":[],"class_list":{"0":"post-2428","1":"product","2":"type-product","3":"status-publish","4":"has-post-thumbnail","6":"product_cat-asia-flags","7":"product_cat-country-flags","9":"first","10":"instock","11":"sale","12":"shipping-taxable","13":"purchasable","14":"product-type-simple"},"_links":{"self":[{"href":"https:\/\/cosmoflag.com\/nb\/wp-json\/wp\/v2\/product\/2428","targetHints":{"allow":["GET"]}}],"collection":[{"href":"https:\/\/cosmoflag.com\/nb\/wp-json\/wp\/v2\/product"}],"about":[{"href":"https:\/\/cosmoflag.com\/nb\/wp-json\/wp\/v2\/types\/product"}],"replies":[{"embeddable":true,"href":"https:\/\/cosmoflag.com\/nb\/wp-json\/wp\/v2\/comments?post=2428"}],"wp:featuredmedia":[{"embeddable":true,"href":"https:\/\/cosmoflag.com\/nb\/wp-json\/wp\/v2\/media\/1449"}],"wp:attachment":[{"href":"https:\/\/cosmoflag.com\/nb\/wp-json\/wp\/v2\/media?parent=2428"}],"wp:term":[{"taxonomy":"product_brand","embeddable":true,"href":"https:\/\/cosmoflag.com\/nb\/wp-json\/wp\/v2\/product_brand?post=2428"},{"taxonomy":"product_cat","embeddable":true,"href":"https:\/\/cosmoflag.com\/nb\/wp-json\/wp\/v2\/product_cat?post=2428"},{"taxonomy":"product_tag","embeddable":true,"href":"https:\/\/cosmoflag.com\/nb\/wp-json\/wp\/v2\/product_tag?post=2428"}],"curies":[{"name":"wp","href":"https:\/\/api.w.org\/{rel}","templated":true}]}}