{"id":2424,"date":"2024-12-15T21:56:00","date_gmt":"2024-12-15T19:56:00","guid":{"rendered":"https:\/\/cosmoflag.com\/?post_type=product&#038;p=2424"},"modified":"2025-08-12T21:23:02","modified_gmt":"2025-08-12T19:23:02","slug":"syrias-flagg","status":"publish","type":"product","link":"https:\/\/cosmoflag.com\/nb\/produkt\/syrias-flagg\/","title":{"rendered":"Syrias flagg"},"content":{"rendered":"<h3>Kjennetegn ved Syrias flagg<\/h3>\n<p>V\u00e5rt Syria-flagg er laget av polyester av h\u00f8y kvalitet, noe som gj\u00f8r det ideelt for langvarig bruk, b\u00e5de innend\u00f8rs og utend\u00f8rs. Det har metallgjennomf\u00f8ringer for enkel montering og garantert hold, selv under ugunstige v\u00e6rforhold. Flagget v\u00e5rt er tilgjengelig i 90 x 150 cm\/35 x 59 tommer for maksimal synlighet, og oppfyller en rekke ulike behov, enten du vil vise det p\u00e5 en stang eller en vegg.<\/p>\n<h3>Et nasjonalt symbol gjennomsyret av historie<\/h3>\n<p>Syrias n\u00e5v\u00e6rende flagg ble vedtatt i 1980 og er en tilbakevending til flagget som ble brukt fra 1958 til 1961, da Den forente arabiske republikk, som besto av Egypt og Syria, eksisterte. Det har tre horisontale striper i r\u00f8dt, hvitt og svart, med to gr\u00f8nne stjerner i den hvite stripen. Fargene er panarabismens farger, som symboliserer de arabiske folkenes enhet og uavhengighet. De gr\u00f8nne stjernene representerer Syria og Egypt.<\/p>\n<h3>Allsidig bruk<\/h3>\n<p>Det syriske flagget passer til alle anledninger, enten det dreier seg om nasjonale feiringer, sportsarrangementer, kulturelle begivenheter eller utdanningsform\u00e5l. Det robuste designet og de blekningsbestandige fargene s\u00f8rger for at flagget beholder sin betydning og visuelle effekt over tid.<\/p>","protected":false},"excerpt":{"rendered":"<p>150 x 90 cm stort flagg med 2 solide metallgjennomf\u00f8ringer for sikker opphengning.<\/p>","protected":false},"featured_media":1689,"comment_status":"open","ping_status":"closed","template":"","meta":{"_gspb_post_css":"","iawp_total_views":12},"product_brand":[],"product_cat":[60,58],"product_tag":[],"class_list":{"0":"post-2424","1":"product","2":"type-product","3":"status-publish","4":"has-post-thumbnail","6":"product_cat-africa-flags","7":"product_cat-country-flags","9":"first","10":"instock","11":"sale","12":"shipping-taxable","13":"purchasable","14":"product-type-simple"},"_links":{"self":[{"href":"https:\/\/cosmoflag.com\/nb\/wp-json\/wp\/v2\/product\/2424","targetHints":{"allow":["GET"]}}],"collection":[{"href":"https:\/\/cosmoflag.com\/nb\/wp-json\/wp\/v2\/product"}],"about":[{"href":"https:\/\/cosmoflag.com\/nb\/wp-json\/wp\/v2\/types\/product"}],"replies":[{"embeddable":true,"href":"https:\/\/cosmoflag.com\/nb\/wp-json\/wp\/v2\/comments?post=2424"}],"wp:featuredmedia":[{"embeddable":true,"href":"https:\/\/cosmoflag.com\/nb\/wp-json\/wp\/v2\/media\/1689"}],"wp:attachment":[{"href":"https:\/\/cosmoflag.com\/nb\/wp-json\/wp\/v2\/media?parent=2424"}],"wp:term":[{"taxonomy":"product_brand","embeddable":true,"href":"https:\/\/cosmoflag.com\/nb\/wp-json\/wp\/v2\/product_brand?post=2424"},{"taxonomy":"product_cat","embeddable":true,"href":"https:\/\/cosmoflag.com\/nb\/wp-json\/wp\/v2\/product_cat?post=2424"},{"taxonomy":"product_tag","embeddable":true,"href":"https:\/\/cosmoflag.com\/nb\/wp-json\/wp\/v2\/product_tag?post=2424"}],"curies":[{"name":"wp","href":"https:\/\/api.w.org\/{rel}","templated":true}]}}