{"id":2418,"date":"2024-12-15T21:42:00","date_gmt":"2024-12-15T19:42:00","guid":{"rendered":"https:\/\/cosmoflag.com\/?post_type=product&#038;p=2418"},"modified":"2026-04-14T04:13:58","modified_gmt":"2026-04-14T02:13:58","slug":"colombias-flagg","status":"publish","type":"product","link":"https:\/\/cosmoflag.com\/nb\/produkt\/colombias-flagg\/","title":{"rendered":"Colombias flagg"},"content":{"rendered":"<h3>Kjennetegn ved Colombia-flagget<\/h3>\n<p>V\u00e5rt Colombia-flagg er laget av polyester av h\u00f8y kvalitet, noe som gj\u00f8r det ideelt for slitesterk innend\u00f8rs og utend\u00f8rs bruk. Det har metallgjennomf\u00f8ringer for enkel montering og garantert hold, selv under ugunstige v\u00e6rforhold. Flagget v\u00e5rt er tilgjengelig i 90 x 150 cm\/35 x 59 tommer for maksimal synlighet, og oppfyller en rekke behov, enten du vil vise det p\u00e5 en stang eller en vegg.<\/p>\n<h3>Et nasjonalt symbol gjennomsyret av historie<\/h3>\n<p>Colombias flagg, som ble tatt i bruk i 1861, best\u00e5r av tre horisontale striper: en gul stripe \u00f8verst som opptar halvparten av flaggets bredde, etterfulgt av bl\u00e5 og r\u00f8de striper av samme st\u00f8rrelse. Den gule stripen symboliserer landets rike naturressurser, den bl\u00e5 representerer de to verdenshavene, Atlanterhavet og Stillehavet, og den r\u00f8de minner om blodet som ble utgytt for uavhengigheten.<\/p>\n<h3>Allsidig bruk<\/h3>\n<p>Det colombianske flagget passer til alle anledninger, enten det brukes til nasjonale feiringer, sportsarrangementer, kulturelle begivenheter eller utdanningsform\u00e5l. Det robuste designet og de blekningsbestandige fargene s\u00f8rger for at flagget beholder sin betydning og visuelle effekt over tid.<\/p>","protected":false},"excerpt":{"rendered":"<p>150 x 90 cm stort flagg med 2 solide metallgjennomf\u00f8ringer for sikker opphengning.<\/p>","protected":false},"featured_media":1049,"comment_status":"open","ping_status":"closed","template":"","meta":{"_gspb_post_css":"","iawp_total_views":14},"product_brand":[],"product_cat":[63,58],"product_tag":[],"class_list":{"0":"post-2418","1":"product","2":"type-product","3":"status-publish","4":"has-post-thumbnail","6":"product_cat-south-america-flag","7":"product_cat-country-flags","9":"first","10":"instock","11":"sale","12":"shipping-taxable","13":"purchasable","14":"product-type-simple"},"_links":{"self":[{"href":"https:\/\/cosmoflag.com\/nb\/wp-json\/wp\/v2\/product\/2418","targetHints":{"allow":["GET"]}}],"collection":[{"href":"https:\/\/cosmoflag.com\/nb\/wp-json\/wp\/v2\/product"}],"about":[{"href":"https:\/\/cosmoflag.com\/nb\/wp-json\/wp\/v2\/types\/product"}],"replies":[{"embeddable":true,"href":"https:\/\/cosmoflag.com\/nb\/wp-json\/wp\/v2\/comments?post=2418"}],"wp:featuredmedia":[{"embeddable":true,"href":"https:\/\/cosmoflag.com\/nb\/wp-json\/wp\/v2\/media\/1049"}],"wp:attachment":[{"href":"https:\/\/cosmoflag.com\/nb\/wp-json\/wp\/v2\/media?parent=2418"}],"wp:term":[{"taxonomy":"product_brand","embeddable":true,"href":"https:\/\/cosmoflag.com\/nb\/wp-json\/wp\/v2\/product_brand?post=2418"},{"taxonomy":"product_cat","embeddable":true,"href":"https:\/\/cosmoflag.com\/nb\/wp-json\/wp\/v2\/product_cat?post=2418"},{"taxonomy":"product_tag","embeddable":true,"href":"https:\/\/cosmoflag.com\/nb\/wp-json\/wp\/v2\/product_tag?post=2418"}],"curies":[{"name":"wp","href":"https:\/\/api.w.org\/{rel}","templated":true}]}}