{"id":2408,"date":"2024-12-15T21:04:00","date_gmt":"2024-12-15T19:04:00","guid":{"rendered":"https:\/\/cosmoflag.com\/?post_type=product&#038;p=2408"},"modified":"2025-08-12T21:23:06","modified_gmt":"2025-08-12T19:23:06","slug":"chiles-flagg","status":"publish","type":"product","link":"https:\/\/cosmoflag.com\/nb\/produkt\/chiles-flagg\/","title":{"rendered":"Chiles flagg"},"content":{"rendered":"<h3>Kjennetegn ved Chile flagget<\/h3>\n<p>Chile-flagget v\u00e5rt er laget av polyester av h\u00f8y kvalitet, noe som gj\u00f8r det ideelt for langvarig bruk, b\u00e5de innend\u00f8rs og utend\u00f8rs. Det har metallgjennomf\u00f8ringer for enkel montering og garantert hold, selv under ugunstige v\u00e6rforhold. Flagget v\u00e5rt er tilgjengelig i 90 x 150 cm for maksimal synlighet, og oppfyller en rekke ulike behov, enten du vil vise det p\u00e5 en stang eller en vegg.<\/p>\n<h3>Et nasjonalt symbol gjennomsyret av historie<\/h3>\n<p>Chiles flagg, ogs\u00e5 kjent som \u201cLa Estrella Solitaria\u201d (Den ensomme stjernen), ble tatt i bruk i 1817. Det best\u00e5r av to horisontale striper av ulik st\u00f8rrelse; den \u00f8vre stripen er hvit og den nedre stripen er r\u00f8d. I \u00f8verste venstre hj\u00f8rne, p\u00e5 bl\u00e5 bakgrunn, er det en hvit, femtakket stjerne. Det hvite symboliserer de sn\u00f8dekte toppene i Andesfjellene, det bl\u00e5 symboliserer himmelen og Stillehavet, det r\u00f8de minner om blodet som ble utgytt for uavhengigheten, og stjernen representerer nasjonens veiledende stat.<\/p>\n<h3>Allsidig bruk<\/h3>\n<p>Det chilenske flagget passer til alle anledninger, enten det er til nasjonale feiringer, sportsarrangementer, kulturelle begivenheter eller utdanningsform\u00e5l. Det robuste designet og de blekningsbestandige fargene s\u00f8rger for at flagget beholder sin betydning og visuelle effekt over tid.<\/p>","protected":false},"excerpt":{"rendered":"<p>150 x 90 cm stort flagg med 2 solide metallgjennomf\u00f8ringer for sikker opphengning.<\/p>","protected":false},"featured_media":1035,"comment_status":"open","ping_status":"closed","template":"","meta":{"_gspb_post_css":"","iawp_total_views":5},"product_brand":[],"product_cat":[63,58],"product_tag":[],"class_list":{"0":"post-2408","1":"product","2":"type-product","3":"status-publish","4":"has-post-thumbnail","6":"product_cat-south-america-flag","7":"product_cat-country-flags","9":"first","10":"instock","11":"sale","12":"shipping-taxable","13":"purchasable","14":"product-type-simple"},"_links":{"self":[{"href":"https:\/\/cosmoflag.com\/nb\/wp-json\/wp\/v2\/product\/2408","targetHints":{"allow":["GET"]}}],"collection":[{"href":"https:\/\/cosmoflag.com\/nb\/wp-json\/wp\/v2\/product"}],"about":[{"href":"https:\/\/cosmoflag.com\/nb\/wp-json\/wp\/v2\/types\/product"}],"replies":[{"embeddable":true,"href":"https:\/\/cosmoflag.com\/nb\/wp-json\/wp\/v2\/comments?post=2408"}],"wp:featuredmedia":[{"embeddable":true,"href":"https:\/\/cosmoflag.com\/nb\/wp-json\/wp\/v2\/media\/1035"}],"wp:attachment":[{"href":"https:\/\/cosmoflag.com\/nb\/wp-json\/wp\/v2\/media?parent=2408"}],"wp:term":[{"taxonomy":"product_brand","embeddable":true,"href":"https:\/\/cosmoflag.com\/nb\/wp-json\/wp\/v2\/product_brand?post=2408"},{"taxonomy":"product_cat","embeddable":true,"href":"https:\/\/cosmoflag.com\/nb\/wp-json\/wp\/v2\/product_cat?post=2408"},{"taxonomy":"product_tag","embeddable":true,"href":"https:\/\/cosmoflag.com\/nb\/wp-json\/wp\/v2\/product_tag?post=2408"}],"curies":[{"name":"wp","href":"https:\/\/api.w.org\/{rel}","templated":true}]}}