{"id":2396,"date":"2024-12-15T20:15:00","date_gmt":"2024-12-15T18:15:00","guid":{"rendered":"https:\/\/cosmoflag.com\/?post_type=product&#038;p=2396"},"modified":"2025-08-12T21:23:14","modified_gmt":"2025-08-12T19:23:14","slug":"nicaraguas-flagg","status":"publish","type":"product","link":"https:\/\/cosmoflag.com\/nb\/produkt\/nicaraguas-flagg\/","title":{"rendered":"Nicaraguas flagg"},"content":{"rendered":"<h3>Nicaragua flagg funksjoner<\/h3>\n<p>Nicaragua-flagget v\u00e5rt er laget av polyester av h\u00f8y kvalitet, noe som gj\u00f8r det ideelt for langvarig bruk, b\u00e5de innend\u00f8rs og utend\u00f8rs. Det har metallgjennomf\u00f8ringer for enkel montering og garantert hold, selv under ugunstige v\u00e6rforhold. Flagget v\u00e5rt er tilgjengelig i 90 x 150 cm for maksimal synlighet, og oppfyller en rekke ulike behov, enten du vil vise det p\u00e5 en stang eller en vegg.<\/p>\n<h3>Et nasjonalt symbol gjennomsyret av historie<\/h3>\n<p>Nicaraguas flagg, som ble tatt i bruk i 1908, best\u00e5r av tre horisontale striper med bl\u00e5tt \u00f8verst og nederst og hvitt i midten, noe som minner om flagget til Den sentralamerikanske f\u00f8derasjonen. I midten av den hvite stripen er det nasjonale emblemet, med fem vulkaner, en regnbue, en frygisk hatt og inskripsjonen \u201cRep\u00fablica de Nicaragua - Am\u00e9rica Central\u201d. Vulkanene representerer de fem medlemmene av den opprinnelige f\u00f8derasjonen, regnbuen symboliserer fred, og den frygiske hatten er et symbol p\u00e5 frihet.<\/p>\n<h3>Allsidig bruk<\/h3>\n<p>Det nicaraguanske flagget passer til alle anledninger, enten det er til nasjonale feiringer, sportsarrangementer, kulturelle begivenheter eller utdanningsform\u00e5l. Det robuste designet og de blekningsbestandige fargene s\u00f8rger for at flagget beholder sin betydning og visuelle effekt over tid.<\/p>","protected":false},"excerpt":{"rendered":"<p>150 x 90 cm stort flagg med 2 solide metallgjennomf\u00f8ringer for sikker opphengning.<\/p>","protected":false},"featured_media":1288,"comment_status":"open","ping_status":"closed","template":"","meta":{"_gspb_post_css":"","iawp_total_views":8},"product_brand":[],"product_cat":[61,58],"product_tag":[],"class_list":{"0":"post-2396","1":"product","2":"type-product","3":"status-publish","4":"has-post-thumbnail","6":"product_cat-central-america-flags","7":"product_cat-country-flags","9":"first","10":"instock","11":"sale","12":"shipping-taxable","13":"purchasable","14":"product-type-simple"},"_links":{"self":[{"href":"https:\/\/cosmoflag.com\/nb\/wp-json\/wp\/v2\/product\/2396","targetHints":{"allow":["GET"]}}],"collection":[{"href":"https:\/\/cosmoflag.com\/nb\/wp-json\/wp\/v2\/product"}],"about":[{"href":"https:\/\/cosmoflag.com\/nb\/wp-json\/wp\/v2\/types\/product"}],"replies":[{"embeddable":true,"href":"https:\/\/cosmoflag.com\/nb\/wp-json\/wp\/v2\/comments?post=2396"}],"wp:featuredmedia":[{"embeddable":true,"href":"https:\/\/cosmoflag.com\/nb\/wp-json\/wp\/v2\/media\/1288"}],"wp:attachment":[{"href":"https:\/\/cosmoflag.com\/nb\/wp-json\/wp\/v2\/media?parent=2396"}],"wp:term":[{"taxonomy":"product_brand","embeddable":true,"href":"https:\/\/cosmoflag.com\/nb\/wp-json\/wp\/v2\/product_brand?post=2396"},{"taxonomy":"product_cat","embeddable":true,"href":"https:\/\/cosmoflag.com\/nb\/wp-json\/wp\/v2\/product_cat?post=2396"},{"taxonomy":"product_tag","embeddable":true,"href":"https:\/\/cosmoflag.com\/nb\/wp-json\/wp\/v2\/product_tag?post=2396"}],"curies":[{"name":"wp","href":"https:\/\/api.w.org\/{rel}","templated":true}]}}