{"id":2395,"date":"2024-12-15T20:09:00","date_gmt":"2024-12-15T18:09:00","guid":{"rendered":"https:\/\/cosmoflag.com\/?post_type=product&#038;p=2395"},"modified":"2025-11-30T23:47:05","modified_gmt":"2025-11-30T21:47:05","slug":"serbias-flagg","status":"publish","type":"product","link":"https:\/\/cosmoflag.com\/nb\/produkt\/serbias-flagg\/","title":{"rendered":"Serbias flagg"},"content":{"rendered":"<h3>Kjennetegn ved det serbiske flagget med den dobbelthodede \u00f8rnen<\/h3>\n<p>V\u00e5rt Serbia-flagg med Nemanji\u0107s dobbelthodede \u00f8rn er laget av polyester av h\u00f8y kvalitet, noe som gj\u00f8r det ideelt for langvarig bruk, enten det er innend\u00f8rs eller utend\u00f8rs. Det har metall\u00f8yer som gj\u00f8r det enkelt \u00e5 montere og s\u00f8rger for at det holder seg p\u00e5 plass, selv under t\u00f8ffe v\u00e6rforhold. Flagget v\u00e5rt er tilgjengelig i 90 x 150 cm\/35 x 59 tommer for maksimal synlighet, og oppfyller en rekke behov, enten du vil vise det p\u00e5 en stang eller p\u00e5 en vegg.<\/p>\n<h3>Et nasjonalt symbol med mye historie og betydning<\/h3>\n<p>Serbias flagg har tre horisontale striper i r\u00f8dt, bl\u00e5tt og hvitt, med en svart dobbelthodet \u00f8rn i midten. Denne \u00f8rnen, et symbol arvet fra Nemanji\u0107, det middelalderske serbiske dynastiet, representerer den serbiske statens suverenitet og makt. Flaggets farger - r\u00f8dt, bl\u00e5tt og hvitt - er tradisjonelle slaviske farger, der r\u00f8dt symboliserer blodet som ble utgytt for frihet, bl\u00e5tt den serbiske himmelen og hvitt renhet og fred. Den dobbelthodede \u00f8rnen tilf\u00f8rer en dimensjon av historisk kontinuitet og respekt for tradisjonen.<\/p>\n<h3>Allsidig bruk<\/h3>\n<p>Enten det gjelder nasjonale feiringer, sportsarrangementer, kulturelle arrangementer eller utdanningsform\u00e5l, er det serbiske flagget med den dobbelthodede \u00f8rnen egnet for alle anledninger. Det robuste designet og de blekningsbestandige fargene s\u00f8rger for at flagget beholder sin betydning og visuelle effekt over tid.<\/p>","protected":false},"excerpt":{"rendered":"<p>150 x 90 cm stort flagg med 2 solide metallgjennomf\u00f8ringer for sikker opphengning.<\/p>","protected":false},"featured_media":1381,"comment_status":"open","ping_status":"closed","template":"","meta":{"_gspb_post_css":"","iawp_total_views":10},"product_brand":[],"product_cat":[65,58],"product_tag":[],"class_list":{"0":"post-2395","1":"product","2":"type-product","3":"status-publish","4":"has-post-thumbnail","6":"product_cat-europe-flags","7":"product_cat-country-flags","9":"first","10":"instock","11":"sale","12":"shipping-taxable","13":"purchasable","14":"product-type-simple"},"_links":{"self":[{"href":"https:\/\/cosmoflag.com\/nb\/wp-json\/wp\/v2\/product\/2395","targetHints":{"allow":["GET"]}}],"collection":[{"href":"https:\/\/cosmoflag.com\/nb\/wp-json\/wp\/v2\/product"}],"about":[{"href":"https:\/\/cosmoflag.com\/nb\/wp-json\/wp\/v2\/types\/product"}],"replies":[{"embeddable":true,"href":"https:\/\/cosmoflag.com\/nb\/wp-json\/wp\/v2\/comments?post=2395"}],"wp:featuredmedia":[{"embeddable":true,"href":"https:\/\/cosmoflag.com\/nb\/wp-json\/wp\/v2\/media\/1381"}],"wp:attachment":[{"href":"https:\/\/cosmoflag.com\/nb\/wp-json\/wp\/v2\/media?parent=2395"}],"wp:term":[{"taxonomy":"product_brand","embeddable":true,"href":"https:\/\/cosmoflag.com\/nb\/wp-json\/wp\/v2\/product_brand?post=2395"},{"taxonomy":"product_cat","embeddable":true,"href":"https:\/\/cosmoflag.com\/nb\/wp-json\/wp\/v2\/product_cat?post=2395"},{"taxonomy":"product_tag","embeddable":true,"href":"https:\/\/cosmoflag.com\/nb\/wp-json\/wp\/v2\/product_tag?post=2395"}],"curies":[{"name":"wp","href":"https:\/\/api.w.org\/{rel}","templated":true}]}}