{"id":2390,"date":"2024-12-15T19:50:00","date_gmt":"2024-12-15T17:50:00","guid":{"rendered":"https:\/\/cosmoflag.com\/?post_type=product&#038;p=2390"},"modified":"2025-08-12T21:23:16","modified_gmt":"2025-08-12T19:23:16","slug":"senegals-flagg","status":"publish","type":"product","link":"https:\/\/cosmoflag.com\/nb\/produkt\/senegals-flagg\/","title":{"rendered":"Senegals flagg"},"content":{"rendered":"<h3>Senegal flagg funksjoner<\/h3>\n<p>Senegal-flagget v\u00e5rt er laget av polyester av h\u00f8y kvalitet, noe som gj\u00f8r det ideelt for langvarig bruk, b\u00e5de innend\u00f8rs og utend\u00f8rs. Det har metallgjennomf\u00f8ringer for enkel montering og garantert hold, selv under ugunstige v\u00e6rforhold. Flagget v\u00e5rt er tilgjengelig i st\u00f8rrelsen 90 x 150 cm\/35 x 59 tommer for maksimal synlighet, og det oppfyller en rekke behov, enten du vil vise det p\u00e5 en stang eller en vegg.<\/p>\n<h3>Et nasjonalt symbol gjennomsyret av historie<\/h3>\n<p>Senegals flagg ble tatt i bruk i 1960 og best\u00e5r av tre vertikale striper i gr\u00f8nt, gult og r\u00f8dt, med en gr\u00f8nn femtakket stjerne i midten av den gule stripen. Dette er de panafrikanske fargene, som representerer h\u00e5p (gr\u00f8nt), rikdom (gult) og blodet som ble utgytt for uavhengigheten (r\u00f8dt). Den gr\u00f8nne stjernen symboliserer ogs\u00e5 afrikansk samhold og h\u00e5p om en velst\u00e5ende fremtid. Dette flagget gjenspeiler det senegalesiske folkets ambisjoner om frihet og fremgang.<\/p>\n<h3>Allsidig bruk<\/h3>\n<p>Det senegalesiske flagget passer til alle anledninger, enten det er til nasjonale feiringer, sportsarrangementer, politiske demonstrasjoner eller utdanningsform\u00e5l. Det robuste designet og de blekningsbestandige fargene s\u00f8rger for at flagget beholder sin betydning og visuelle effekt over tid.<\/p>","protected":false},"excerpt":{"rendered":"<p>150 x 90 cm stort flagg med 2 solide metallgjennomf\u00f8ringer for sikker opphengning.<\/p>","protected":false},"featured_media":1374,"comment_status":"open","ping_status":"closed","template":"","meta":{"_gspb_post_css":"","iawp_total_views":26},"product_brand":[],"product_cat":[60,58],"product_tag":[],"class_list":{"0":"post-2390","1":"product","2":"type-product","3":"status-publish","4":"has-post-thumbnail","6":"product_cat-africa-flags","7":"product_cat-country-flags","9":"first","10":"instock","11":"sale","12":"shipping-taxable","13":"purchasable","14":"product-type-simple"},"_links":{"self":[{"href":"https:\/\/cosmoflag.com\/nb\/wp-json\/wp\/v2\/product\/2390","targetHints":{"allow":["GET"]}}],"collection":[{"href":"https:\/\/cosmoflag.com\/nb\/wp-json\/wp\/v2\/product"}],"about":[{"href":"https:\/\/cosmoflag.com\/nb\/wp-json\/wp\/v2\/types\/product"}],"replies":[{"embeddable":true,"href":"https:\/\/cosmoflag.com\/nb\/wp-json\/wp\/v2\/comments?post=2390"}],"wp:featuredmedia":[{"embeddable":true,"href":"https:\/\/cosmoflag.com\/nb\/wp-json\/wp\/v2\/media\/1374"}],"wp:attachment":[{"href":"https:\/\/cosmoflag.com\/nb\/wp-json\/wp\/v2\/media?parent=2390"}],"wp:term":[{"taxonomy":"product_brand","embeddable":true,"href":"https:\/\/cosmoflag.com\/nb\/wp-json\/wp\/v2\/product_brand?post=2390"},{"taxonomy":"product_cat","embeddable":true,"href":"https:\/\/cosmoflag.com\/nb\/wp-json\/wp\/v2\/product_cat?post=2390"},{"taxonomy":"product_tag","embeddable":true,"href":"https:\/\/cosmoflag.com\/nb\/wp-json\/wp\/v2\/product_tag?post=2390"}],"curies":[{"name":"wp","href":"https:\/\/api.w.org\/{rel}","templated":true}]}}