{"id":2387,"date":"2024-12-15T19:37:00","date_gmt":"2024-12-15T17:37:00","guid":{"rendered":"https:\/\/cosmoflag.com\/?post_type=product&#038;p=2387"},"modified":"2025-08-12T21:23:16","modified_gmt":"2025-08-12T19:23:16","slug":"mexico-flagg","status":"publish","type":"product","link":"https:\/\/cosmoflag.com\/nb\/produkt\/mexico-flagg\/","title":{"rendered":"Mexicos flagg"},"content":{"rendered":"<h3>Kjennetegn ved det meksikanske flagget<\/h3>\n<p>Mexico-flagget v\u00e5rt er laget av polyester av h\u00f8y kvalitet, noe som gj\u00f8r det ideelt for slitesterk innend\u00f8rs og utend\u00f8rs bruk. Det har metallgjennomf\u00f8ringer for enkel montering og garantert hold, selv under ugunstige v\u00e6rforhold. Flagget v\u00e5rt er tilgjengelig i en st\u00f8rrelse p\u00e5 90 x 150 cm for maksimal synlighet, og oppfyller en rekke ulike behov, enten du vil vise det p\u00e5 en stang eller en vegg.<\/p>\n<h3>Et nasjonalt symbol gjennomsyret av historie<\/h3>\n<p>Det meksikanske flagget, som ble tatt i bruk i 1968, men som er basert p\u00e5 tidligere design, best\u00e5r av tre vertikale striper i gr\u00f8nt, hvitt og r\u00f8dt. I midten av den hvite stripen er det nasjonale emblemet, som viser en meksikansk \u00f8rn som sitter p\u00e5 en nopal (kaktus) og holder en slange i nebbet. Dette bildet er sv\u00e6rt symbolsk for Mexico, ettersom det er basert p\u00e5 en aztekisk legende som indikerte hvor hovedstaden Tenochtitlan skulle ligge. Fargene i flagget har mange betydninger: gr\u00f8nt representerer h\u00e5p og velstand, hvitt symboliserer fred og samhold, og r\u00f8dt minner om blodet som ble utgytt av nasjonale helter.<\/p>\n<h3>Allsidig bruk<\/h3>\n<p>Det meksikanske flagget passer til alle anledninger, enten det dreier seg om nasjonale feiringer, sportsarrangementer, politiske demonstrasjoner eller utdanningsform\u00e5l. Det robuste designet og de blekningsbestandige fargene s\u00f8rger for at flagget beholder sin betydning og visuelle effekt over tid.<\/p>","protected":false},"excerpt":{"rendered":"<p>150 x 90 cm stort flagg med 2 solide metallgjennomf\u00f8ringer for sikker opphengning.<\/p>","protected":false},"featured_media":2388,"comment_status":"open","ping_status":"closed","template":"","meta":{"_gspb_post_css":"","iawp_total_views":76},"product_brand":[],"product_cat":[62,58],"product_tag":[],"class_list":{"0":"post-2387","1":"product","2":"type-product","3":"status-publish","4":"has-post-thumbnail","6":"product_cat-north-america-flags","7":"product_cat-country-flags","9":"first","10":"instock","11":"sale","12":"shipping-taxable","13":"purchasable","14":"product-type-simple"},"_links":{"self":[{"href":"https:\/\/cosmoflag.com\/nb\/wp-json\/wp\/v2\/product\/2387","targetHints":{"allow":["GET"]}}],"collection":[{"href":"https:\/\/cosmoflag.com\/nb\/wp-json\/wp\/v2\/product"}],"about":[{"href":"https:\/\/cosmoflag.com\/nb\/wp-json\/wp\/v2\/types\/product"}],"replies":[{"embeddable":true,"href":"https:\/\/cosmoflag.com\/nb\/wp-json\/wp\/v2\/comments?post=2387"}],"wp:featuredmedia":[{"embeddable":true,"href":"https:\/\/cosmoflag.com\/nb\/wp-json\/wp\/v2\/media\/2388"}],"wp:attachment":[{"href":"https:\/\/cosmoflag.com\/nb\/wp-json\/wp\/v2\/media?parent=2387"}],"wp:term":[{"taxonomy":"product_brand","embeddable":true,"href":"https:\/\/cosmoflag.com\/nb\/wp-json\/wp\/v2\/product_brand?post=2387"},{"taxonomy":"product_cat","embeddable":true,"href":"https:\/\/cosmoflag.com\/nb\/wp-json\/wp\/v2\/product_cat?post=2387"},{"taxonomy":"product_tag","embeddable":true,"href":"https:\/\/cosmoflag.com\/nb\/wp-json\/wp\/v2\/product_tag?post=2387"}],"curies":[{"name":"wp","href":"https:\/\/api.w.org\/{rel}","templated":true}]}}