{"id":2382,"date":"2024-12-15T15:19:00","date_gmt":"2024-12-15T13:19:00","guid":{"rendered":"https:\/\/cosmoflag.com\/?post_type=product&#038;p=2382"},"modified":"2025-08-12T21:23:18","modified_gmt":"2025-08-12T19:23:18","slug":"grenadas-flagg","status":"publish","type":"product","link":"https:\/\/cosmoflag.com\/nb\/produkt\/grenadas-flagg\/","title":{"rendered":"Grenadas flagg"},"content":{"rendered":"<h3>Kjennetegn ved det grenadiske flagget<\/h3>\n<p>Grenada-flagget v\u00e5rt er laget av polyester av h\u00f8y kvalitet, noe som gj\u00f8r det ideelt for langvarig bruk, b\u00e5de innend\u00f8rs og utend\u00f8rs. Det har metallgjennomf\u00f8ringer for enkel montering og garantert hold, selv under ugunstige v\u00e6rforhold. Flagget v\u00e5rt er tilgjengelig i 90 x 150 cm for maksimal synlighet, og oppfyller en rekke ulike behov, enten du vil vise det p\u00e5 en stang eller en vegg.<\/p>\n<h3>Et nasjonalt symbol gjennomsyret av historie<\/h3>\n<p>Grenadas flagg ble vedtatt i 1974 og har et unikt design som best\u00e5r av et rektangel delt inn i fire r\u00f8de og gule trekanter, adskilt av et hvitt kors som inneholder en r\u00f8d skive med en femtakket gul stjerne i midten. Hvert hj\u00f8rne av flagget har ogs\u00e5 en gul stjerne. R\u00f8dt symboliserer folkets mot, gult solens varme og jordens rikdom, og gr\u00f8nt vegetasjonens overflod. Stjernen i midten representerer Grenadas enhet og dens menigheter.<\/p>\n<h3>Allsidig bruk<\/h3>\n<p>Grenadisk flagg passer til alle anledninger, enten det er til nasjonale feiringer, sportsarrangementer, kulturelle begivenheter eller utdanningsform\u00e5l. Det robuste designet og de blekningsbestandige fargene s\u00f8rger for at flagget beholder sin betydning og visuelle effekt over tid.<\/p>","protected":false},"excerpt":{"rendered":"<p>150 x 90 cm stort flagg med 2 solide metallgjennomf\u00f8ringer for sikker opphengning.<\/p>","protected":false},"featured_media":1943,"comment_status":"open","ping_status":"closed","template":"","meta":{"_gspb_post_css":"","iawp_total_views":2},"product_brand":[],"product_cat":[63,58],"product_tag":[],"class_list":{"0":"post-2382","1":"product","2":"type-product","3":"status-publish","4":"has-post-thumbnail","6":"product_cat-south-america-flag","7":"product_cat-country-flags","9":"first","10":"instock","11":"sale","12":"shipping-taxable","13":"purchasable","14":"product-type-simple"},"_links":{"self":[{"href":"https:\/\/cosmoflag.com\/nb\/wp-json\/wp\/v2\/product\/2382","targetHints":{"allow":["GET"]}}],"collection":[{"href":"https:\/\/cosmoflag.com\/nb\/wp-json\/wp\/v2\/product"}],"about":[{"href":"https:\/\/cosmoflag.com\/nb\/wp-json\/wp\/v2\/types\/product"}],"replies":[{"embeddable":true,"href":"https:\/\/cosmoflag.com\/nb\/wp-json\/wp\/v2\/comments?post=2382"}],"wp:featuredmedia":[{"embeddable":true,"href":"https:\/\/cosmoflag.com\/nb\/wp-json\/wp\/v2\/media\/1943"}],"wp:attachment":[{"href":"https:\/\/cosmoflag.com\/nb\/wp-json\/wp\/v2\/media?parent=2382"}],"wp:term":[{"taxonomy":"product_brand","embeddable":true,"href":"https:\/\/cosmoflag.com\/nb\/wp-json\/wp\/v2\/product_brand?post=2382"},{"taxonomy":"product_cat","embeddable":true,"href":"https:\/\/cosmoflag.com\/nb\/wp-json\/wp\/v2\/product_cat?post=2382"},{"taxonomy":"product_tag","embeddable":true,"href":"https:\/\/cosmoflag.com\/nb\/wp-json\/wp\/v2\/product_tag?post=2382"}],"curies":[{"name":"wp","href":"https:\/\/api.w.org\/{rel}","templated":true}]}}