{"id":2374,"date":"2024-12-15T14:53:00","date_gmt":"2024-12-15T12:53:00","guid":{"rendered":"https:\/\/cosmoflag.com\/?post_type=product&#038;p=2374"},"modified":"2025-08-12T21:23:23","modified_gmt":"2025-08-12T19:23:23","slug":"ungarsk-flagg","status":"publish","type":"product","link":"https:\/\/cosmoflag.com\/nb\/produkt\/ungarsk-flagg\/","title":{"rendered":"Ungarns flagg"},"content":{"rendered":"<h3>Kjennetegn ved det ungarske flagget<\/h3>\n<p>Ungarn-flagget v\u00e5rt er laget av polyester av h\u00f8y kvalitet, noe som gj\u00f8r det ideelt for langvarig bruk, b\u00e5de innend\u00f8rs og utend\u00f8rs. Det har metallgjennomf\u00f8ringer for enkel montering og garantert hold, selv under ugunstige v\u00e6rforhold. Flagget v\u00e5rt er tilgjengelig i 90 x 150 cm\/35 x 59 tommer for maksimal synlighet, og oppfyller en rekke ulike behov, enten du vil vise det p\u00e5 en stang eller en vegg.<\/p>\n<h3>Et nasjonalt symbol gjennomsyret av historie<\/h3>\n<p>Ungarns flagg best\u00e5r av tre horisontale striper i r\u00f8dt, hvitt og gr\u00f8nt. R\u00f8dt symboliserer mot, hvitt lojalitet og gr\u00f8nt h\u00e5p, og ble vedtatt i 1957, men er basert p\u00e5 eldre nasjonale elementer. Disse fargene er ogs\u00e5 fargene i Ungarns historiske v\u00e5penskjold, som kan dateres tilbake til middelalderen. Flagget gjenspeiler ikke bare nasjonens historie og kamp, men ogs\u00e5 dens streben etter frihet og suverenitet.<\/p>\n<h3>Allsidig bruk<\/h3>\n<p>Det ungarske flagget passer til alle anledninger, enten det dreier seg om nasjonale feiringer, sportsarrangementer, politiske demonstrasjoner eller utdanningsform\u00e5l. Det robuste designet og de blekningsbestandige fargene sikrer at flagget beholder sin betydning og visuelle effekt over tid.<\/p>","protected":false},"excerpt":{"rendered":"<p>150 x 90 cm stort flagg med 2 solide metallgjennomf\u00f8ringer for sikker opphengning.<\/p>","protected":false},"featured_media":1149,"comment_status":"open","ping_status":"closed","template":"","meta":{"_gspb_post_css":"","iawp_total_views":23},"product_brand":[],"product_cat":[65,58],"product_tag":[],"class_list":{"0":"post-2374","1":"product","2":"type-product","3":"status-publish","4":"has-post-thumbnail","6":"product_cat-europe-flags","7":"product_cat-country-flags","9":"first","10":"instock","11":"sale","12":"shipping-taxable","13":"purchasable","14":"product-type-simple"},"_links":{"self":[{"href":"https:\/\/cosmoflag.com\/nb\/wp-json\/wp\/v2\/product\/2374","targetHints":{"allow":["GET"]}}],"collection":[{"href":"https:\/\/cosmoflag.com\/nb\/wp-json\/wp\/v2\/product"}],"about":[{"href":"https:\/\/cosmoflag.com\/nb\/wp-json\/wp\/v2\/types\/product"}],"replies":[{"embeddable":true,"href":"https:\/\/cosmoflag.com\/nb\/wp-json\/wp\/v2\/comments?post=2374"}],"wp:featuredmedia":[{"embeddable":true,"href":"https:\/\/cosmoflag.com\/nb\/wp-json\/wp\/v2\/media\/1149"}],"wp:attachment":[{"href":"https:\/\/cosmoflag.com\/nb\/wp-json\/wp\/v2\/media?parent=2374"}],"wp:term":[{"taxonomy":"product_brand","embeddable":true,"href":"https:\/\/cosmoflag.com\/nb\/wp-json\/wp\/v2\/product_brand?post=2374"},{"taxonomy":"product_cat","embeddable":true,"href":"https:\/\/cosmoflag.com\/nb\/wp-json\/wp\/v2\/product_cat?post=2374"},{"taxonomy":"product_tag","embeddable":true,"href":"https:\/\/cosmoflag.com\/nb\/wp-json\/wp\/v2\/product_tag?post=2374"}],"curies":[{"name":"wp","href":"https:\/\/api.w.org\/{rel}","templated":true}]}}