{"id":2372,"date":"2024-12-15T14:37:00","date_gmt":"2024-12-15T12:37:00","guid":{"rendered":"https:\/\/cosmoflag.com\/?post_type=product&#038;p=2372"},"modified":"2025-08-12T21:23:24","modified_gmt":"2025-08-12T19:23:24","slug":"moldova-flagg","status":"publish","type":"product","link":"https:\/\/cosmoflag.com\/nb\/produkt\/moldova-flagg\/","title":{"rendered":"Moldovas flagg"},"content":{"rendered":"<h3>Moldova flagg funksjoner<\/h3>\n<p>Moldova-flagget v\u00e5rt er laget av polyester av h\u00f8y kvalitet, noe som gj\u00f8r det ideelt for langvarig bruk, b\u00e5de innend\u00f8rs og utend\u00f8rs. Det har metallgjennomf\u00f8ringer for enkel montering og sikkert feste, selv under ugunstige v\u00e6rforhold. Flagget v\u00e5rt er tilgjengelig i 90 x 150 cm for maksimal synlighet, og oppfyller en rekke ulike behov, enten du vil vise det p\u00e5 en stang eller en vegg.<\/p>\n<h3>Et nasjonalt symbol gjennomsyret av historie<\/h3>\n<p>Moldovas flagg, som ble tatt i bruk i 1990 etter uavhengigheten fra Sovjetunionen, har tre vertikale striper i bl\u00e5tt, gult og r\u00f8dt. Dette er de tradisjonelle panromerske fargene, som representerer brorskap med andre romanske nasjoner, som Romania. I midten av den gule stripen er det nasjonale emblemet, en \u00f8rn som holder et skjold med en urokse, et historisk symbol for Moldova. \u00d8rnen representerer styrke, frihet og suverenitet, mens uroksen minner om landets middelalderske fortid.<\/p>\n<h3>Allsidig bruk<\/h3>\n<p>Det moldoviske flagget passer til alle anledninger, enten det er til nasjonale feiringer, sportsarrangementer, politiske demonstrasjoner eller utdanningsform\u00e5l. Det robuste designet og de blekningsbestandige fargene s\u00f8rger for at flagget beholder sin betydning og visuelle effekt over tid.<\/p>","protected":false},"excerpt":{"rendered":"<p>150 x 90 cm stort flagg med 2 solide metallgjennomf\u00f8ringer for sikker opphengning.<\/p>","protected":false},"featured_media":1618,"comment_status":"open","ping_status":"closed","template":"","meta":{"_gspb_post_css":"","iawp_total_views":2},"product_brand":[],"product_cat":[65,58],"product_tag":[],"class_list":{"0":"post-2372","1":"product","2":"type-product","3":"status-publish","4":"has-post-thumbnail","6":"product_cat-europe-flags","7":"product_cat-country-flags","9":"first","10":"instock","11":"sale","12":"shipping-taxable","13":"purchasable","14":"product-type-simple"},"_links":{"self":[{"href":"https:\/\/cosmoflag.com\/nb\/wp-json\/wp\/v2\/product\/2372","targetHints":{"allow":["GET"]}}],"collection":[{"href":"https:\/\/cosmoflag.com\/nb\/wp-json\/wp\/v2\/product"}],"about":[{"href":"https:\/\/cosmoflag.com\/nb\/wp-json\/wp\/v2\/types\/product"}],"replies":[{"embeddable":true,"href":"https:\/\/cosmoflag.com\/nb\/wp-json\/wp\/v2\/comments?post=2372"}],"wp:featuredmedia":[{"embeddable":true,"href":"https:\/\/cosmoflag.com\/nb\/wp-json\/wp\/v2\/media\/1618"}],"wp:attachment":[{"href":"https:\/\/cosmoflag.com\/nb\/wp-json\/wp\/v2\/media?parent=2372"}],"wp:term":[{"taxonomy":"product_brand","embeddable":true,"href":"https:\/\/cosmoflag.com\/nb\/wp-json\/wp\/v2\/product_brand?post=2372"},{"taxonomy":"product_cat","embeddable":true,"href":"https:\/\/cosmoflag.com\/nb\/wp-json\/wp\/v2\/product_cat?post=2372"},{"taxonomy":"product_tag","embeddable":true,"href":"https:\/\/cosmoflag.com\/nb\/wp-json\/wp\/v2\/product_tag?post=2372"}],"curies":[{"name":"wp","href":"https:\/\/api.w.org\/{rel}","templated":true}]}}