{"id":2371,"date":"2024-12-15T14:33:00","date_gmt":"2024-12-15T12:33:00","guid":{"rendered":"https:\/\/cosmoflag.com\/?post_type=product&#038;p=2371"},"modified":"2025-08-12T21:23:24","modified_gmt":"2025-08-12T19:23:24","slug":"japansk-flagg","status":"publish","type":"product","link":"https:\/\/cosmoflag.com\/nb\/produkt\/japansk-flagg\/","title":{"rendered":"Japans flagg"},"content":{"rendered":"<h3>Kjennetegn ved det japanske flagget<\/h3>\n<p>V\u00e5rt Japan-flagg, ogs\u00e5 kjent som \"Nissh\u014dki\" eller \"Hinomaru\", er laget av polyester av h\u00f8y kvalitet, noe som gj\u00f8r det ideelt for langvarig bruk, enten det er innend\u00f8rs eller utend\u00f8rs. Det har metall\u00f8yer for enkel montering og garantert hold, selv under t\u00f8ffe v\u00e6rforhold. Flagget v\u00e5rt er tilgjengelig i en st\u00f8rrelse p\u00e5 90 x 150 cm for maksimal synlighet, og oppfyller en rekke behov, enten du \u00f8nsker \u00e5 vise det p\u00e5 en stang eller en vegg.<\/p>\n<h3>Et nasjonalt symbol gjennomsyret av historie<\/h3>\n<p>Japans flagg har en ren hvit bakgrunn med en sentral r\u00f8d skive, som representerer solen. Dette elegante designet ble offisielt vedtatt som nasjonalflagg i 1999, men har v\u00e6rt i bruk siden midten av 1800-tallet. Den r\u00f8de skiven symboliserer den oppg\u00e5ende solen, et navn som Japan ofte omtales med. Dette symbolet er dypt forankret i japansk kultur, og representerer lysstyrke, oppriktighet og nasjonal varme.<\/p>\n<h3>Allsidig bruk<\/h3>\n<p>Det japanske flagget passer til alle anledninger, enten det dreier seg om nasjonale feiringer, sportsarrangementer, kulturutveksling eller utdanningsform\u00e5l. Det robuste designet og de blekningsbestandige fargene sikrer at flagget beholder sin betydning og visuelle effekt over tid.<\/p>","protected":false},"excerpt":{"rendered":"<p>150 x 90 cm stort flagg med 2 solide metallgjennomf\u00f8ringer for sikker opphengning.<\/p>","protected":false},"featured_media":1179,"comment_status":"open","ping_status":"closed","template":"","meta":{"_gspb_post_css":"","iawp_total_views":14},"product_brand":[],"product_cat":[64,58],"product_tag":[],"class_list":{"0":"post-2371","1":"product","2":"type-product","3":"status-publish","4":"has-post-thumbnail","6":"product_cat-asia-flags","7":"product_cat-country-flags","9":"first","10":"instock","11":"sale","12":"shipping-taxable","13":"purchasable","14":"product-type-simple"},"_links":{"self":[{"href":"https:\/\/cosmoflag.com\/nb\/wp-json\/wp\/v2\/product\/2371","targetHints":{"allow":["GET"]}}],"collection":[{"href":"https:\/\/cosmoflag.com\/nb\/wp-json\/wp\/v2\/product"}],"about":[{"href":"https:\/\/cosmoflag.com\/nb\/wp-json\/wp\/v2\/types\/product"}],"replies":[{"embeddable":true,"href":"https:\/\/cosmoflag.com\/nb\/wp-json\/wp\/v2\/comments?post=2371"}],"wp:featuredmedia":[{"embeddable":true,"href":"https:\/\/cosmoflag.com\/nb\/wp-json\/wp\/v2\/media\/1179"}],"wp:attachment":[{"href":"https:\/\/cosmoflag.com\/nb\/wp-json\/wp\/v2\/media?parent=2371"}],"wp:term":[{"taxonomy":"product_brand","embeddable":true,"href":"https:\/\/cosmoflag.com\/nb\/wp-json\/wp\/v2\/product_brand?post=2371"},{"taxonomy":"product_cat","embeddable":true,"href":"https:\/\/cosmoflag.com\/nb\/wp-json\/wp\/v2\/product_cat?post=2371"},{"taxonomy":"product_tag","embeddable":true,"href":"https:\/\/cosmoflag.com\/nb\/wp-json\/wp\/v2\/product_tag?post=2371"}],"curies":[{"name":"wp","href":"https:\/\/api.w.org\/{rel}","templated":true}]}}