{"id":2368,"date":"2024-12-15T14:18:00","date_gmt":"2024-12-15T12:18:00","guid":{"rendered":"https:\/\/cosmoflag.com\/?post_type=product&#038;p=2368"},"modified":"2025-08-12T21:23:25","modified_gmt":"2025-08-12T19:23:25","slug":"texas-flagg","status":"publish","type":"product","link":"https:\/\/cosmoflag.com\/nb\/produkt\/texas-flagg\/","title":{"rendered":"Texas Flag"},"content":{"rendered":"<h3>Texanske flaggfunksjoner<\/h3>\n<p>Texas-flagget v\u00e5rt, ogs\u00e5 kjent som \u201cLone Star Flag\u201d, er laget av polyester av h\u00f8y kvalitet, noe som gj\u00f8r det ideelt for langvarig bruk b\u00e5de innend\u00f8rs og utend\u00f8rs. Det har metall\u00f8yer for enkel montering og sikkert feste, selv under ugunstige v\u00e6rforhold. Flagget v\u00e5rt er tilgjengelig i 90 x 150 cm\/35 x 59 tommer for maksimal synlighet, og oppfyller en rekke behov, enten du vil vise det p\u00e5 en stang eller p\u00e5 en vegg.<\/p>\n<h3>Et nasjonalt symbol gjennomsyret av historie<\/h3>\n<p>Texas-flagget ble vedtatt i 1839 og har en vertikal bl\u00e5 stripe ved flaggstangen som inneholder en enkelt hvit stjerne, med to horisontale striper, en hvit og en r\u00f8d. Den bl\u00e5 fargen symboliserer lojalitet, den hvite stjernen representerer enheten mellom Gud, staten og alle texanere, mens det hvite og r\u00f8de representerer henholdsvis renhet og mot. Dette flagget er et kraftfullt symbol p\u00e5 Texas identitet og historie som en selvstendig nasjon f\u00f8r den ble en delstat i USA.<\/p>\n<h3>Allsidig bruk<\/h3>\n<p>Texas-flagget passer til alle anledninger, enten det er til feiringen av delstaten, sportsbegivenheter, sammenkomster i lokalsamfunnet eller som et pedagogisk l\u00e6remiddel. Den robuste designen og de blekningsbestandige fargene s\u00f8rger for at flagget beholder sin betydning og visuelle effekt over tid.<\/p>","protected":false},"excerpt":{"rendered":"<p>150 x 90 cm stort flagg med 2 solide metallgjennomf\u00f8ringer for sikker opphengning.<\/p>","protected":false},"featured_media":1714,"comment_status":"open","ping_status":"closed","template":"","meta":{"_gspb_post_css":"","iawp_total_views":6},"product_brand":[],"product_cat":[72,70],"product_tag":[],"class_list":{"0":"post-2368","1":"product","2":"type-product","3":"status-publish","4":"has-post-thumbnail","6":"product_cat-american-state-flags","7":"product_cat-regional-flags","9":"first","10":"instock","11":"sale","12":"shipping-taxable","13":"purchasable","14":"product-type-simple"},"_links":{"self":[{"href":"https:\/\/cosmoflag.com\/nb\/wp-json\/wp\/v2\/product\/2368","targetHints":{"allow":["GET"]}}],"collection":[{"href":"https:\/\/cosmoflag.com\/nb\/wp-json\/wp\/v2\/product"}],"about":[{"href":"https:\/\/cosmoflag.com\/nb\/wp-json\/wp\/v2\/types\/product"}],"replies":[{"embeddable":true,"href":"https:\/\/cosmoflag.com\/nb\/wp-json\/wp\/v2\/comments?post=2368"}],"wp:featuredmedia":[{"embeddable":true,"href":"https:\/\/cosmoflag.com\/nb\/wp-json\/wp\/v2\/media\/1714"}],"wp:attachment":[{"href":"https:\/\/cosmoflag.com\/nb\/wp-json\/wp\/v2\/media?parent=2368"}],"wp:term":[{"taxonomy":"product_brand","embeddable":true,"href":"https:\/\/cosmoflag.com\/nb\/wp-json\/wp\/v2\/product_brand?post=2368"},{"taxonomy":"product_cat","embeddable":true,"href":"https:\/\/cosmoflag.com\/nb\/wp-json\/wp\/v2\/product_cat?post=2368"},{"taxonomy":"product_tag","embeddable":true,"href":"https:\/\/cosmoflag.com\/nb\/wp-json\/wp\/v2\/product_tag?post=2368"}],"curies":[{"name":"wp","href":"https:\/\/api.w.org\/{rel}","templated":true}]}}