{"id":2363,"date":"2024-12-14T23:38:00","date_gmt":"2024-12-14T21:38:00","guid":{"rendered":"https:\/\/cosmoflag.com\/?post_type=product&#038;p=2363"},"modified":"2025-08-12T21:23:26","modified_gmt":"2025-08-12T19:23:26","slug":"puerto-rico-flagg","status":"publish","type":"product","link":"https:\/\/cosmoflag.com\/nb\/produkt\/puerto-rico-flagg\/","title":{"rendered":"Puerto Ricos flagg"},"content":{"rendered":"<h3>Kjennetegn ved Puerto Ricos flagg<\/h3>\n<p>Puerto Rico-flagget v\u00e5rt er laget av polyester av h\u00f8y kvalitet, noe som gj\u00f8r det ideelt for langvarig bruk, b\u00e5de innend\u00f8rs og utend\u00f8rs. Det har metallgjennomf\u00f8ringer for enkel montering og garantert hold, selv under ugunstige v\u00e6rforhold. Flagget v\u00e5rt er tilgjengelig i 90 x 150 cm\/35 x 59 tommer for maksimal synlighet, og oppfyller en rekke ulike behov, enten du vil vise det p\u00e5 en stang eller en vegg.<\/p>\n<h3>Et nasjonalt symbol gjennomsyret av historie<\/h3>\n<p>Puerto Ricos flagg, som ble tatt i bruk i 1952, er inspirert av det cubanske flagget, noe som gjenspeiler de historiske b\u00e5ndene og solidariteten mellom de to \u00f8yenes uavhengighetskamp. Flagget best\u00e5r av fem vekslende horisontale striper i r\u00f8dt og hvitt, med en bl\u00e5, likebent trekant i skaftet som inneholder en hvit, femtakket stjerne. De tre r\u00f8de stripene symboliserer blodet som ble utgytt for friheten, de to hvite stripene representerer frihet og menneskerettigheter, og den bl\u00e5 trekanten symboliserer himmelen og kystvannet i Puerto Rico, mens stjernen representerer samveldet Puerto Rico.<\/p>\n<h3>Allsidig bruk<\/h3>\n<p>Det puertoricanske flagget passer til alle anledninger, enten det dreier seg om nasjonale feiringer, sportsarrangementer, politiske demonstrasjoner eller utdanningsform\u00e5l. Det robuste designet og de blekningsbestandige fargene s\u00f8rger for at flagget beholder sin betydning og visuelle effekt over tid.<\/p>","protected":false},"excerpt":{"rendered":"<p>150 x 90 cm stort flagg med 2 solide metallgjennomf\u00f8ringer for sikker opphengning.<\/p>","protected":false},"featured_media":1342,"comment_status":"open","ping_status":"closed","template":"","meta":{"_gspb_post_css":"","iawp_total_views":6},"product_brand":[],"product_cat":[62,58],"product_tag":[],"class_list":{"0":"post-2363","1":"product","2":"type-product","3":"status-publish","4":"has-post-thumbnail","6":"product_cat-north-america-flags","7":"product_cat-country-flags","9":"first","10":"instock","11":"sale","12":"shipping-taxable","13":"purchasable","14":"product-type-simple"},"_links":{"self":[{"href":"https:\/\/cosmoflag.com\/nb\/wp-json\/wp\/v2\/product\/2363","targetHints":{"allow":["GET"]}}],"collection":[{"href":"https:\/\/cosmoflag.com\/nb\/wp-json\/wp\/v2\/product"}],"about":[{"href":"https:\/\/cosmoflag.com\/nb\/wp-json\/wp\/v2\/types\/product"}],"replies":[{"embeddable":true,"href":"https:\/\/cosmoflag.com\/nb\/wp-json\/wp\/v2\/comments?post=2363"}],"wp:featuredmedia":[{"embeddable":true,"href":"https:\/\/cosmoflag.com\/nb\/wp-json\/wp\/v2\/media\/1342"}],"wp:attachment":[{"href":"https:\/\/cosmoflag.com\/nb\/wp-json\/wp\/v2\/media?parent=2363"}],"wp:term":[{"taxonomy":"product_brand","embeddable":true,"href":"https:\/\/cosmoflag.com\/nb\/wp-json\/wp\/v2\/product_brand?post=2363"},{"taxonomy":"product_cat","embeddable":true,"href":"https:\/\/cosmoflag.com\/nb\/wp-json\/wp\/v2\/product_cat?post=2363"},{"taxonomy":"product_tag","embeddable":true,"href":"https:\/\/cosmoflag.com\/nb\/wp-json\/wp\/v2\/product_tag?post=2363"}],"curies":[{"name":"wp","href":"https:\/\/api.w.org\/{rel}","templated":true}]}}