{"id":2361,"date":"2024-12-14T23:31:00","date_gmt":"2024-12-14T21:31:00","guid":{"rendered":"https:\/\/cosmoflag.com\/?post_type=product&#038;p=2361"},"modified":"2025-08-12T21:23:27","modified_gmt":"2025-08-12T19:23:27","slug":"englands-flagg","status":"publish","type":"product","link":"https:\/\/cosmoflag.com\/nb\/produkt\/englands-flagg\/","title":{"rendered":"England Flag"},"content":{"rendered":"<h3>Funksjoner i det engelske flagget<\/h3>\n<p>V\u00e5rt England-flagg, kjent som St. George's Cross, er laget av polyester av h\u00f8y kvalitet, noe som gj\u00f8r det ideelt for langvarig bruk, b\u00e5de innend\u00f8rs og utend\u00f8rs. Det har metall\u00f8yer for enkel montering og sikkert feste, selv under ugunstige v\u00e6rforhold. Flagget v\u00e5rt er tilgjengelig i 90 x 150 cm\/35 x 59 tommer for maksimal synlighet, og det oppfyller en rekke behov, enten du vil vise det p\u00e5 en stang eller en vegg.<\/p>\n<h3>Et nasjonalt symbol gjennomsyret av historie<\/h3>\n<p>Englands flagg har et enkelt r\u00f8dt kors p\u00e5 hvit bakgrunn. Korset er avbildet av St. George, Englands skytshelgen, som skal ha beseiret en drage og er et symbol p\u00e5 beskyttelse og mot. Flagget ble tatt i bruk p\u00e5 1200-tallet og ble opprinnelig brukt av korsfarere, og det er blitt uutslettelig forbundet med England og mot i kamp.<\/p>\n<h3>Allsidig bruk<\/h3>\n<p>Det engelske flagget passer til alle anledninger, enten det er til nasjonale feiringer, fotballkamper, sportsbegivenheter eller utdanningsform\u00e5l. Det robuste designet og de blekningsbestandige fargene sikrer at flagget beholder sin betydning og visuelle effekt over tid.<\/p>","protected":false},"excerpt":{"rendered":"<p>150 x 90 cm stort flagg med 2 solide metallgjennomf\u00f8ringer for sikker opphengning.<\/p>","protected":false},"featured_media":1898,"comment_status":"open","ping_status":"closed","template":"","meta":{"_gspb_post_css":"","iawp_total_views":54},"product_brand":[],"product_cat":[71,70],"product_tag":[],"class_list":{"0":"post-2361","1":"product","2":"type-product","3":"status-publish","4":"has-post-thumbnail","6":"product_cat-united-kingdom-regions-flags","7":"product_cat-regional-flags","9":"first","10":"instock","11":"sale","12":"shipping-taxable","13":"purchasable","14":"product-type-simple"},"_links":{"self":[{"href":"https:\/\/cosmoflag.com\/nb\/wp-json\/wp\/v2\/product\/2361","targetHints":{"allow":["GET"]}}],"collection":[{"href":"https:\/\/cosmoflag.com\/nb\/wp-json\/wp\/v2\/product"}],"about":[{"href":"https:\/\/cosmoflag.com\/nb\/wp-json\/wp\/v2\/types\/product"}],"replies":[{"embeddable":true,"href":"https:\/\/cosmoflag.com\/nb\/wp-json\/wp\/v2\/comments?post=2361"}],"wp:featuredmedia":[{"embeddable":true,"href":"https:\/\/cosmoflag.com\/nb\/wp-json\/wp\/v2\/media\/1898"}],"wp:attachment":[{"href":"https:\/\/cosmoflag.com\/nb\/wp-json\/wp\/v2\/media?parent=2361"}],"wp:term":[{"taxonomy":"product_brand","embeddable":true,"href":"https:\/\/cosmoflag.com\/nb\/wp-json\/wp\/v2\/product_brand?post=2361"},{"taxonomy":"product_cat","embeddable":true,"href":"https:\/\/cosmoflag.com\/nb\/wp-json\/wp\/v2\/product_cat?post=2361"},{"taxonomy":"product_tag","embeddable":true,"href":"https:\/\/cosmoflag.com\/nb\/wp-json\/wp\/v2\/product_tag?post=2361"}],"curies":[{"name":"wp","href":"https:\/\/api.w.org\/{rel}","templated":true}]}}