{"id":2360,"date":"2024-12-14T23:26:00","date_gmt":"2024-12-14T21:26:00","guid":{"rendered":"https:\/\/cosmoflag.com\/?post_type=product&#038;p=2360"},"modified":"2026-04-14T04:13:58","modified_gmt":"2026-04-14T02:13:58","slug":"sveitsiske-flagg","status":"publish","type":"product","link":"https:\/\/cosmoflag.com\/nb\/produkt\/sveitsiske-flagg\/","title":{"rendered":"Sveits flagg"},"content":{"rendered":"<h3>Kjennetegn ved Sveits' flagg<\/h3>\n<p>V\u00e5rt Sveits-flagg er laget av polyester av h\u00f8y kvalitet, noe som gj\u00f8r det ideelt for langvarig bruk, b\u00e5de innend\u00f8rs og utend\u00f8rs. Det har metallgjennomf\u00f8ringer for enkel montering og garantert hold, selv under ugunstige v\u00e6rforhold. Flagget v\u00e5rt er tilgjengelig i en st\u00f8rrelse p\u00e5 90 x 150 cm for maksimal synlighet, og det oppfyller en rekke behov, enten du vil vise det p\u00e5 en stang eller en vegg.<\/p>\n<h3>Et nasjonalt symbol gjennomsyret av historie<\/h3>\n<p>Det sveitsiske flagget, som er kjent for sitt s\u00e6regne design med et hvitt kors sentrert p\u00e5 en r\u00f8d bakgrunn, er et av verdens mest emblematiske nasjonalsymboler. Med r\u00f8tter tilbake til 1200-tallet representerer det sveitsiske korset n\u00f8ytraliteten, suvereniteten og harmonien som Sveits er internasjonalt kjent for. Flagget ble offisielt tatt i bruk i 1889, men dets opprinnelse g\u00e5r flere hundre \u00e5r tilbake i tid, og symboliserte opprinnelig konf\u00f8derasjonenes kamp mot de habsburgske h\u00e6rene.<\/p>\n<h3>Allsidig bruk<\/h3>\n<p>Det sveitsiske flagget passer til alle anledninger, enten det dreier seg om nasjonale arrangementer, humanit\u00e6re oppdrag, internasjonale idrettskonkurranser eller utdanningsform\u00e5l. Det robuste designet og de blekningsbestandige fargene s\u00f8rger for at flagget beholder sin betydning og visuelle effekt over tid.<\/p>","protected":false},"excerpt":{"rendered":"<p>150 x 90 cm stort flagg med 2 solide metallgjennomf\u00f8ringer for sikker opphengning.<\/p>","protected":false},"featured_media":2201,"comment_status":"open","ping_status":"closed","template":"","meta":{"_gspb_post_css":"","iawp_total_views":7},"product_brand":[],"product_cat":[65,58],"product_tag":[],"class_list":{"0":"post-2360","1":"product","2":"type-product","3":"status-publish","4":"has-post-thumbnail","6":"product_cat-europe-flags","7":"product_cat-country-flags","9":"first","10":"instock","11":"sale","12":"shipping-taxable","13":"purchasable","14":"product-type-simple"},"_links":{"self":[{"href":"https:\/\/cosmoflag.com\/nb\/wp-json\/wp\/v2\/product\/2360","targetHints":{"allow":["GET"]}}],"collection":[{"href":"https:\/\/cosmoflag.com\/nb\/wp-json\/wp\/v2\/product"}],"about":[{"href":"https:\/\/cosmoflag.com\/nb\/wp-json\/wp\/v2\/types\/product"}],"replies":[{"embeddable":true,"href":"https:\/\/cosmoflag.com\/nb\/wp-json\/wp\/v2\/comments?post=2360"}],"wp:featuredmedia":[{"embeddable":true,"href":"https:\/\/cosmoflag.com\/nb\/wp-json\/wp\/v2\/media\/2201"}],"wp:attachment":[{"href":"https:\/\/cosmoflag.com\/nb\/wp-json\/wp\/v2\/media?parent=2360"}],"wp:term":[{"taxonomy":"product_brand","embeddable":true,"href":"https:\/\/cosmoflag.com\/nb\/wp-json\/wp\/v2\/product_brand?post=2360"},{"taxonomy":"product_cat","embeddable":true,"href":"https:\/\/cosmoflag.com\/nb\/wp-json\/wp\/v2\/product_cat?post=2360"},{"taxonomy":"product_tag","embeddable":true,"href":"https:\/\/cosmoflag.com\/nb\/wp-json\/wp\/v2\/product_tag?post=2360"}],"curies":[{"name":"wp","href":"https:\/\/api.w.org\/{rel}","templated":true}]}}