{"id":2356,"date":"2024-12-14T23:06:00","date_gmt":"2024-12-14T21:06:00","guid":{"rendered":"https:\/\/cosmoflag.com\/?post_type=product&#038;p=2356"},"modified":"2026-05-12T01:58:53","modified_gmt":"2026-05-11T23:58:53","slug":"portugisisk-flagg","status":"publish","type":"product","link":"https:\/\/cosmoflag.com\/nb\/produkt\/portugisisk-flagg\/","title":{"rendered":"Portugals flagg"},"content":{"rendered":"<h3>Kjennetegn ved det portugisiske flagget<\/h3>\n<p>Portugal-flagget v\u00e5rt er laget av polyester av h\u00f8y kvalitet, noe som gj\u00f8r det ideelt for slitesterk innend\u00f8rs og utend\u00f8rs bruk. Det har metallgjennomf\u00f8ringer for enkel montering og sikkert feste, selv under ugunstige v\u00e6rforhold. Flagget v\u00e5rt er tilgjengelig i 90 x 150 cm for maksimal synlighet og 60 x 90 cm for mindre omr\u00e5der, og oppfyller en rekke behov, enten du vil vise det p\u00e5 en stang eller p\u00e5 en vegg.<\/p>\n<h3>Et nasjonalt symbol gjennomsyret av historie<\/h3>\n<p>Portugals flagg, som ble tatt i bruk i 1911 etter opprettelsen av republikken, best\u00e5r av to vertikale felt: gr\u00f8nt p\u00e5 den ene siden av flaggstangen og r\u00f8dt p\u00e5 den andre. Gr\u00f8nt symboliserer h\u00e5p og fornyelse, mens r\u00f8dt representerer mot og blodet som ble utgytt av dem som forsvarte nasjonen. I midten av flagget er det nasjonale emblemet, som best\u00e5r av et skjold med fem sm\u00e5 korsformede bl\u00e5 skjold arrangert i et kors, omgitt av syv sm\u00e5 t\u00e5rn og kronet av en armillarsf\u00e6re, som symboliserer portugisiske maritime oppdagelser.<\/p>\n<h3>Allsidig bruk<\/h3>\n<p>Det portugisiske flagget passer til alle anledninger, enten det dreier seg om nasjonale feiringer, sportsarrangementer, kulturelle begivenheter eller utdanningsform\u00e5l. Det robuste designet og de blekningsbestandige fargene s\u00f8rger for at flagget beholder sin betydning og visuelle effekt over tid.<\/p>","protected":false},"excerpt":{"rendered":"<p>150 x 90 cm stort flagg med 2 solide metallgjennomf\u00f8ringer for sikker opphengning.<\/p>","protected":false},"featured_media":2154,"comment_status":"open","ping_status":"closed","template":"","meta":{"_gspb_post_css":"","iawp_total_views":52},"product_brand":[],"product_cat":[65,58],"product_tag":[],"class_list":{"0":"post-2356","1":"product","2":"type-product","3":"status-publish","4":"has-post-thumbnail","6":"product_cat-europe-flags","7":"product_cat-country-flags","9":"first","10":"instock","11":"sale","12":"shipping-taxable","13":"purchasable","14":"product-type-simple"},"_links":{"self":[{"href":"https:\/\/cosmoflag.com\/nb\/wp-json\/wp\/v2\/product\/2356","targetHints":{"allow":["GET"]}}],"collection":[{"href":"https:\/\/cosmoflag.com\/nb\/wp-json\/wp\/v2\/product"}],"about":[{"href":"https:\/\/cosmoflag.com\/nb\/wp-json\/wp\/v2\/types\/product"}],"replies":[{"embeddable":true,"href":"https:\/\/cosmoflag.com\/nb\/wp-json\/wp\/v2\/comments?post=2356"}],"wp:featuredmedia":[{"embeddable":true,"href":"https:\/\/cosmoflag.com\/nb\/wp-json\/wp\/v2\/media\/2154"}],"wp:attachment":[{"href":"https:\/\/cosmoflag.com\/nb\/wp-json\/wp\/v2\/media?parent=2356"}],"wp:term":[{"taxonomy":"product_brand","embeddable":true,"href":"https:\/\/cosmoflag.com\/nb\/wp-json\/wp\/v2\/product_brand?post=2356"},{"taxonomy":"product_cat","embeddable":true,"href":"https:\/\/cosmoflag.com\/nb\/wp-json\/wp\/v2\/product_cat?post=2356"},{"taxonomy":"product_tag","embeddable":true,"href":"https:\/\/cosmoflag.com\/nb\/wp-json\/wp\/v2\/product_tag?post=2356"}],"curies":[{"name":"wp","href":"https:\/\/api.w.org\/{rel}","templated":true}]}}