{"id":2352,"date":"2024-12-14T22:49:00","date_gmt":"2024-12-14T20:49:00","guid":{"rendered":"https:\/\/cosmoflag.com\/?post_type=product&#038;p=2352"},"modified":"2025-08-12T21:23:33","modified_gmt":"2025-08-12T19:23:33","slug":"wales-flagg","status":"publish","type":"product","link":"https:\/\/cosmoflag.com\/nb\/produkt\/wales-flagg\/","title":{"rendered":"Flagget til Wales"},"content":{"rendered":"<h3>Det walisiske flagget har<\/h3>\n<p>Wales-flagget v\u00e5rt er laget av polyester av h\u00f8y kvalitet, noe som gj\u00f8r det ideelt for langvarig bruk, b\u00e5de innend\u00f8rs og utend\u00f8rs. Det har metallgjennomf\u00f8ringer for enkel montering og sikkert feste, selv under ugunstige v\u00e6rforhold. Flagget v\u00e5rt er tilgjengelig i st\u00f8rrelsen 90 x 150 cm\/35 x 59 tommer for maksimal synlighet, og oppfyller en rekke ulike behov, enten du \u00f8nsker \u00e5 vise det p\u00e5 en stang eller en vegg.<\/p>\n<h3>Et nasjonalt symbol gjennomsyret av historie<\/h3>\n<p>Wales\u201c flagg, kjent som \u201dY Ddraig Goch\" (den r\u00f8de dragen), har en r\u00f8d drage som passerer over en bakgrunn som best\u00e5r av en hvit \u00f8vre halvdel og en gr\u00f8nn nedre halvdel. Dette flagget er et av de mest karakteristiske og symbolske, der den r\u00f8de dragen representerer tapperhet og kampen for walisisk suverenitet gjennom \u00e5rhundrene. De gr\u00f8nne og hvite fargene symboliserer jord og renhet. Flagget ble offisielt tatt i bruk i 1959, men den r\u00f8de dragen har v\u00e6rt et walisisk symbol i \u00e5rhundrer og har dukket opp i mange historier og legender.<\/p>\n<h3>Allsidig bruk<\/h3>\n<p>Det walisiske flagget passer til alle anledninger, enten det er til nasjonale feiringer, kulturfestivaler, idrettsarrangementer eller utdanningsform\u00e5l. Det robuste designet og de blekningsbestandige fargene s\u00f8rger for at flagget beholder sin betydning og visuelle effekt over tid.<\/p>","protected":false},"excerpt":{"rendered":"<p>150 x 90 cm stort flagg med 2 solide metallgjennomf\u00f8ringer for sikker opphengning.<\/p>","protected":false},"featured_media":1911,"comment_status":"open","ping_status":"closed","template":"","meta":{"_gspb_post_css":"","iawp_total_views":7},"product_brand":[],"product_cat":[71,70],"product_tag":[],"class_list":{"0":"post-2352","1":"product","2":"type-product","3":"status-publish","4":"has-post-thumbnail","6":"product_cat-united-kingdom-regions-flags","7":"product_cat-regional-flags","9":"first","10":"instock","11":"sale","12":"shipping-taxable","13":"purchasable","14":"product-type-simple"},"_links":{"self":[{"href":"https:\/\/cosmoflag.com\/nb\/wp-json\/wp\/v2\/product\/2352","targetHints":{"allow":["GET"]}}],"collection":[{"href":"https:\/\/cosmoflag.com\/nb\/wp-json\/wp\/v2\/product"}],"about":[{"href":"https:\/\/cosmoflag.com\/nb\/wp-json\/wp\/v2\/types\/product"}],"replies":[{"embeddable":true,"href":"https:\/\/cosmoflag.com\/nb\/wp-json\/wp\/v2\/comments?post=2352"}],"wp:featuredmedia":[{"embeddable":true,"href":"https:\/\/cosmoflag.com\/nb\/wp-json\/wp\/v2\/media\/1911"}],"wp:attachment":[{"href":"https:\/\/cosmoflag.com\/nb\/wp-json\/wp\/v2\/media?parent=2352"}],"wp:term":[{"taxonomy":"product_brand","embeddable":true,"href":"https:\/\/cosmoflag.com\/nb\/wp-json\/wp\/v2\/product_brand?post=2352"},{"taxonomy":"product_cat","embeddable":true,"href":"https:\/\/cosmoflag.com\/nb\/wp-json\/wp\/v2\/product_cat?post=2352"},{"taxonomy":"product_tag","embeddable":true,"href":"https:\/\/cosmoflag.com\/nb\/wp-json\/wp\/v2\/product_tag?post=2352"}],"curies":[{"name":"wp","href":"https:\/\/api.w.org\/{rel}","templated":true}]}}