{"id":2350,"date":"2024-12-13T14:38:00","date_gmt":"2024-12-13T12:38:00","guid":{"rendered":"https:\/\/cosmoflag.com\/?post_type=product&#038;p=2350"},"modified":"2025-08-12T21:23:34","modified_gmt":"2025-08-12T19:23:34","slug":"filippinsk-flagg","status":"publish","type":"product","link":"https:\/\/cosmoflag.com\/nb\/produkt\/filippinsk-flagg\/","title":{"rendered":"Filippinenes flagg"},"content":{"rendered":"<h3><strong>Kjennetegn ved det filippinske flagget<\/strong><\/h3>\n<p>V\u00e5rt Filippinene-flagg er laget av polyester av h\u00f8y kvalitet, noe som gj\u00f8r det ideelt for varig bruk b\u00e5de innend\u00f8rs og utend\u00f8rs. Det er utstyrt med metallgjennomf\u00f8ringer som gj\u00f8r det enklere \u00e5 montere og s\u00f8rger for at det sitter godt, selv under t\u00f8ffe v\u00e6rforhold. Flagget v\u00e5rt er tilgjengelig i st\u00f8rrelsen 90 x 150 cm\/35 x 59 tommer for maksimal synlighet, og oppfyller ulike behov, enten du \u00f8nsker \u00e5 vise det p\u00e5 en stang eller p\u00e5 en vegg.<\/p>\n<h3><strong>Et nasjonalt symbol gjennomsyret av historie<\/strong><\/h3>\n<p>Filippinenes flagg er unikt med sine to horisontale striper i bl\u00e5tt og r\u00f8dt, og en hvit, likesidet trekant i toppen som inneholder en \u00e5ttestr\u00e5let, gyllen sol med tre gylne stjerner i hver spiss av trekanten. Bl\u00e5tt symboliserer fred og rettferdighet, r\u00f8dt symboliserer mot og oppofrelse, og hvitt symboliserer likhet og brorskap. Solens \u00e5tte str\u00e5ler representerer de \u00e5tte provinsene som innledet revolusjonen mot Spania, og de tre stjernene symboliserer de tre hoved\u00f8yene p\u00e5 Filippinene: Luzon, Visayas og Mindanao. Dette flagget, som ble tatt i bruk i 1898, er dypt forankret i landets kamp for uavhengighet.<\/p>\n<h3><strong>Allsidig bruk<\/strong><\/h3>\n<p>Filippinenes flagg passer til alle anledninger, enten det er til nasjonale feiringer, sportsarrangementer, politiske demonstrasjoner eller utdanningsform\u00e5l. Det robuste designet og de blekningsbestandige fargene s\u00f8rger for at flagget beholder sin betydning og visuelle effekt over tid.<\/p>","protected":false},"excerpt":{"rendered":"<p>150 x 90 cm stort flagg med 2 solide metallgjennomf\u00f8ringer for sikker opphengning.<\/p>","protected":false},"featured_media":2139,"comment_status":"open","ping_status":"closed","template":"","meta":{"_gspb_post_css":"","iawp_total_views":18},"product_brand":[],"product_cat":[64,58],"product_tag":[],"class_list":{"0":"post-2350","1":"product","2":"type-product","3":"status-publish","4":"has-post-thumbnail","6":"product_cat-asia-flags","7":"product_cat-country-flags","9":"first","10":"instock","11":"sale","12":"shipping-taxable","13":"purchasable","14":"product-type-simple"},"_links":{"self":[{"href":"https:\/\/cosmoflag.com\/nb\/wp-json\/wp\/v2\/product\/2350","targetHints":{"allow":["GET"]}}],"collection":[{"href":"https:\/\/cosmoflag.com\/nb\/wp-json\/wp\/v2\/product"}],"about":[{"href":"https:\/\/cosmoflag.com\/nb\/wp-json\/wp\/v2\/types\/product"}],"replies":[{"embeddable":true,"href":"https:\/\/cosmoflag.com\/nb\/wp-json\/wp\/v2\/comments?post=2350"}],"wp:featuredmedia":[{"embeddable":true,"href":"https:\/\/cosmoflag.com\/nb\/wp-json\/wp\/v2\/media\/2139"}],"wp:attachment":[{"href":"https:\/\/cosmoflag.com\/nb\/wp-json\/wp\/v2\/media?parent=2350"}],"wp:term":[{"taxonomy":"product_brand","embeddable":true,"href":"https:\/\/cosmoflag.com\/nb\/wp-json\/wp\/v2\/product_brand?post=2350"},{"taxonomy":"product_cat","embeddable":true,"href":"https:\/\/cosmoflag.com\/nb\/wp-json\/wp\/v2\/product_cat?post=2350"},{"taxonomy":"product_tag","embeddable":true,"href":"https:\/\/cosmoflag.com\/nb\/wp-json\/wp\/v2\/product_tag?post=2350"}],"curies":[{"name":"wp","href":"https:\/\/api.w.org\/{rel}","templated":true}]}}