{"id":2347,"date":"2024-12-13T14:18:00","date_gmt":"2024-12-13T12:18:00","guid":{"rendered":"https:\/\/cosmoflag.com\/?post_type=product&#038;p=2347"},"modified":"2025-08-12T21:23:35","modified_gmt":"2025-08-12T19:23:35","slug":"burgunderkorsets-flagg","status":"publish","type":"product","link":"https:\/\/cosmoflag.com\/nb\/produkt\/burgunderkorsets-flagg\/","title":{"rendered":"Burgunderkorsets flagg"},"content":{"rendered":"<h3>Kjennetegn ved Burgunderkorsets flagg<\/h3>\n<p>V\u00e5rt Cross of Burgundy-flagg er laget av polyester av h\u00f8y kvalitet, noe som gj\u00f8r det ideelt for langvarig bruk, b\u00e5de innend\u00f8rs og utend\u00f8rs. Det har metallgjennomf\u00f8ringer for enkel montering, noe som sikrer at det holder seg p\u00e5 plass selv under ugunstige v\u00e6rforhold. Flagget v\u00e5rt er tilgjengelig i 90 x 150 cm for maksimal synlighet, og oppfyller en rekke ulike behov, enten du \u00f8nsker \u00e5 vise det p\u00e5 en stang eller en vegg.<\/p>\n<h3>Et historisk symbol av stor betydning<\/h3>\n<p>Burgunderkorset, et emblem som ble brukt av hertugene av Burgund fra 1400-tallet og fremover, ble allment kjent da det ble adoptert av de spanske konged\u00f8mmene, inkludert perioden under det spanske keiserriket da det ble brukt p\u00e5 milit\u00e6re flagg og faner. Motivet best\u00e5r av et r\u00f8dt Andreaskors, ofte med flammer, p\u00e5 en hvit bakgrunn. Korset minner om martyrd\u00f8den til den hellige Andreas, som sies \u00e5 ha blitt korsfestet p\u00e5 et X-formet kors. Det symboliserer historisk kamp og oppofrelse.<\/p>\n<h3>Allsidig bruk<\/h3>\n<p>Dette flagget brukes ofte i historiske sammenhenger, rekonstruksjoner eller som et heraldisk symbol. Det robuste designet og de blekningsbestandige fargene s\u00f8rger for at flagget beholder sin betydning og visuelle effekt over tid.<\/p>","protected":false},"excerpt":{"rendered":"<p>150 x 90 cm stort flagg med 2 solide metallgjennomf\u00f8ringer for sikker opphengning.<\/p>","protected":false},"featured_media":1056,"comment_status":"open","ping_status":"closed","template":"","meta":{"_gspb_post_css":"","iawp_total_views":8},"product_brand":[],"product_cat":[15,69],"product_tag":[],"class_list":{"0":"post-2347","1":"product","2":"type-product","3":"status-publish","4":"has-post-thumbnail","6":"product_cat-other","7":"product_cat-historical-flags","9":"first","10":"instock","11":"sale","12":"shipping-taxable","13":"purchasable","14":"product-type-simple"},"_links":{"self":[{"href":"https:\/\/cosmoflag.com\/nb\/wp-json\/wp\/v2\/product\/2347","targetHints":{"allow":["GET"]}}],"collection":[{"href":"https:\/\/cosmoflag.com\/nb\/wp-json\/wp\/v2\/product"}],"about":[{"href":"https:\/\/cosmoflag.com\/nb\/wp-json\/wp\/v2\/types\/product"}],"replies":[{"embeddable":true,"href":"https:\/\/cosmoflag.com\/nb\/wp-json\/wp\/v2\/comments?post=2347"}],"wp:featuredmedia":[{"embeddable":true,"href":"https:\/\/cosmoflag.com\/nb\/wp-json\/wp\/v2\/media\/1056"}],"wp:attachment":[{"href":"https:\/\/cosmoflag.com\/nb\/wp-json\/wp\/v2\/media?parent=2347"}],"wp:term":[{"taxonomy":"product_brand","embeddable":true,"href":"https:\/\/cosmoflag.com\/nb\/wp-json\/wp\/v2\/product_brand?post=2347"},{"taxonomy":"product_cat","embeddable":true,"href":"https:\/\/cosmoflag.com\/nb\/wp-json\/wp\/v2\/product_cat?post=2347"},{"taxonomy":"product_tag","embeddable":true,"href":"https:\/\/cosmoflag.com\/nb\/wp-json\/wp\/v2\/product_tag?post=2347"}],"curies":[{"name":"wp","href":"https:\/\/api.w.org\/{rel}","templated":true}]}}