{"id":2337,"date":"2024-12-13T13:26:00","date_gmt":"2024-12-13T11:26:00","guid":{"rendered":"https:\/\/cosmoflag.com\/?post_type=product&#038;p=2337"},"modified":"2025-08-12T21:23:37","modified_gmt":"2025-08-12T19:23:37","slug":"azerbaijans-flagg","status":"publish","type":"product","link":"https:\/\/cosmoflag.com\/nb\/produkt\/azerbaijans-flagg\/","title":{"rendered":"Aserbajdsjans flagg"},"content":{"rendered":"<h3>Kjennetegn ved Aserbajdsjans flagg<\/h3>\n<p>V\u00e5rt Aserbajdsjan-flagg er laget av polyester av h\u00f8y kvalitet, noe som gj\u00f8r det ideelt for langvarig bruk b\u00e5de innend\u00f8rs og utend\u00f8rs. Det har metallgjennomf\u00f8ringer for enkel montering og sikkert feste, selv under ugunstige v\u00e6rforhold. Flagget v\u00e5rt er tilgjengelig i 90 x 150 cm for maksimal synlighet, og oppfyller en rekke ulike behov, enten du \u00f8nsker \u00e5 vise det p\u00e5 en stang eller en vegg.<\/p>\n<h3>Et nasjonalt symbol gjennomsyret av historie<\/h3>\n<p>Aserbajdsjans flagg, ogs\u00e5 kjent som \u201cAzerbaycan Bayragi\u201d, best\u00e5r av tre horisontale striper: bl\u00e5 \u00f8verst, r\u00f8d i midten og gr\u00f8nn nederst. I midten av den r\u00f8de stripen er det ogs\u00e5 en hvit halvm\u00e5ne og en \u00e5ttekantet stjerne. Den bl\u00e5 fargen representerer tyrkisk kultur, den r\u00f8de symboliserer modernisering og utvikling av demokrati, og den gr\u00f8nne minner om islam. Halvm\u00e5nen og stjernen er tradisjonelle symboler p\u00e5 islam, men gjenspeiler ogs\u00e5 det aserbajdsjanske folkets \u00f8nske om frihet. Flagget, som ble tatt i bruk i 1918 og gjeninnf\u00f8rt i 1991 etter Sovjetunionens fall, legemliggj\u00f8r det aserbajdsjanske folkets nasjonale identitet og verdier.<\/p>\n<h3>Allsidig bruk<\/h3>\n<p>Det aserbajdsjanske flagget passer til alle anledninger, enten det er til nasjonale feiringer, sportsarrangementer, kulturelle begivenheter eller utdanningsform\u00e5l. Det robuste designet og de blekningsbestandige fargene s\u00f8rger for at flagget beholder sin betydning og visuelle effekt over tid.<\/p>","protected":false},"excerpt":{"rendered":"<p>150 x 90 cm stort flagg med 2 solide metallgjennomf\u00f8ringer for sikker opphengning.<\/p>","protected":false},"featured_media":1816,"comment_status":"open","ping_status":"closed","template":"","meta":{"_gspb_post_css":"","iawp_total_views":21},"product_brand":[],"product_cat":[64],"product_tag":[],"class_list":{"0":"post-2337","1":"product","2":"type-product","3":"status-publish","4":"has-post-thumbnail","6":"product_cat-asia-flags","8":"first","9":"instock","10":"sale","11":"shipping-taxable","12":"purchasable","13":"product-type-simple"},"_links":{"self":[{"href":"https:\/\/cosmoflag.com\/nb\/wp-json\/wp\/v2\/product\/2337","targetHints":{"allow":["GET"]}}],"collection":[{"href":"https:\/\/cosmoflag.com\/nb\/wp-json\/wp\/v2\/product"}],"about":[{"href":"https:\/\/cosmoflag.com\/nb\/wp-json\/wp\/v2\/types\/product"}],"replies":[{"embeddable":true,"href":"https:\/\/cosmoflag.com\/nb\/wp-json\/wp\/v2\/comments?post=2337"}],"wp:featuredmedia":[{"embeddable":true,"href":"https:\/\/cosmoflag.com\/nb\/wp-json\/wp\/v2\/media\/1816"}],"wp:attachment":[{"href":"https:\/\/cosmoflag.com\/nb\/wp-json\/wp\/v2\/media?parent=2337"}],"wp:term":[{"taxonomy":"product_brand","embeddable":true,"href":"https:\/\/cosmoflag.com\/nb\/wp-json\/wp\/v2\/product_brand?post=2337"},{"taxonomy":"product_cat","embeddable":true,"href":"https:\/\/cosmoflag.com\/nb\/wp-json\/wp\/v2\/product_cat?post=2337"},{"taxonomy":"product_tag","embeddable":true,"href":"https:\/\/cosmoflag.com\/nb\/wp-json\/wp\/v2\/product_tag?post=2337"}],"curies":[{"name":"wp","href":"https:\/\/api.w.org\/{rel}","templated":true}]}}