{"id":2334,"date":"2024-12-12T23:30:00","date_gmt":"2024-12-12T21:30:00","guid":{"rendered":"https:\/\/cosmoflag.com\/?post_type=product&#038;p=2334"},"modified":"2025-08-12T21:23:38","modified_gmt":"2025-08-12T19:23:38","slug":"ukrainsk-flagg","status":"publish","type":"product","link":"https:\/\/cosmoflag.com\/nb\/produkt\/ukrainsk-flagg\/","title":{"rendered":"Ukrainas flagg"},"content":{"rendered":"<h3>Kjennetegn ved det ukrainske flagget<\/h3>\n<p>Ukraina-flagget v\u00e5rt er laget av polyester av h\u00f8y kvalitet, noe som gj\u00f8r det ideelt for langvarig bruk, b\u00e5de innend\u00f8rs og utend\u00f8rs. Det har metallgjennomf\u00f8ringer for enkel montering og garantert hold, selv under ugunstige v\u00e6rforhold. Flagget v\u00e5rt er tilgjengelig i 90 x 150 cm for maksimal synlighet p\u00e5 mindre steder, og det oppfyller en rekke behov, enten du vil vise det p\u00e5 en stang eller en vegg.<\/p>\n<h3>Et nasjonalt symbol gjennomsyret av historie<\/h3>\n<p>Ukrainas flagg best\u00e5r av to like horisontale striper, bl\u00e5 \u00f8verst og gul nederst. Disse fargene gjenspeiler de enorme \u00e5krene med gyllen hvete under en bl\u00e5 himmel, et landskap som er typisk for Ukraina, som er en av verdens st\u00f8rste korneksport\u00f8rer. Flagget ble tatt i bruk i 1992 etter landets uavhengighet, og symboliserer fred (bl\u00e5tt) og velstand (gult). Det er en sterk p\u00e5minnelse om ukrainsk nasjonal identitet og stolthet.<\/p>\n<h3>Allsidig bruk<\/h3>\n<p>Det ukrainske flagget passer til alle anledninger, enten det dreier seg om nasjonale feiringer, sportsarrangementer, politiske demonstrasjoner eller utdanningsform\u00e5l. Det robuste designet og de blekningsbestandige fargene sikrer at flagget beholder sin betydning og visuelle effekt over tid.<\/p>","protected":false},"excerpt":{"rendered":"<p>150 x 90 cm stort flagg med 2 solide metallgjennomf\u00f8ringer for sikker opphengning.<\/p>","protected":false},"featured_media":2220,"comment_status":"open","ping_status":"closed","template":"","meta":{"_gspb_post_css":"","iawp_total_views":15},"product_brand":[],"product_cat":[65],"product_tag":[],"class_list":{"0":"post-2334","1":"product","2":"type-product","3":"status-publish","4":"has-post-thumbnail","6":"product_cat-europe-flags","8":"first","9":"instock","10":"sale","11":"shipping-taxable","12":"purchasable","13":"product-type-simple"},"_links":{"self":[{"href":"https:\/\/cosmoflag.com\/nb\/wp-json\/wp\/v2\/product\/2334","targetHints":{"allow":["GET"]}}],"collection":[{"href":"https:\/\/cosmoflag.com\/nb\/wp-json\/wp\/v2\/product"}],"about":[{"href":"https:\/\/cosmoflag.com\/nb\/wp-json\/wp\/v2\/types\/product"}],"replies":[{"embeddable":true,"href":"https:\/\/cosmoflag.com\/nb\/wp-json\/wp\/v2\/comments?post=2334"}],"wp:featuredmedia":[{"embeddable":true,"href":"https:\/\/cosmoflag.com\/nb\/wp-json\/wp\/v2\/media\/2220"}],"wp:attachment":[{"href":"https:\/\/cosmoflag.com\/nb\/wp-json\/wp\/v2\/media?parent=2334"}],"wp:term":[{"taxonomy":"product_brand","embeddable":true,"href":"https:\/\/cosmoflag.com\/nb\/wp-json\/wp\/v2\/product_brand?post=2334"},{"taxonomy":"product_cat","embeddable":true,"href":"https:\/\/cosmoflag.com\/nb\/wp-json\/wp\/v2\/product_cat?post=2334"},{"taxonomy":"product_tag","embeddable":true,"href":"https:\/\/cosmoflag.com\/nb\/wp-json\/wp\/v2\/product_tag?post=2334"}],"curies":[{"name":"wp","href":"https:\/\/api.w.org\/{rel}","templated":true}]}}