{"id":2331,"date":"2024-12-12T23:09:00","date_gmt":"2024-12-12T21:09:00","guid":{"rendered":"https:\/\/cosmoflag.com\/?post_type=product&#038;p=2331"},"modified":"2025-08-12T21:23:41","modified_gmt":"2025-08-12T19:23:41","slug":"agenderflagg","status":"publish","type":"product","link":"https:\/\/cosmoflag.com\/nb\/produkt\/agenderflagg\/","title":{"rendered":"Agender-flagg"},"content":{"rendered":"<h3><strong>Kjennetegn ved agenderflagget<\/strong><\/h3>\n<p>V\u00e5rt agender-flagg er laget av polyester av h\u00f8y kvalitet, noe som gj\u00f8r det ideelt for langvarig bruk, enten det er innend\u00f8rs eller utend\u00f8rs. Det har metallgjennomf\u00f8ringer for enkel montering og sikrer at det holder selv under t\u00f8ffe v\u00e6rforhold. Flagget v\u00e5rt er tilgjengelig i en st\u00f8rrelse p\u00e5 90 x 150 cm for maksimal synlighet, og det oppfyller ulike behov, enten du \u00f8nsker \u00e5 henge det p\u00e5 en stang eller en vegg.<\/p>\n<h3><strong>Et nasjonalt symbol rikt p\u00e5 historie<\/strong><\/h3>\n<p>Agenderflagget har horisontale striper i svart, gr\u00e5tt, hvitt og lysegr\u00f8nt. Svart og gr\u00e5tt representerer henholdsvis frav\u00e6ret av kj\u00f8nn og halvkj\u00f8nn, mens hvitt symboliserer ikke-bin\u00e6r kj\u00f8nnsidentitet. Lysegr\u00f8nn er agenderfargen, som representerer de som faller utenfor det tradisjonelle kj\u00f8nnsspekteret.<\/p>\n<h3><strong>Allsidig bruk<\/strong><\/h3>\n<p>Agender-flagget er perfekt for \u00e5 feire kj\u00f8nnsmangfold, til sammenkomster i lokalsamfunnet, kulturelle arrangementer eller som et pedagogisk verkt\u00f8y, og passer til alle anledninger. Den slitesterke designen og de blekningsbestandige fargene s\u00f8rger for at flagget beholder sin betydning og visuelle effekt over tid.<\/p>","protected":false},"excerpt":{"rendered":"<p>150 x 90 cm stort flagg med 2 solide metallgjennomf\u00f8ringer for sikker opphengning.<\/p>","protected":false},"featured_media":957,"comment_status":"open","ping_status":"closed","template":"","meta":{"_gspb_post_css":"","iawp_total_views":8},"product_brand":[],"product_cat":[57],"product_tag":[],"class_list":{"0":"post-2331","1":"product","2":"type-product","3":"status-publish","4":"has-post-thumbnail","6":"product_cat-lgbt-flags","8":"first","9":"instock","10":"sale","11":"shipping-taxable","12":"purchasable","13":"product-type-simple"},"_links":{"self":[{"href":"https:\/\/cosmoflag.com\/nb\/wp-json\/wp\/v2\/product\/2331","targetHints":{"allow":["GET"]}}],"collection":[{"href":"https:\/\/cosmoflag.com\/nb\/wp-json\/wp\/v2\/product"}],"about":[{"href":"https:\/\/cosmoflag.com\/nb\/wp-json\/wp\/v2\/types\/product"}],"replies":[{"embeddable":true,"href":"https:\/\/cosmoflag.com\/nb\/wp-json\/wp\/v2\/comments?post=2331"}],"wp:featuredmedia":[{"embeddable":true,"href":"https:\/\/cosmoflag.com\/nb\/wp-json\/wp\/v2\/media\/957"}],"wp:attachment":[{"href":"https:\/\/cosmoflag.com\/nb\/wp-json\/wp\/v2\/media?parent=2331"}],"wp:term":[{"taxonomy":"product_brand","embeddable":true,"href":"https:\/\/cosmoflag.com\/nb\/wp-json\/wp\/v2\/product_brand?post=2331"},{"taxonomy":"product_cat","embeddable":true,"href":"https:\/\/cosmoflag.com\/nb\/wp-json\/wp\/v2\/product_cat?post=2331"},{"taxonomy":"product_tag","embeddable":true,"href":"https:\/\/cosmoflag.com\/nb\/wp-json\/wp\/v2\/product_tag?post=2331"}],"curies":[{"name":"wp","href":"https:\/\/api.w.org\/{rel}","templated":true}]}}