{"id":2330,"date":"2024-12-12T23:02:00","date_gmt":"2024-12-12T21:02:00","guid":{"rendered":"https:\/\/cosmoflag.com\/?post_type=product&#038;p=2330"},"modified":"2025-08-12T21:23:42","modified_gmt":"2025-08-12T19:23:42","slug":"polyamori-flagg","status":"publish","type":"product","link":"https:\/\/cosmoflag.com\/nb\/produkt\/polyamori-flagg\/","title":{"rendered":"Polyamory-flagg"},"content":{"rendered":"<h3>Polyamory flaggfunksjoner<\/h3>\n<p>V\u00e5rt polyamory-flagg er laget av polyester av h\u00f8y kvalitet, noe som gj\u00f8r det ideelt for langvarig bruk, enten det er innend\u00f8rs eller utend\u00f8rs. Det har metallgjennomf\u00f8ringer for enkel montering og garantert hold, selv under ugunstige v\u00e6rforhold. Flagget v\u00e5rt er tilgjengelig i 90 x 150 cm\/35 59 tommer for maksimal synlighet, og oppfyller en rekke ulike behov, enten du vil vise det p\u00e5 en stang eller en vegg.<\/p>\n<h3>Et nasjonalt symbol gjennomsyret av historie<\/h3>\n<p>Flagget har tre horisontale striper i bl\u00e5tt, r\u00f8dt og svart, med et gult \u03c0-symbol i midten av den r\u00f8de stripen. Det bl\u00e5 symboliserer \u00e5penhet og \u00e6rlighet i dynamikken i polyamor\u00f8se forhold, det r\u00f8de symboliserer kj\u00e6rlighet og lidenskap, og det svarte representerer solidaritet med dem som m\u00e5 skjule sine polyamor\u00f8se forhold p\u00e5 grunn av sosialt press. \u03c0-symbolet er den f\u00f8rste bokstaven i ordet \"polyamori\" og representerer de uendelige mulighetene i kj\u00e6rlighetsforhold.<\/p>\n<h3>Allsidig bruk<\/h3>\n<p>Dette flagget passer perfekt til pride-feiringer, sammenkomster i lokalsamfunnet, ikke-monogamikonferanser eller som et verkt\u00f8y for oppl\u00e6ring i polyamori. Med sin robuste design og blekningsbestandige farger representerer det stolt den polyamor\u00f8se bevegelsen.<\/p>","protected":false},"excerpt":{"rendered":"<p>150 x 90 cm stort flagg med 2 solide metallgjennomf\u00f8ringer for sikker opphengning.<\/p>","protected":false},"featured_media":1328,"comment_status":"open","ping_status":"closed","template":"","meta":{"_gspb_post_css":"","iawp_total_views":25},"product_brand":[],"product_cat":[57],"product_tag":[],"class_list":{"0":"post-2330","1":"product","2":"type-product","3":"status-publish","4":"has-post-thumbnail","6":"product_cat-lgbt-flags","8":"first","9":"instock","10":"sale","11":"shipping-taxable","12":"purchasable","13":"product-type-simple"},"_links":{"self":[{"href":"https:\/\/cosmoflag.com\/nb\/wp-json\/wp\/v2\/product\/2330","targetHints":{"allow":["GET"]}}],"collection":[{"href":"https:\/\/cosmoflag.com\/nb\/wp-json\/wp\/v2\/product"}],"about":[{"href":"https:\/\/cosmoflag.com\/nb\/wp-json\/wp\/v2\/types\/product"}],"replies":[{"embeddable":true,"href":"https:\/\/cosmoflag.com\/nb\/wp-json\/wp\/v2\/comments?post=2330"}],"wp:featuredmedia":[{"embeddable":true,"href":"https:\/\/cosmoflag.com\/nb\/wp-json\/wp\/v2\/media\/1328"}],"wp:attachment":[{"href":"https:\/\/cosmoflag.com\/nb\/wp-json\/wp\/v2\/media?parent=2330"}],"wp:term":[{"taxonomy":"product_brand","embeddable":true,"href":"https:\/\/cosmoflag.com\/nb\/wp-json\/wp\/v2\/product_brand?post=2330"},{"taxonomy":"product_cat","embeddable":true,"href":"https:\/\/cosmoflag.com\/nb\/wp-json\/wp\/v2\/product_cat?post=2330"},{"taxonomy":"product_tag","embeddable":true,"href":"https:\/\/cosmoflag.com\/nb\/wp-json\/wp\/v2\/product_tag?post=2330"}],"curies":[{"name":"wp","href":"https:\/\/api.w.org\/{rel}","templated":true}]}}