{"id":2328,"date":"2024-12-12T22:59:00","date_gmt":"2024-12-12T20:59:00","guid":{"rendered":"https:\/\/cosmoflag.com\/?post_type=product&#038;p=2328"},"modified":"2025-08-12T21:23:42","modified_gmt":"2025-08-12T19:23:42","slug":"ikke-binaert-flagg","status":"publish","type":"product","link":"https:\/\/cosmoflag.com\/nb\/produkt\/ikke-binaert-flagg\/","title":{"rendered":"Ikke-bin\u00e6rt flagg"},"content":{"rendered":"<h3>Ikke-bin\u00e6re flaggfunksjoner<\/h3>\n<p>V\u00e5rt ikke-bin\u00e6re flagg er laget av polyester av h\u00f8y kvalitet, noe som gj\u00f8r det ideelt for langvarig bruk, enten det er innend\u00f8rs eller utend\u00f8rs. Det har metallgjennomf\u00f8ringer for enkel montering og garantert hold, selv under ugunstige v\u00e6rforhold. Flagget v\u00e5rt er tilgjengelig i 90 x 150 cm for maksimal synlighet, og oppfyller en rekke ulike behov, enten du vil vise det p\u00e5 en stang eller en vegg.<\/p>\n<h3>Et nasjonalt symbol gjennomsyret av historie<\/h3>\n<p>Det ikke-bin\u00e6re flagget har fire horisontale striper i gult, hvitt, lilla og svart. Gult st\u00e5r for personer som har et kj\u00f8nn utenfor binariteten mann\/kvinne, hvitt for personer med flere identiteter, lilla for personer med blandede identiteter og svart for personer uten kj\u00f8nn.<\/p>\n<h3>Allsidig bruk<\/h3>\n<p>Det ikke-bin\u00e6re flagget passer til alle anledninger, enten det er til pride-arrangementer, sammenkomster i lokalsamfunnet, kulturelle arrangementer eller som et middel til \u00e5 informere om kj\u00f8nnsmangfold. Flagget er robust og har farger som ikke falmer, slik at det beholder sin visuelle effekt over tid.<\/p>","protected":false},"excerpt":{"rendered":"<p>150 x 90 cm stort flagg med 2 solide metallgjennomf\u00f8ringer for sikker opphengning.<\/p>","protected":false},"featured_media":1294,"comment_status":"open","ping_status":"closed","template":"","meta":{"_gspb_post_css":"","iawp_total_views":25},"product_brand":[],"product_cat":[57],"product_tag":[],"class_list":{"0":"post-2328","1":"product","2":"type-product","3":"status-publish","4":"has-post-thumbnail","6":"product_cat-lgbt-flags","8":"first","9":"instock","10":"sale","11":"shipping-taxable","12":"purchasable","13":"product-type-simple"},"_links":{"self":[{"href":"https:\/\/cosmoflag.com\/nb\/wp-json\/wp\/v2\/product\/2328","targetHints":{"allow":["GET"]}}],"collection":[{"href":"https:\/\/cosmoflag.com\/nb\/wp-json\/wp\/v2\/product"}],"about":[{"href":"https:\/\/cosmoflag.com\/nb\/wp-json\/wp\/v2\/types\/product"}],"replies":[{"embeddable":true,"href":"https:\/\/cosmoflag.com\/nb\/wp-json\/wp\/v2\/comments?post=2328"}],"wp:featuredmedia":[{"embeddable":true,"href":"https:\/\/cosmoflag.com\/nb\/wp-json\/wp\/v2\/media\/1294"}],"wp:attachment":[{"href":"https:\/\/cosmoflag.com\/nb\/wp-json\/wp\/v2\/media?parent=2328"}],"wp:term":[{"taxonomy":"product_brand","embeddable":true,"href":"https:\/\/cosmoflag.com\/nb\/wp-json\/wp\/v2\/product_brand?post=2328"},{"taxonomy":"product_cat","embeddable":true,"href":"https:\/\/cosmoflag.com\/nb\/wp-json\/wp\/v2\/product_cat?post=2328"},{"taxonomy":"product_tag","embeddable":true,"href":"https:\/\/cosmoflag.com\/nb\/wp-json\/wp\/v2\/product_tag?post=2328"}],"curies":[{"name":"wp","href":"https:\/\/api.w.org\/{rel}","templated":true}]}}