{"id":2327,"date":"2024-12-12T22:50:00","date_gmt":"2024-12-12T20:50:00","guid":{"rendered":"https:\/\/cosmoflag.com\/?post_type=product&#038;p=2327"},"modified":"2025-08-12T21:23:42","modified_gmt":"2025-08-12T19:23:42","slug":"homofilt-kanadaflagg","status":"publish","type":"product","link":"https:\/\/cosmoflag.com\/nb\/produkt\/homofilt-kanadaflagg\/","title":{"rendered":"Gay Canada Flag"},"content":{"rendered":"<h3>Gay Canada Flagg funksjoner<\/h3>\n<p>V\u00e5rt kanadiske gay pride-flagg er laget av polyester av h\u00f8y kvalitet, noe som gj\u00f8r det ideelt for langvarig bruk, b\u00e5de innend\u00f8rs og utend\u00f8rs. Det har metallgjennomf\u00f8ringer for enkel montering og garantert hold, selv under ugunstige v\u00e6rforhold. Flagget v\u00e5rt er tilgjengelig i 90 x 150 cm for maksimal synlighet, og oppfyller en rekke ulike behov, enten du vil vise det p\u00e5 en stang eller en vegg.<\/p>\n<h3>Et symbol gjennomsyret av historie<\/h3>\n<p>Flagget kombinerer elementer av homofil stolthet med ikoniske kanadiske symboler. Det inneholder regnbuens farger, det universelle symbolet p\u00e5 LHBTQ+-samfunnet, med Canadas r\u00f8de l\u00f8nneblad i midten, for \u00e5 feire inkludering og mangfold i den kanadiske kulturen.<\/p>\n<h3>Allsidig bruk<\/h3>\n<p>Det kanadiske Gay Pride-flagget er ideelt for Pride-festivaler, parader, sammenkomster i lokalsamfunnet eller som en st\u00f8ttende utstilling, og er et must for alle som feirer seksuelt mangfold og ytringsfrihet i Canada. Med sin slitesterke konstruksjon og livlige farger er flagget designet for \u00e5 ha en sterk, vedvarende visuell effekt.<\/p>","protected":false},"excerpt":{"rendered":"<p>150 x 90 cm stort flagg med 2 solide metallgjennomf\u00f8ringer for sikker opphengning.<\/p>","protected":false},"featured_media":1117,"comment_status":"open","ping_status":"closed","template":"","meta":{"_gspb_post_css":"","iawp_total_views":2},"product_brand":[],"product_cat":[57],"product_tag":[],"class_list":{"0":"post-2327","1":"product","2":"type-product","3":"status-publish","4":"has-post-thumbnail","6":"product_cat-lgbt-flags","8":"first","9":"instock","10":"sale","11":"shipping-taxable","12":"purchasable","13":"product-type-simple"},"_links":{"self":[{"href":"https:\/\/cosmoflag.com\/nb\/wp-json\/wp\/v2\/product\/2327","targetHints":{"allow":["GET"]}}],"collection":[{"href":"https:\/\/cosmoflag.com\/nb\/wp-json\/wp\/v2\/product"}],"about":[{"href":"https:\/\/cosmoflag.com\/nb\/wp-json\/wp\/v2\/types\/product"}],"replies":[{"embeddable":true,"href":"https:\/\/cosmoflag.com\/nb\/wp-json\/wp\/v2\/comments?post=2327"}],"wp:featuredmedia":[{"embeddable":true,"href":"https:\/\/cosmoflag.com\/nb\/wp-json\/wp\/v2\/media\/1117"}],"wp:attachment":[{"href":"https:\/\/cosmoflag.com\/nb\/wp-json\/wp\/v2\/media?parent=2327"}],"wp:term":[{"taxonomy":"product_brand","embeddable":true,"href":"https:\/\/cosmoflag.com\/nb\/wp-json\/wp\/v2\/product_brand?post=2327"},{"taxonomy":"product_cat","embeddable":true,"href":"https:\/\/cosmoflag.com\/nb\/wp-json\/wp\/v2\/product_cat?post=2327"},{"taxonomy":"product_tag","embeddable":true,"href":"https:\/\/cosmoflag.com\/nb\/wp-json\/wp\/v2\/product_tag?post=2327"}],"curies":[{"name":"wp","href":"https:\/\/api.w.org\/{rel}","templated":true}]}}